{"id":99,"date":"2014-01-01T11:13:26","date_gmt":"2014-01-01T09:13:26","guid":{"rendered":"http:\/\/rkropisto.oikosulku.net\/?page_id=99"},"modified":"2025-05-07T10:24:12","modified_gmt":"2025-05-07T07:24:12","slug":"oppilaitos","status":"publish","type":"page","link":"https:\/\/www.jamsanopisto.fi\/sv\/jamsan-opisto\/oppilaitos\/","title":{"rendered":"Oppilaitos"},"content":{"rendered":"<div data-elementor-type=\"wp-page\" data-elementor-id=\"99\" class=\"elementor elementor-99\" data-elementor-post-type=\"page\">\n\t\t\t\t\t\t<section class=\"elementor-section elementor-top-section elementor-element elementor-element-4844d894 elementor-section-boxed elementor-section-height-default elementor-section-height-default\" data-id=\"4844d894\" data-element_type=\"section\">\n\t\t\t\t\t\t<div class=\"elementor-container elementor-column-gap-default\">\n\t\t\t\t\t<div class=\"elementor-column elementor-col-100 elementor-top-column elementor-element elementor-element-4f66ac51\" data-id=\"4f66ac51\" data-element_type=\"column\">\n\t\t\t<div class=\"elementor-widget-wrap elementor-element-populated\">\n\t\t\t\t\t\t<div class=\"elementor-element elementor-element-37d4ef0e elementor-widget elementor-widget-text-editor\" data-id=\"37d4ef0e\" data-element_type=\"widget\" data-widget_type=\"text-editor.default\">\n\t\t\t\t<div class=\"elementor-widget-container\">\n\t\t\t<style>\/*! elementor - v3.23.0 - 05-08-2024 *\/\n.elementor-widget-text-editor.elementor-drop-cap-view-stacked .elementor-drop-cap{background-color:#69727d;color:#fff}.elementor-widget-text-editor.elementor-drop-cap-view-framed .elementor-drop-cap{color:#69727d;border:3px solid;background-color:transparent}.elementor-widget-text-editor:not(.elementor-drop-cap-view-default) .elementor-drop-cap{margin-top:8px}.elementor-widget-text-editor:not(.elementor-drop-cap-view-default) .elementor-drop-cap-letter{width:1em;height:1em}.elementor-widget-text-editor .elementor-drop-cap{float:left;text-align:center;line-height:1;font-size:50px}.elementor-widget-text-editor .elementor-drop-cap-letter{display:inline-block}<\/style>\t\t\t\t<p><a href=\"https:\/\/www.jamsanopisto.fi\/wp-content\/uploads\/2022\/08\/metsa.jpg\"><img fetchpriority=\"high\" decoding=\"async\" class=\"alignnone wp-image-4381\" src=\"https:\/\/www.jamsanopisto.fi\/wp-content\/uploads\/2022\/08\/metsa.jpg\" alt=\"mets\u00e4\" width=\"725\" height=\"484\" \/><\/a><\/p><p>J\u00e4ms\u00e4n Kr. Kansanopisto antaa <b>yleissivist\u00e4v\u00e4\u00e4 koulutusta<\/b> nuorille ja aikuisille.<br \/>Opiston <b>perusteht\u00e4v\u00e4<\/b> on kristillisten perusarvojen pohjalta nouseva el\u00e4m\u00e4nhallinnan vahvistaminen ja henkisen kasvun tukeminen. Koulutuksen <b>painopistealueita<\/b> ovat yleissivist\u00e4v\u00e4t ja yhteiskunnalliset aineet sek\u00e4 musiikki ja kansainv\u00e4lisyys.<\/p><p>Lukuvuoden mittainen <b>perusoppijakso<\/b>\u00a0jakaantuu oppivelvollisille tarkoitettuihin maksuttomiin Opistovuosi-koulutuksiin ja ei-oppivelvollisille tarkoitettuun maksulliseen Kansainv\u00e4lisyyslinjaan.\u00a0 Viikonloppuisin j\u00e4rjestett\u00e4v\u00e4t <a href=\"http:\/\/lyhytkurssille.fi\" target=\"_blank\" rel=\"noopener\"><b>lyhytkurssit<\/b><\/a> ovat avoimia kaikille kiinnostuneille.<\/p><p>Opiston koulutus perustuu vanhoillislestadiolaisen her\u00e4tysliikkeen kristillisiin arvoihin. Koulutuksessa painottuvat arvokasvatus, omaehtoinen oppiminen, vastuullisuus, yhteis\u00f6llisyys ja osallisuus. Uskontokasvatus ja -opetus pohjaavat Raamattuun ja evankelisluterilaisen kirkon tunnustukseen. Opisto j\u00e4rjest\u00e4\u00e4 lis\u00e4ksi taustayhteis\u00f6ns\u00e4 tarpeisiin perustuvaa koulutusta.<\/p><p>Opiston vuosikertomukseen voi tutustua t\u00e4st\u00e4 <a href=\"https:\/\/www.jamsanopisto.fi\/wp-content\/uploads\/2025\/05\/Vuosikertomus2025_JKRO_print.pdf\">Vuosikertomus2025_JKRO_print<\/a><\/p>\t\t\t\t\t\t<\/div>\n\t\t\t\t<\/div>\n\t\t\t\t\t<\/div>\n\t\t<\/div>\n\t\t\t\t\t<\/div>\n\t\t<\/section>\n\t\t\t\t<\/div>","protected":false},"excerpt":{"rendered":"<p>J\u00e4ms\u00e4n Kr. Kansanopisto antaa yleissivist\u00e4v\u00e4\u00e4 koulutusta nuorille ja aikuisille.Opiston perusteht\u00e4v\u00e4 on kristillisten perusarvojen pohjalta nouseva el\u00e4m\u00e4nhallinnan vahvistaminen ja henkisen kasvun tukeminen. Koulutuksen painopistealueita ovat yleissivist\u00e4v\u00e4t ja yhteiskunnalliset aineet sek\u00e4 musiikki ja kansainv\u00e4lisyys. Lukuvuoden mittainen perusoppijakso\u00a0jakaantuu oppivelvollisille tarkoitettuihin maksuttomiin Opistovuosi-koulutuksiin ja ei-oppivelvollisille tarkoitettuun maksulliseen Kansainv\u00e4lisyyslinjaan.\u00a0 Viikonloppuisin j\u00e4rjestett\u00e4v\u00e4t lyhytkurssit ovat avoimia kaikille kiinnostuneille. Opiston koulutus perustuu vanhoillislestadiolaisen [&hellip;]<\/p>\n","protected":false},"author":1,"featured_media":8493,"parent":68,"menu_order":10,"comment_status":"closed","ping_status":"closed","template":"","meta":{"footnotes":""},"class_list":["post-99","page","type-page","status-publish","has-post-thumbnail","hentry"],"_links":{"self":[{"href":"https:\/\/www.jamsanopisto.fi\/sv\/wp-json\/wp\/v2\/pages\/99","targetHints":{"allow":["GET"]}}],"collection":[{"href":"https:\/\/www.jamsanopisto.fi\/sv\/wp-json\/wp\/v2\/pages"}],"about":[{"href":"https:\/\/www.jamsanopisto.fi\/sv\/wp-json\/wp\/v2\/types\/page"}],"author":[{"embeddable":true,"href":"https:\/\/www.jamsanopisto.fi\/sv\/wp-json\/wp\/v2\/users\/1"}],"replies":[{"embeddable":true,"href":"https:\/\/www.jamsanopisto.fi\/sv\/wp-json\/wp\/v2\/comments?post=99"}],"version-history":[{"count":0,"href":"https:\/\/www.jamsanopisto.fi\/sv\/wp-json\/wp\/v2\/pages\/99\/revisions"}],"up":[{"embeddable":true,"href":"https:\/\/www.jamsanopisto.fi\/sv\/wp-json\/wp\/v2\/pages\/68"}],"wp:featuredmedia":[{"embeddable":true,"href":"https:\/\/www.jamsanopisto.fi\/sv\/wp-json\/wp\/v2\/media\/8493"}],"wp:attachment":[{"href":"https:\/\/www.jamsanopisto.fi\/sv\/wp-json\/wp\/v2\/media?parent=99"}],"curies":[{"name":"wp","href":"https:\/\/api.w.org\/{rel}","templated":true}]}}