{"id":9636,"date":"2022-12-21T12:26:20","date_gmt":"2022-12-21T10:26:20","guid":{"rendered":"https:\/\/www.jamsanopisto.fi\/?page_id=9636"},"modified":"2023-10-02T16:11:51","modified_gmt":"2023-10-02T13:11:51","slug":"ohjeet-kurssiviikonloppua-varten","status":"publish","type":"page","link":"https:\/\/www.jamsanopisto.fi\/sv\/ohjeet-kurssiviikonloppua-varten\/","title":{"rendered":"Ohjeet kurssiviikonloppua varten"},"content":{"rendered":"\t\t<div data-elementor-type=\"wp-page\" data-elementor-id=\"9636\" class=\"elementor elementor-9636\" data-elementor-post-type=\"page\">\n\t\t\t\t\t\t<section class=\"elementor-section elementor-top-section elementor-element elementor-element-104ca23 elementor-section-boxed elementor-section-height-default elementor-section-height-default\" data-id=\"104ca23\" data-element_type=\"section\">\n\t\t\t\t\t\t<div class=\"elementor-container elementor-column-gap-default\">\n\t\t\t\t\t<div class=\"elementor-column elementor-col-100 elementor-top-column elementor-element elementor-element-8a3233a\" data-id=\"8a3233a\" data-element_type=\"column\">\n\t\t\t<div class=\"elementor-widget-wrap elementor-element-populated\">\n\t\t\t\t\t\t<div class=\"elementor-element elementor-element-828ede0 elementor-widget elementor-widget-text-editor\" data-id=\"828ede0\" data-element_type=\"widget\" data-widget_type=\"text-editor.default\">\n\t\t\t\t<div class=\"elementor-widget-container\">\n\t\t\t<style>\/*! elementor - v3.23.0 - 05-08-2024 *\/\n.elementor-widget-text-editor.elementor-drop-cap-view-stacked .elementor-drop-cap{background-color:#69727d;color:#fff}.elementor-widget-text-editor.elementor-drop-cap-view-framed .elementor-drop-cap{color:#69727d;border:3px solid;background-color:transparent}.elementor-widget-text-editor:not(.elementor-drop-cap-view-default) .elementor-drop-cap{margin-top:8px}.elementor-widget-text-editor:not(.elementor-drop-cap-view-default) .elementor-drop-cap-letter{width:1em;height:1em}.elementor-widget-text-editor .elementor-drop-cap{float:left;text-align:center;line-height:1;font-size:50px}.elementor-widget-text-editor .elementor-drop-cap-letter{display:inline-block}<\/style>\t\t\t\t<p><a href=\"https:\/\/www.jamsanopisto.fi\/wp-content\/uploads\/2023\/10\/Lyhytkurssin-suunnitteluohje.pdf\">Lyhytkurssin suunnitteluohje<\/a><\/p><p><a href=\"https:\/\/www.jamsanopisto.fi\/wp-content\/uploads\/2023\/01\/Roolit-ja-vastuut-lyhytkurssilla-2.pdf\">Roolit ja vastuut lyhytkurssilla<\/a><\/p><p><a href=\"https:\/\/www.jamsanopisto.fi\/wp-content\/uploads\/2023\/01\/Teknisia-ohjeita-kurssipaivystajalle-1.pdf\">Teknisi\u00e4 ohjeita kurssip\u00e4ivyst\u00e4j\u00e4lle<\/a><\/p><p><a href=\"https:\/\/www.jamsanopisto.fi\/wp-content\/uploads\/2023\/01\/Varautumis-ja-pelastussuunnitelma.pdf\">Varautumis- ja pelastussuunnitelma<\/a><\/p>\t\t\t\t\t\t<\/div>\n\t\t\t\t<\/div>\n\t\t\t\t\t<\/div>\n\t\t<\/div>\n\t\t\t\t\t<\/div>\n\t\t<\/section>\n\t\t\t\t<section class=\"elementor-section elementor-top-section elementor-element elementor-element-cff47a2 elementor-section-boxed elementor-section-height-default elementor-section-height-default\" data-id=\"cff47a2\" data-element_type=\"section\">\n\t\t\t\t\t\t<div class=\"elementor-container elementor-column-gap-default\">\n\t\t\t\t\t<div class=\"elementor-column elementor-col-100 elementor-top-column elementor-element elementor-element-c6c8851\" data-id=\"c6c8851\" data-element_type=\"column\">\n\t\t\t<div class=\"elementor-widget-wrap elementor-element-populated\">\n\t\t\t\t\t\t<div class=\"elementor-element elementor-element-2bd7275 elementor-widget elementor-widget-image\" data-id=\"2bd7275\" data-element_type=\"widget\" data-widget_type=\"image.default\">\n\t\t\t\t<div class=\"elementor-widget-container\">\n\t\t\t<style>\/*! elementor - v3.23.0 - 05-08-2024 *\/\n.elementor-widget-image{text-align:center}.elementor-widget-image a{display:inline-block}.elementor-widget-image a img[src$=\".svg\"]{width:48px}.elementor-widget-image img{vertical-align:middle;display:inline-block}<\/style>\t\t\t\t\t\t\t\t\t\t\t<a href=\"https:\/\/www.jamsanopisto.fi\/wp-content\/uploads\/2022\/10\/JKRO-opastetaulu10_22.jpg\" data-elementor-open-lightbox=\"yes\" data-elementor-lightbox-title=\"JKRO-opastetaulu10_22\" data-e-action-hash=\"#elementor-action%3Aaction%3Dlightbox%26settings%3DeyJpZCI6OTQ3OSwidXJsIjoiaHR0cHM6XC9cL3d3dy5qYW1zYW5vcGlzdG8uZmlcL3dwLWNvbnRlbnRcL3VwbG9hZHNcLzIwMjJcLzEwXC9KS1JPLW9wYXN0ZXRhdWx1MTBfMjIuanBnIn0%3D\">\n\t\t\t\t\t\t\t<img fetchpriority=\"high\" decoding=\"async\" width=\"768\" height=\"1344\" src=\"https:\/\/www.jamsanopisto.fi\/wp-content\/uploads\/2022\/10\/JKRO-opastetaulu10_22.jpg\" class=\"attachment-medium_large size-medium_large wp-image-9479\" alt=\"\" \/>\t\t\t\t\t\t\t\t<\/a>\n\t\t\t\t\t\t\t\t\t\t\t\t\t<\/div>\n\t\t\t\t<\/div>\n\t\t\t\t\t<\/div>\n\t\t<\/div>\n\t\t\t\t\t<\/div>\n\t\t<\/section>\n\t\t\t\t<\/div>\n\t\t","protected":false},"excerpt":{"rendered":"<p>Lyhytkurssin suunnitteluohje Roolit ja vastuut lyhytkurssilla Teknisi\u00e4 ohjeita kurssip\u00e4ivyst\u00e4j\u00e4lle Varautumis- ja pelastussuunnitelma<\/p>","protected":false},"author":4,"featured_media":0,"parent":0,"menu_order":0,"comment_status":"closed","ping_status":"closed","template":"","meta":{"footnotes":""},"class_list":["post-9636","page","type-page","status-publish","hentry"],"_links":{"self":[{"href":"https:\/\/www.jamsanopisto.fi\/sv\/wp-json\/wp\/v2\/pages\/9636","targetHints":{"allow":["GET"]}}],"collection":[{"href":"https:\/\/www.jamsanopisto.fi\/sv\/wp-json\/wp\/v2\/pages"}],"about":[{"href":"https:\/\/www.jamsanopisto.fi\/sv\/wp-json\/wp\/v2\/types\/page"}],"author":[{"embeddable":true,"href":"https:\/\/www.jamsanopisto.fi\/sv\/wp-json\/wp\/v2\/users\/4"}],"replies":[{"embeddable":true,"href":"https:\/\/www.jamsanopisto.fi\/sv\/wp-json\/wp\/v2\/comments?post=9636"}],"version-history":[{"count":0,"href":"https:\/\/www.jamsanopisto.fi\/sv\/wp-json\/wp\/v2\/pages\/9636\/revisions"}],"wp:attachment":[{"href":"https:\/\/www.jamsanopisto.fi\/sv\/wp-json\/wp\/v2\/media?parent=9636"}],"curies":[{"name":"wp","href":"https:\/\/api.w.org\/{rel}","templated":true}]}}