{"id":8253,"date":"2014-01-01T11:14:07","date_gmt":"2014-01-01T09:14:07","guid":{"rendered":"http:\/\/rkropisto.oikosulku.net\/?page_id=103"},"modified":"2022-09-08T13:45:34","modified_gmt":"2022-09-08T10:45:34","slug":"toimitilat","status":"publish","type":"page","link":"https:\/\/www.jamsanopisto.fi\/sv\/jamsan-opisto\/toimitilat\/","title":{"rendered":"Toimitilat"},"content":{"rendered":"<div data-elementor-type=\"wp-page\" data-elementor-id=\"8253\" class=\"elementor elementor-8253\" data-elementor-post-type=\"page\">\n\t\t\t\t\t\t<section class=\"elementor-section elementor-top-section elementor-element elementor-element-4105bc9c elementor-section-boxed elementor-section-height-default elementor-section-height-default\" data-id=\"4105bc9c\" data-element_type=\"section\">\n\t\t\t\t\t\t<div class=\"elementor-container elementor-column-gap-default\">\n\t\t\t\t\t<div class=\"elementor-column elementor-col-100 elementor-top-column elementor-element elementor-element-14d43484\" data-id=\"14d43484\" data-element_type=\"column\">\n\t\t\t<div class=\"elementor-widget-wrap elementor-element-populated\">\n\t\t\t\t\t\t<div class=\"elementor-element elementor-element-41a375b8 elementor-widget elementor-widget-text-editor\" data-id=\"41a375b8\" data-element_type=\"widget\" data-widget_type=\"text-editor.default\">\n\t\t\t\t<div class=\"elementor-widget-container\">\n\t\t\t<style>\/*! elementor - v3.23.0 - 05-08-2024 *\/\n.elementor-widget-text-editor.elementor-drop-cap-view-stacked .elementor-drop-cap{background-color:#69727d;color:#fff}.elementor-widget-text-editor.elementor-drop-cap-view-framed .elementor-drop-cap{color:#69727d;border:3px solid;background-color:transparent}.elementor-widget-text-editor:not(.elementor-drop-cap-view-default) .elementor-drop-cap{margin-top:8px}.elementor-widget-text-editor:not(.elementor-drop-cap-view-default) .elementor-drop-cap-letter{width:1em;height:1em}.elementor-widget-text-editor .elementor-drop-cap{float:left;text-align:center;line-height:1;font-size:50px}.elementor-widget-text-editor .elementor-drop-cap-letter{display:inline-block}<\/style>\t\t\t\t<a href=\"http:\/\/www.jamsanopisto.fi\/wp-content\/uploads\/2010\/01\/profiilikuva_julkisivu.jpg\"><img decoding=\"async\" class=\"size-medium wp-image-4087 aligncenter\" src=\"http:\/\/www.jamsanopisto.fi\/wp-content\/uploads\/2010\/01\/profiilikuva_julkisivu.jpg\" alt=\"profiilikuva_julkisivu\" width=\"310\" height=\"116\" \/><\/a>\n\nJ\u00e4ms\u00e4n Kr. Kansanopisto on arkkitehtonisesti upea kokonaisuus. Rakennuksessa on yhdistetty vuonna 1939 rakennettua vanhaa puolta ja 2000-luvun taitteessa rakennettu uudisrakennus. Rakennusty\u00f6st\u00e4 k\u00e4ytiin tuolloin arkkitehtikilpailu, jonka voitti arkkitehtuuritoimisto <b>Juha Klemetti<\/b> ja<b> Jussi R\u00e4ty<\/b> ehdotuksellaan \u201d<b>Dialogi<\/b>\u201d. Opiston vanhan osan katto uusittiin kes\u00e4ll\u00e4 2016.\n\nKiinteist\u00f6n l\u00e4mpimien tilojen kerrosala on noin 5200 m2. Tilat sis\u00e4lt\u00e4v\u00e4t juhla- ja\/tai liikuntasalin, 140-paikkaisen ruokasalin, luokat, hallintotilat, vierashuoneet, saunatilat, takkahuoneen, tekniset tilat, laitoskeitti\u00f6n varastoineen sek\u00e4 kotitalous-, kudonta- ja ompeluluokat.\n\nOppilasasuntolasoluja on yhteens\u00e4 17, joista 9 on p\u00e4\u00e4rakennuksen yhteydess\u00e4. Vuodepaikkoja on yhteens\u00e4 158.\n\n<a href=\"http:\/\/www.jamsanopisto.fi\/wp-content\/uploads\/2010\/01\/parveke.jpg\"><img fetchpriority=\"high\" decoding=\"async\" class=\"alignnone size-medium wp-image-4089 aligncenter\" src=\"http:\/\/www.jamsanopisto.fi\/wp-content\/uploads\/2010\/01\/parveke.jpg\" alt=\"parveke\" width=\"310\" height=\"232\" \/><\/a>\n\nUusi opiskelija-asuntola valmistui kev\u00e4\u00e4ll\u00e4 2018<img decoding=\"async\" class=\"size-medium wp-image-6472 aligncenter\" src=\"https:\/\/www.jamsanopisto.fi\/wp-content\/uploads\/2018\/08\/IMG_5018.jpg\" alt=\"\" width=\"310\" height=\"233\" \/>\t\t\t\t\t\t<\/div>\n\t\t\t\t<\/div>\n\t\t\t\t\t<\/div>\n\t\t<\/div>\n\t\t\t\t\t<\/div>\n\t\t<\/section>\n\t\t\t\t<\/div>","protected":false},"excerpt":{"rendered":"<p>J\u00e4ms\u00e4n Kr. Kansanopisto on arkkitehtonisesti upea kokonaisuus. Rakennuksessa on yhdistetty vuonna 1939 rakennettua vanhaa puolta ja 2000-luvun taitteessa rakennettu uudisrakennus. Rakennusty\u00f6st\u00e4 k\u00e4ytiin tuolloin arkkitehtikilpailu, jonka voitti arkkitehtuuritoimisto Juha Klemetti ja Jussi R\u00e4ty ehdotuksellaan \u201dDialogi\u201d. Opiston vanhan osan katto uusittiin kes\u00e4ll\u00e4 2016. Kiinteist\u00f6n l\u00e4mpimien tilojen kerrosala on noin 5200 m2. Tilat sis\u00e4lt\u00e4v\u00e4t juhla- ja\/tai liikuntasalin, 140-paikkaisen [&hellip;]<\/p>\n","protected":false},"author":1,"featured_media":0,"parent":68,"menu_order":7,"comment_status":"closed","ping_status":"closed","template":"","meta":{"footnotes":""},"class_list":["post-8253","page","type-page","status-publish","hentry"],"_links":{"self":[{"href":"https:\/\/www.jamsanopisto.fi\/sv\/wp-json\/wp\/v2\/pages\/8253","targetHints":{"allow":["GET"]}}],"collection":[{"href":"https:\/\/www.jamsanopisto.fi\/sv\/wp-json\/wp\/v2\/pages"}],"about":[{"href":"https:\/\/www.jamsanopisto.fi\/sv\/wp-json\/wp\/v2\/types\/page"}],"author":[{"embeddable":true,"href":"https:\/\/www.jamsanopisto.fi\/sv\/wp-json\/wp\/v2\/users\/1"}],"replies":[{"embeddable":true,"href":"https:\/\/www.jamsanopisto.fi\/sv\/wp-json\/wp\/v2\/comments?post=8253"}],"version-history":[{"count":0,"href":"https:\/\/www.jamsanopisto.fi\/sv\/wp-json\/wp\/v2\/pages\/8253\/revisions"}],"up":[{"embeddable":true,"href":"https:\/\/www.jamsanopisto.fi\/sv\/wp-json\/wp\/v2\/pages\/68"}],"wp:attachment":[{"href":"https:\/\/www.jamsanopisto.fi\/sv\/wp-json\/wp\/v2\/media?parent=8253"}],"curies":[{"name":"wp","href":"https:\/\/api.w.org\/{rel}","templated":true}]}}