{"id":7585,"date":"2021-02-05T16:50:26","date_gmt":"2021-02-05T14:50:26","guid":{"rendered":"\/?page_id=7585"},"modified":"2025-10-23T13:00:16","modified_gmt":"2025-10-23T10:00:16","slug":"ruokalista","status":"publish","type":"page","link":"https:\/\/www.jamsanopisto.fi\/sv\/opistovuosi-2\/ruokalista\/","title":{"rendered":"Ruokalista"},"content":{"rendered":"<div data-elementor-type=\"wp-page\" data-elementor-id=\"7585\" class=\"elementor elementor-7585\" data-elementor-post-type=\"page\">\n\t\t\t\t\t\t<section class=\"elementor-section elementor-top-section elementor-element elementor-element-cf48b23 elementor-section-boxed elementor-section-height-default elementor-section-height-default\" data-id=\"cf48b23\" data-element_type=\"section\">\n\t\t\t\t\t\t<div class=\"elementor-container elementor-column-gap-default\">\n\t\t\t\t\t<div class=\"elementor-column elementor-col-100 elementor-top-column elementor-element elementor-element-538d6386\" data-id=\"538d6386\" data-element_type=\"column\">\n\t\t\t<div class=\"elementor-widget-wrap elementor-element-populated\">\n\t\t\t\t\t\t<div class=\"elementor-element elementor-element-4e98cde8 elementor-widget elementor-widget-text-editor\" data-id=\"4e98cde8\" data-element_type=\"widget\" data-widget_type=\"text-editor.default\">\n\t\t\t\t<div class=\"elementor-widget-container\">\n\t\t\t<style>\/*! elementor - v3.23.0 - 05-08-2024 *\/\n.elementor-widget-text-editor.elementor-drop-cap-view-stacked .elementor-drop-cap{background-color:#69727d;color:#fff}.elementor-widget-text-editor.elementor-drop-cap-view-framed .elementor-drop-cap{color:#69727d;border:3px solid;background-color:transparent}.elementor-widget-text-editor:not(.elementor-drop-cap-view-default) .elementor-drop-cap{margin-top:8px}.elementor-widget-text-editor:not(.elementor-drop-cap-view-default) .elementor-drop-cap-letter{width:1em;height:1em}.elementor-widget-text-editor .elementor-drop-cap{float:left;text-align:center;line-height:1;font-size:50px}.elementor-widget-text-editor .elementor-drop-cap-letter{display:inline-block}<\/style>\t\t\t\t<p>T\u00e4m\u00e4n linkin takaa <a href=\"https:\/\/fi.jamix.cloud\/apps\/menu\/?anro=95629\">https:\/\/fi.jamix.cloud\/apps\/menu\/?anro=95629<\/a> l\u00f6ytyv\u00e4t jatkossa Opiston kaikki ruokalistat (opiston, kurssien ja rippikoulujen ruokalistat).<\/p>\n<p>Voit my\u00f6s antaa palautetta suoraan keitti\u00f6lle klikkaamalla kyseist\u00e4 ateriaa.<\/p>\n<p>Oiva-raportti tuo elintarvikealan yritysten valvontatulokset kuluttajien tietoon sit\u00e4 mukaa, kun elintarvikevalvontaviranomaiset tekev\u00e4t tarkastuksia. J\u00e4ms\u00e4n opiston Oiva-raportit l\u00f6ytyv\u00e4t&nbsp;<a href=\"https:\/\/www.oivahymy.fi\/yrityshaku?hakusana=J%C3%A4ms%C3%A4n%20kristillinen%20opisto\" target=\"_blank\">Oivahymy-sivustolta<\/a>.<\/p>\t\t\t\t\t\t<\/div>\n\t\t\t\t<\/div>\n\t\t\t\t\t<\/div>\n\t\t<\/div>\n\t\t\t\t\t<\/div>\n\t\t<\/section>\n\t\t\t\t<\/div>","protected":false},"excerpt":{"rendered":"<p>T\u00e4m\u00e4n linkin takaa https:\/\/fi.jamix.cloud\/apps\/menu\/?anro=95629 l\u00f6ytyv\u00e4t jatkossa Opiston kaikki ruokalistat (opiston, kurssien ja rippikoulujen ruokalistat). Voit my\u00f6s antaa palautetta suoraan keitti\u00f6lle klikkaamalla kyseist\u00e4 ateriaa. Oiva-raportti tuo elintarvikealan yritysten valvontatulokset kuluttajien tietoon sit\u00e4 mukaa, kun elintarvikevalvontaviranomaiset tekev\u00e4t tarkastuksia. J\u00e4ms\u00e4n opiston Oiva-raportit l\u00f6ytyv\u00e4t&nbsp;Oivahymy-sivustolta.<\/p>","protected":false},"author":1,"featured_media":0,"parent":8252,"menu_order":1,"comment_status":"closed","ping_status":"closed","template":"","meta":{"footnotes":""},"class_list":["post-7585","page","type-page","status-publish","hentry"],"_links":{"self":[{"href":"https:\/\/www.jamsanopisto.fi\/sv\/wp-json\/wp\/v2\/pages\/7585","targetHints":{"allow":["GET"]}}],"collection":[{"href":"https:\/\/www.jamsanopisto.fi\/sv\/wp-json\/wp\/v2\/pages"}],"about":[{"href":"https:\/\/www.jamsanopisto.fi\/sv\/wp-json\/wp\/v2\/types\/page"}],"author":[{"embeddable":true,"href":"https:\/\/www.jamsanopisto.fi\/sv\/wp-json\/wp\/v2\/users\/1"}],"replies":[{"embeddable":true,"href":"https:\/\/www.jamsanopisto.fi\/sv\/wp-json\/wp\/v2\/comments?post=7585"}],"version-history":[{"count":0,"href":"https:\/\/www.jamsanopisto.fi\/sv\/wp-json\/wp\/v2\/pages\/7585\/revisions"}],"up":[{"embeddable":true,"href":"https:\/\/www.jamsanopisto.fi\/sv\/wp-json\/wp\/v2\/pages\/8252"}],"wp:attachment":[{"href":"https:\/\/www.jamsanopisto.fi\/sv\/wp-json\/wp\/v2\/media?parent=7585"}],"curies":[{"name":"wp","href":"https:\/\/api.w.org\/{rel}","templated":true}]}}