{"id":7502,"date":"2021-01-29T12:58:05","date_gmt":"2021-01-29T10:58:05","guid":{"rendered":"\/?page_id=7502"},"modified":"2025-08-22T15:49:58","modified_gmt":"2025-08-22T12:49:58","slug":"lukuvuosi-2025-2026","status":"publish","type":"page","link":"https:\/\/www.jamsanopisto.fi\/sv\/opistovuosi-2\/lukuvuosi-2025-2026\/","title":{"rendered":"Lukuvuosi 2025-2026"},"content":{"rendered":"<p><strong>LUKUVUODEN 2025-2026 AIKATAULU J\u00c4MS\u00c4N OPISTOKAMPUKSELLA<\/strong><\/p>\n<p><strong>17.8.2025 lukuvuoden aloitus <\/strong><\/p>\n<p>17.-22.8.2025 1. periodi (1 viikon mittainen, p\u00e4\u00e4ttyy pe)<\/p>\n<p><em>22.-24.8.2025 kurssiviikonloppu <\/em><\/p>\n<p>26.8.-4.9.2025 2. periodi<\/p>\n<p><em>4.-9.9.2025 Maitoisten opistolaiset J\u00e4ms\u00e4ss\u00e4<\/em><\/p>\n<p>9.-18.9.2025 3. periodi<\/p>\n<p><em>\u00a0<\/em><em>19.-21.9.2025 kurssiviikonloppu<\/em><\/p>\n<p>23.-27.9.2025 4. periodi (1 viikon mittainen ti-la, p\u00e4\u00e4ttyy kotiv\u00e4en p\u00e4iv\u00e4\u00e4n la 27.9.2024)<\/p>\n<p>30.9.-9.10.2025 5. periodi<\/p>\n<p>10.-20.10.2025 <strong><em>syysloma<\/em><\/strong><em> (10.-12.10.2025 ja 17.-19.10.2025 kurssiviikonloput)<\/em><\/p>\n<p>21.-30.10.2025 6. periodi<\/p>\n<p><em>30.10.-4.11.2025 Maitoisten opistolaiset J\u00e4ms\u00e4ss\u00e4<\/em><\/p>\n<p>4.-13.11.2025 7. periodi<\/p>\n<p><em>14.-16.11.2025 kurssiviikonloppu<\/em><\/p>\n<p><em>\u00a0<\/em>18.-27.11.2025 8. periodi<\/p>\n<p><em>28.-30.11.2025 kurssiviikonloppu<\/em><\/p>\n<p>2.-11.12.2025 9. periodi (5.12.2025 klo 18 adventti-illallinen)<\/p>\n<p><em>12.-14.12.2025 kurssiviikonloppu<\/em><\/p>\n<p>16.-20.12.2025 10. periodi (1 viikon mittainen ti-la, p\u00e4\u00e4ttyy la joulujuhlaan)<\/p>\n<p>20.12.2025 joulujuhla<\/p>\n<p>21.12.2025-5.1.2026<strong> <em>joululoma <\/em><\/strong>(kurssit mahdollisia ajalla 29.12.2025-4.1.2026)<\/p>\n<p>6.-15.1.2026 11. periodi (kev\u00e4tlukukauden aloitus loppiaistiistai-ilta yhdess\u00e4 kotiv\u00e4en kanssa)<\/p>\n<p><em>16.-18.1.2026 kurssiviikonloppu<\/em><\/p>\n<p>20.-29.1.2026 12. periodi<\/p>\n<p><em>29.1.-3.2.2026 Maitoisten opistolaiset J\u00e4ms\u00e4ss\u00e4<\/em><\/p>\n<p>3.-12.2.2026 13. periodi<\/p>\n<p><em>13.-15.2.2026 kurssiviikonloppu<\/em><\/p>\n<p>16.-20.2.2026 14. periodi (1 viikon mittainen ma-pe, TOP-jakso, opistolaiset poissa opistolta)<\/p>\n<p>21.2.-2.3.2026 <strong><em>talviloma <\/em><\/strong><em>(20.-22.2.2026 ja 27.2.-1.3.2026<\/em> <em>kurssiviikonloput)<\/em><\/p>\n<p><strong><em>\u00a0<\/em><\/strong>.-12.3.2026 15. periodi<\/p>\n<p><em>13.-15.3.2026 kurssiviikonloppu<\/em><\/p>\n<p>16.-20.3.2026 16. periodi (1 viikon mittainen, ma-pe)<\/p>\n<p><em>20.-22.3.2026 kurssiviikonloppu<\/em><\/p>\n<p>24.3.-2.4.2026 17. periodi<\/p>\n<p>3.-6.4.2026 <strong><em>p\u00e4\u00e4si\u00e4isloma<\/em><\/strong><\/p>\n<p>7.-16.4.2026 18. periodi<\/p>\n<p>16.-21.4.2026 <em>Maitoisten opistolaiset J\u00e4ms\u00e4ss\u00e4<\/em><\/p>\n<p><em>\u00a0<\/em>21.-30.4.2026 19. periodi<\/p>\n<p>1.-3.5.2026 <em>kurssiviikonloppu<\/em><\/p>\n<p>5.-9.5.2026 20. periodi (yhden viikon mittainen ti-la, kev\u00e4tretki<\/p>\n<p><strong>9.5.2026 lukuvuoden p\u00e4\u00e4t\u00f6sp\u00e4iv\u00e4<\/strong><\/p>","protected":false},"excerpt":{"rendered":"<p>LUKUVUODEN 2025-2026 AIKATAULU J\u00c4MS\u00c4N OPISTOKAMPUKSELLA 17.8.2025 lukuvuoden aloitus 17.-22.8.2025 1. periodi (1 viikon mittainen, p\u00e4\u00e4ttyy pe) 22.-24.8.2025 kurssiviikonloppu 26.8.-4.9.2025 2. periodi 4.-9.9.2025 Maitoisten opistolaiset J\u00e4ms\u00e4ss\u00e4 9.-18.9.2025 3. periodi \u00a019.-21.9.2025 kurssiviikonloppu 23.-27.9.2025 4. periodi (1 viikon mittainen ti-la, p\u00e4\u00e4ttyy kotiv\u00e4en p\u00e4iv\u00e4\u00e4n la 27.9.2024) 30.9.-9.10.2025 5. periodi 10.-20.10.2025 syysloma (10.-12.10.2025 ja 17.-19.10.2025 kurssiviikonloput) 21.-30.10.2025 6. periodi 30.10.-4.11.2025 [&hellip;]<\/p>\n","protected":false},"author":1,"featured_media":0,"parent":8252,"menu_order":10,"comment_status":"closed","ping_status":"closed","template":"","meta":{"footnotes":""},"class_list":["post-7502","page","type-page","status-publish","hentry"],"_links":{"self":[{"href":"https:\/\/www.jamsanopisto.fi\/sv\/wp-json\/wp\/v2\/pages\/7502","targetHints":{"allow":["GET"]}}],"collection":[{"href":"https:\/\/www.jamsanopisto.fi\/sv\/wp-json\/wp\/v2\/pages"}],"about":[{"href":"https:\/\/www.jamsanopisto.fi\/sv\/wp-json\/wp\/v2\/types\/page"}],"author":[{"embeddable":true,"href":"https:\/\/www.jamsanopisto.fi\/sv\/wp-json\/wp\/v2\/users\/1"}],"replies":[{"embeddable":true,"href":"https:\/\/www.jamsanopisto.fi\/sv\/wp-json\/wp\/v2\/comments?post=7502"}],"version-history":[{"count":0,"href":"https:\/\/www.jamsanopisto.fi\/sv\/wp-json\/wp\/v2\/pages\/7502\/revisions"}],"up":[{"embeddable":true,"href":"https:\/\/www.jamsanopisto.fi\/sv\/wp-json\/wp\/v2\/pages\/8252"}],"wp:attachment":[{"href":"https:\/\/www.jamsanopisto.fi\/sv\/wp-json\/wp\/v2\/media?parent=7502"}],"curies":[{"name":"wp","href":"https:\/\/api.w.org\/{rel}","templated":true}]}}