{"id":7417,"date":"2020-09-23T11:40:37","date_gmt":"2020-09-23T08:40:37","guid":{"rendered":"\/?page_id=7417"},"modified":"2020-09-23T11:40:37","modified_gmt":"2020-09-23T08:40:37","slug":"saavutettavuusseloste","status":"publish","type":"page","link":"https:\/\/www.jamsanopisto.fi\/sv\/tietosuoja\/saavutettavuusseloste\/","title":{"rendered":"Saavutettavuusseloste"},"content":{"rendered":"<header>\n<h1>Tervetuloa, t\u00e4m\u00e4 on organisaation J\u00e4ms\u00e4n kristillinen kansanopisto saavutettavuusseloste<\/h1>\n<\/header>\n<section class=\"statement__section\">T\u00e4m\u00e4 saavutettavuusseloste koskee palvelua www.jamsanopisto.fi ja on laadittu \/ p\u00e4ivitetty 22.09.2020. Palvelua koskee laki digitaalisten palvelujen tarjoamisesta, jossa edellytet\u00e4\u00e4n, ett\u00e4 julkisten verkkopalvelujen on oltava saavutettavia.Olemme arvioineet palvelun saavutettavuuden itse<\/p>\n<\/section>\n<section class=\"statement__section\">\n<h2>Digipalvelun saavutettavuuden tila<\/h2>\n<p>T\u00e4ytt\u00e4\u00e4 saavutettavuusvaatimukset osittain<\/p>\n<\/section>\n<section class=\"statement__section\">\n<h2>Ei saavutettava sis\u00e4lt\u00f6<\/h2>\n<section class=\"statement__inaccessible\">\n<h3>3. Verkkosivusto ei ole viel\u00e4 kaikilta osin vaatimusten mukainen<\/h3>\n<ul class=\"flaws\">\n<li class=\"flaw\">\n<h4 class=\"flaw__title\">Havaittava: Etusivun vaihtuvasta kuvakollaasista puuttuu tekstitykset.<\/h4>\n<h5 class=\"flaw__subtitle\">Saavuttamaton sis\u00e4lt\u00f6 ja sen puutteet<\/h5>\n<p>Ei tekstuaalinen sis\u00e4lt\u00f6, eli kuvakollaasin kuvat ovat ensisijaisesti tarkoitettu tuottamaan aistinvaraista kokemusta, tunelmia opistosta, mutta niit\u00e4 ei ole kuvailtuna tekstuaalisesti.<\/p>\n<h5>Saavutettavuusvaatimukset jotka eiv\u00e4t t\u00e4yty<\/h5>\n<ul class=\"flaw__wcag\">\n<li>1.1.1 Ei-tekstuaalinen sis\u00e4lt\u00f6<\/li>\n<\/ul>\n<\/li>\n<\/ul>\n<\/section>\n<\/section>\n<section class=\"statement__section\">\n<h2>Huomasitko saavutettavuuspuutteen digipalvelussamme? Kerro se meille ja teemme parhaamme puutteen korjaamiseksi<\/h2>\n<h3>S\u00e4hk\u00f6postilla<\/h3>\n<p>toimisto(at)jamsanopisto.fi<\/p>\n<\/section>\n<section class=\"statement__section\">\n<h2>Valvontaviranomainen<\/h2>\n<p>Jos huomaat sivustolla saavutettavuusongelmia, anna ensin palautetta meille eli sivuston yll\u00e4pit\u00e4j\u00e4lle. Vastauksessa voi menn\u00e4 14 p\u00e4iv\u00e4\u00e4. Jos et ole tyytyv\u00e4inen saamaasi vastaukseen tai et saa vastausta lainkaan kahden viikon aikana,\u00a0<a href=\"https:\/\/www.saavutettavuusvaatimukset.fi\/oikeutesi\/\" target=\"_blank\" rel=\"noopener\">voit tehd\u00e4 ilmoituksen Etel\u00e4-Suomen aluehallintovirastoon<\/a>. Etel\u00e4-Suomen aluehallintoviraston sivulla kerrotaan tarkasti, miten ilmoituksen voi tehd\u00e4 ja miten asia k\u00e4sitell\u00e4\u00e4n.<\/p>\n<h2>Valvontaviranomaisen yhteystiedot<\/h2>\n<p>Etel\u00e4-Suomen aluehallintovirasto<br \/>\nSaavutettavuuden valvonnan yksikk\u00f6<br \/>\nwww.saavutettavuusvaatimukset.fi<br \/>\nsaavutettavuus(at)avi.fi<br \/>\npuhelinnumero vaihde 0295 016 000<\/p>\n<\/section>\n<section class=\"statement__section\">\n<h2>Teemme jatkuvasti ty\u00f6t\u00e4 saavutettavuuden parantamiseksi<\/h2>\n<h3>Olemme sitoutuneet digipalveluiden saavutettavuuden parantamiseen<\/h3>\n<p>Opistomme verkkosivut ovat uuden suunnittelun alla. Nykyiset sivut ovat jo vuosia vanhat, ja uudistus on tarpeellinen. Uudistusty\u00f6lle on kuitenkin varattu aikaa, jotta siin\u00e4 voidaan ottaa huomioon uusimmat vaatimukset ja uudet muutokset toiminnassamme. Verkkosivujemme uudistusty\u00f6 pyrit\u00e4\u00e4n saamaan valmiiksi syyskuuhun 2022 meness\u00e4. T\u00e4ss\u00e4 ty\u00f6ss\u00e4 haluamme ottaa huomioon my\u00f6s saavutettavuusn\u00e4k\u00f6kulmat. Siksi kaikenlainen palaute, ideat ja vinkit my\u00f6s saavutettavuuden suhteen ovat tervetulleita verkkosivujemme kehitystiimille.<\/p>\n<\/section>","protected":false},"excerpt":{"rendered":"<p>Tervetuloa, t\u00e4m\u00e4 on organisaation J\u00e4ms\u00e4n kristillinen kansanopisto saavutettavuusseloste T\u00e4m\u00e4 saavutettavuusseloste koskee palvelua www.jamsanopisto.fi ja on laadittu \/ p\u00e4ivitetty 22.09.2020. Palvelua koskee laki digitaalisten palvelujen tarjoamisesta, jossa edellytet\u00e4\u00e4n, ett\u00e4 julkisten verkkopalvelujen on oltava saavutettavia.Olemme arvioineet palvelun saavutettavuuden itse Digipalvelun saavutettavuuden tila T\u00e4ytt\u00e4\u00e4 saavutettavuusvaatimukset osittain Ei saavutettava sis\u00e4lt\u00f6 3. Verkkosivusto ei ole viel\u00e4 kaikilta osin vaatimusten mukainen [&hellip;]<\/p>\n","protected":false},"author":1,"featured_media":0,"parent":6353,"menu_order":0,"comment_status":"closed","ping_status":"closed","template":"","meta":{"footnotes":""},"class_list":["post-7417","page","type-page","status-publish","hentry"],"_links":{"self":[{"href":"https:\/\/www.jamsanopisto.fi\/sv\/wp-json\/wp\/v2\/pages\/7417","targetHints":{"allow":["GET"]}}],"collection":[{"href":"https:\/\/www.jamsanopisto.fi\/sv\/wp-json\/wp\/v2\/pages"}],"about":[{"href":"https:\/\/www.jamsanopisto.fi\/sv\/wp-json\/wp\/v2\/types\/page"}],"author":[{"embeddable":true,"href":"https:\/\/www.jamsanopisto.fi\/sv\/wp-json\/wp\/v2\/users\/1"}],"replies":[{"embeddable":true,"href":"https:\/\/www.jamsanopisto.fi\/sv\/wp-json\/wp\/v2\/comments?post=7417"}],"version-history":[{"count":0,"href":"https:\/\/www.jamsanopisto.fi\/sv\/wp-json\/wp\/v2\/pages\/7417\/revisions"}],"up":[{"embeddable":true,"href":"https:\/\/www.jamsanopisto.fi\/sv\/wp-json\/wp\/v2\/pages\/6353"}],"wp:attachment":[{"href":"https:\/\/www.jamsanopisto.fi\/sv\/wp-json\/wp\/v2\/media?parent=7417"}],"curies":[{"name":"wp","href":"https:\/\/api.w.org\/{rel}","templated":true}]}}