{"id":7233,"date":"2020-06-05T11:33:24","date_gmt":"2020-06-05T08:33:24","guid":{"rendered":"\/?page_id=7233"},"modified":"2025-08-15T08:20:46","modified_gmt":"2025-08-15T05:20:46","slug":"matkaparkki","status":"publish","type":"page","link":"https:\/\/www.jamsanopisto.fi\/sv\/tapahtumat-ja-palvelut\/matkaparkki\/","title":{"rendered":"Matkaparkki"},"content":{"rendered":"<h3><strong>Opiston Matkaparkin kes\u00e4kausi 2025 on p\u00e4\u00e4ttynyt.\u00a0 L\u00e4mmin kiitos kaikille vierailijoille! <\/strong><strong>Matkaparkki avautuu taas kes\u00e4ll\u00e4 2026.<\/strong><\/h3>\n<p><img fetchpriority=\"high\" decoding=\"async\" src=\"https:\/\/www.jamsanopisto.fi\/wp-content\/uploads\/2022\/09\/WhatsApp-Image-2019-06-18-at-18.03.15-233x310-225x300.jpg\" alt=\"\" width=\"225\" height=\"300\" \/><\/p>\n<p style=\"text-align: left;\">Tarjoamme Matkaparkin kautta majoituspaikan sek\u00e4 huoltopalvelut kalustolle. Tule opistolle, etsi opasteiden avulla sopiva majoituspaikka vaikkapa s\u00e4hk\u00f6paikoilta ja virkisty opiston ja l\u00e4hialueiden luonnonkauniissa maisemissa.<\/p>\n<p style=\"text-align: left;\">Matkaparkki sijaitsee J\u00e4ms\u00e4n Kristillisen Kansanopiston alueella, joten Matkaparkki on t\u00e4ysin p\u00e4ihteet\u00f6n alue. Lis\u00e4ksi toivomme asiakkailta opistomme arvojen mukaista k\u00e4ytt\u00e4ytymist\u00e4 sek\u00e4 opiston ett\u00e4 muiden Matkaparkin asiakkaiden huomioimista ja kunnioittamista! Matkaparkkialue on avoin, ei siis suljettu ja valvottu alue.<\/p>\n<p><strong>Majoitus (asuntovaunu \/ asuntoauto \/ teltta -majoituspaikkoja)<\/strong><\/p>\n<ul style=\"list-style-type: circle;\">\n<li>Kaksi majoitusaluetta, jossa kymmeni\u00e4 yksikk\u00f6paikkoja jokirannassa<\/li>\n<li>S\u00e4hk\u00f6paikka-alue, jossa 7 kpl s\u00e4hk\u00f6paikkoja<\/li>\n<\/ul>\n<p><strong><br \/>\nPalvelut<br \/>\n<\/strong><\/p>\n<p>Maksettuasi matkaparkkimaksun saat s\u00e4hk\u00f6postiisi vahvistuksen, jonka yhteydess\u00e4 on ovikoodi huoltotilaan.\u00a0 Huoltotilasta l\u00f6ytyy seuraavat palvelut:<\/p>\n<ul style=\"list-style-type: circle;\">\n<li>WC ja suihkut<\/li>\n<li>Keitti\u00f6tila, jossa vesipiste, liesi, uuni, mikroaaltouuni, j\u00e4\u00e4kaappi ja kahvin- ja vedenkeitin<\/li>\n<li>Ruokailutila\n<p><figure id=\"attachment_9274\" aria-describedby=\"caption-attachment-9274\" style=\"width: 336px\" class=\"wp-caption alignright\"><img decoding=\"async\" src=\"https:\/\/www.jamsanopisto.fi\/wp-content\/uploads\/2022\/09\/Matkaparkki-Kartta-310x220-300x213.jpg\" alt=\"\" width=\"336\" height=\"238\" \/><figcaption id=\"caption-attachment-9274\" class=\"wp-caption-text\">Alueen kartta<\/figcaption><\/figure><\/li>\n<\/ul>\n<p><strong>Huom! Leirien aikana huoltotila suljettu leiril\u00e4isten saunailtoina.\u00a0<\/strong><\/p>\n<p>Muut huoltopalvelut<\/p>\n<ul style=\"list-style-type: circle;\">\n<li>Kemsan tyhjennys<\/li>\n<li>J\u00e4tepiste<\/li>\n<\/ul>\n<p><strong>Opiston alueen aktiviteetit<\/strong><\/p>\n<ul>\n<li>Nuotiopaikka + laavu jokirannassa<\/li>\n<li>Grillikatos jokirannassa<\/li>\n<li>Pallopelikentt\u00e4<\/li>\n<li>(Laituri on kaupungin yll\u00e4pit\u00e4m\u00e4 ja t\u00e4ll\u00e4 hetkell\u00e4 huonokuntoisena turvallisuusriski)<\/li>\n<\/ul>\n<p><strong><br \/>\nHinnasto ja maksaminen<\/strong><\/p>\n<ul style=\"list-style-type: circle;\">\n<li>Majoitusyksikk\u00f6 (asuntovaunu \/ asuntoauto \/ teltta)\n<ul style=\"list-style-type: circle;\">\n<li>S\u00e4hk\u00f6paikka 25<strong> \u20ac<\/strong> \/ vrk\n<ul style=\"list-style-type: circle;\">\n<li>Maksa t\u00e4st\u00e4: <a href=\"https:\/\/www.opistokauppa.fi\/tuote\/matkaparkki-majoitusmaksu\/\">https:\/\/www.opistokauppa.fi\/tuote\/matkaparkki-majoitusmaksu\/<\/a><\/li>\n<\/ul>\n<\/li>\n<li>Majoituspaikka ilman s\u00e4hk\u00f6\u00e4<strong> 20 \u20ac<\/strong> \/ vrk\n<ul style=\"list-style-type: circle;\">\n<li>Maksa t\u00e4st\u00e4: <a href=\"https:\/\/www.opistokauppa.fi\/tuote\/majoituspaikkamaksu\/\">https:\/\/www.opistokauppa.fi\/tuote\/majoituspaikkamaksu\/\u00a0<\/a><\/li>\n<\/ul>\n<\/li>\n<\/ul>\n<\/li>\n<li>Hinnat sis\u00e4lt\u00e4v\u00e4t yll\u00e4 mainittujen palveluiden k\u00e4yt\u00f6n<\/li>\n<li>Matkaparkki toimii itsepalvelu -periaatteella, joten maksuvaihtoehtona on ainoastaan verkkokauppa<\/li>\n<li>Maksa majoitusvaraus opiston verkkokaupassa: www.opistokauppa.fi<\/li>\n<li>Mik\u00e4li sinulla ei ole mahdollista maksaa verkkokaupan kautta, ole yhteydess\u00e4 ennakkoon opiston toimistoon varauksesta ja maksusta 020 7644 500 (arkisin klo 12.00-14.00) tai s\u00e4hk\u00f6postitse toimisto@jamsanopisto.fi<\/li>\n<\/ul>\n<p><strong><br \/>\nSaapuminen Matkaparkkiin<\/strong><\/p>\n<ul style=\"list-style-type: circle;\">\n<li>Matkaparkki sijaitsee J\u00e4ms\u00e4n opiston jokirannassa, Ruotsulantie 42, J\u00e4ms\u00e4<\/li>\n<li>Saapuminen Matkaparkkiin tapahtuu opiston liittym\u00e4st\u00e4, josta on opasteet Matkaparkin alueelle<\/li>\n<\/ul>\n<p><strong><br \/>\nL\u00e4hialueen palvelut ja aktiviteetit<\/strong><\/p>\n<ul style=\"list-style-type: circle;\">\n<li>n. 5 km Himos (maastopy\u00f6r\u00e4reitit, luontopolut, v\u00e4linevuokrausta, Padelkentt\u00e4 yms.) <a href=\"http:\/\/www.himos.fi\">www.himos.fi\u00a0<\/a><\/li>\n<li>n. 1 km Uimaranta, puistoalue, koripallokentt\u00e4, beachvolleykentt\u00e4, jalkapallokentt\u00e4 (Lukkoilantie 13, J\u00e4ms\u00e4)<\/li>\n<li>n. 1 km Pump track -rata:\u00a0<a href=\"https:\/\/www.jamsa.fi\/palvelut\/liikunta-ja-ulkoilu\/pumptrack\">www.jamsa.fi\/palvelut\/liikunta-ja-ulkoilu\/pumptrack<\/a><\/li>\n<li>n. 12 km Saunakyl\u00e4 (Pataniemi 420, 42100 J\u00e4ms\u00e4 <a href=\"https:\/\/www.himosjamsa.fi\/saunakyla\/\">https:\/\/www.himosjamsa.fi\/saunakyla\/<\/a><\/li>\n<li>n. 2 km Lamminsuon Frisbeegolfpuisto<\/li>\n<li>n. 7 km Lelumuseo Helminauha <a href=\"https:\/\/lelumuseohelminauha.fi\/\">https:\/\/lelumuseohelminauha.fi\/<\/a><\/li>\n<\/ul>\n<p><strong><br \/>\nYhteystiedot ja asiakaspalvelu<\/strong><\/p>\n<ul style=\"list-style-type: circle;\">\n<li>Asiakaspalvelu\n<ul style=\"list-style-type: circle;\">\n<li>020 7644 500, arkisin klo 12.00-14.00<\/li>\n<li>toimisto@jamsanopisto.fi<\/li>\n<\/ul>\n<\/li>\n<li>P\u00e4ivystys ja ongelmatilanteet\n<ul style=\"list-style-type: circle;\">\n<li>Kiinteist\u00f6nhoitaja 050 3399 988<\/li>\n<\/ul>\n<\/li>\n<li>Osoite\n<ul style=\"list-style-type: circle;\">\n<li>Ruotsulantie 42,\u00a042100 J\u00e4ms\u00e4<\/li>\n<\/ul>\n<\/li>\n<\/ul>\n<p><strong>Tervetuloa!<\/strong><\/p>\n<p><img decoding=\"async\" src=\"https:\/\/www.jamsanopisto.fi\/wp-content\/uploads\/2019\/06\/WhatsApp-Image-2019-06-18-at-18.03.33.jpeg\" alt=\"\" width=\"310\" height=\"233\" \/><\/p>\n<p><img loading=\"lazy\" decoding=\"async\" src=\"https:\/\/www.jamsanopisto.fi\/wp-content\/uploads\/2019\/06\/WhatsApp-Image-2019-06-18-at-18.03.54.jpeg\" alt=\"\" width=\"310\" height=\"233\" \/><\/p>\n<figure id=\"attachment_10100\" aria-describedby=\"caption-attachment-10100\" style=\"width: 310px\" class=\"wp-caption alignleft\"><img loading=\"lazy\" decoding=\"async\" src=\"https:\/\/www.jamsanopisto.fi\/wp-content\/uploads\/2023\/06\/matkaparkki-huoltotila-2-310x233.jpg\" alt=\"\" width=\"310\" height=\"233\" \/><figcaption id=\"caption-attachment-10100\" class=\"wp-caption-text\">Huoltotilat sijaitsevat opiston p\u00e4\u00e4rakennuksessa<\/figcaption><\/figure>\n<p><strong>\u00a0<\/strong><\/p>","protected":false},"excerpt":{"rendered":"<p>Opiston Matkaparkin kes\u00e4kausi 2025 on p\u00e4\u00e4ttynyt.\u00a0 L\u00e4mmin kiitos kaikille vierailijoille! Matkaparkki avautuu taas kes\u00e4ll\u00e4 2026. Tarjoamme Matkaparkin kautta majoituspaikan sek\u00e4 huoltopalvelut kalustolle. Tule opistolle, etsi opasteiden avulla sopiva majoituspaikka vaikkapa s\u00e4hk\u00f6paikoilta ja virkisty opiston ja l\u00e4hialueiden luonnonkauniissa maisemissa. Matkaparkki sijaitsee J\u00e4ms\u00e4n Kristillisen Kansanopiston alueella, joten Matkaparkki on t\u00e4ysin p\u00e4ihteet\u00f6n alue. Lis\u00e4ksi toivomme asiakkailta opistomme arvojen [&hellip;]<\/p>\n","protected":false},"author":1,"featured_media":0,"parent":66,"menu_order":6,"comment_status":"closed","ping_status":"closed","template":"","meta":{"footnotes":""},"class_list":["post-7233","page","type-page","status-publish","hentry"],"_links":{"self":[{"href":"https:\/\/www.jamsanopisto.fi\/sv\/wp-json\/wp\/v2\/pages\/7233","targetHints":{"allow":["GET"]}}],"collection":[{"href":"https:\/\/www.jamsanopisto.fi\/sv\/wp-json\/wp\/v2\/pages"}],"about":[{"href":"https:\/\/www.jamsanopisto.fi\/sv\/wp-json\/wp\/v2\/types\/page"}],"author":[{"embeddable":true,"href":"https:\/\/www.jamsanopisto.fi\/sv\/wp-json\/wp\/v2\/users\/1"}],"replies":[{"embeddable":true,"href":"https:\/\/www.jamsanopisto.fi\/sv\/wp-json\/wp\/v2\/comments?post=7233"}],"version-history":[{"count":0,"href":"https:\/\/www.jamsanopisto.fi\/sv\/wp-json\/wp\/v2\/pages\/7233\/revisions"}],"up":[{"embeddable":true,"href":"https:\/\/www.jamsanopisto.fi\/sv\/wp-json\/wp\/v2\/pages\/66"}],"wp:attachment":[{"href":"https:\/\/www.jamsanopisto.fi\/sv\/wp-json\/wp\/v2\/media?parent=7233"}],"curies":[{"name":"wp","href":"https:\/\/api.w.org\/{rel}","templated":true}]}}