{"id":7216,"date":"2020-06-01T10:26:18","date_gmt":"2020-06-01T07:26:18","guid":{"rendered":"\/?page_id=7216"},"modified":"2025-08-15T08:15:21","modified_gmt":"2025-08-15T05:15:21","slug":"jamsan-opistoseurat-2020","status":"publish","type":"page","link":"https:\/\/www.jamsanopisto.fi\/sv\/tapahtumat-ja-palvelut\/jamsan-opistoseurat-2020\/","title":{"rendered":"J\u00e4ms\u00e4n opistoseurat"},"content":{"rendered":"<div data-elementor-type=\"wp-page\" data-elementor-id=\"7216\" class=\"elementor elementor-7216\" data-elementor-post-type=\"page\">\n\t\t\t\t\t\t<section class=\"elementor-section elementor-top-section elementor-element elementor-element-4d461120 elementor-section-boxed elementor-section-height-default elementor-section-height-default\" data-id=\"4d461120\" data-element_type=\"section\">\n\t\t\t\t\t\t<div class=\"elementor-container elementor-column-gap-default\">\n\t\t\t\t\t<div class=\"elementor-column elementor-col-100 elementor-top-column elementor-element elementor-element-57941f6a\" data-id=\"57941f6a\" data-element_type=\"column\">\n\t\t\t<div class=\"elementor-widget-wrap elementor-element-populated\">\n\t\t\t\t\t\t<div class=\"elementor-element elementor-element-7e1a74b7 elementor-widget elementor-widget-text-editor\" data-id=\"7e1a74b7\" data-element_type=\"widget\" data-widget_type=\"text-editor.default\">\n\t\t\t\t<div class=\"elementor-widget-container\">\n\t\t\t<style>\/*! elementor - v3.23.0 - 05-08-2024 *\/\n.elementor-widget-text-editor.elementor-drop-cap-view-stacked .elementor-drop-cap{background-color:#69727d;color:#fff}.elementor-widget-text-editor.elementor-drop-cap-view-framed .elementor-drop-cap{color:#69727d;border:3px solid;background-color:transparent}.elementor-widget-text-editor:not(.elementor-drop-cap-view-default) .elementor-drop-cap{margin-top:8px}.elementor-widget-text-editor:not(.elementor-drop-cap-view-default) .elementor-drop-cap-letter{width:1em;height:1em}.elementor-widget-text-editor .elementor-drop-cap{float:left;text-align:center;line-height:1;font-size:50px}.elementor-widget-text-editor .elementor-drop-cap-letter{display:inline-block}<\/style>\t\t\t\t<p><strong>Jos Jumala suo, Opistoseurat j\u00e4rjestet\u00e4\u00e4n Keuruulla Ison Kirjan alueella ensi kes\u00e4n\u00e4 16.-19.7.2026.<\/strong><\/p><p><a href=\"https:\/\/jamsa.opistoseurat.fi\/\">linkki opistoseurasivuille\u00a0 <\/a><\/p><p><img fetchpriority=\"high\" decoding=\"async\" class=\"size-medium wp-image-4033 alignright\" src=\"https:\/\/www.jamsanopisto.fi\/wp-content\/uploads\/2022\/09\/jamsanopisto_ksml-310x206.jpg\" alt=\"\" width=\"310\" height=\"206\" \/><\/p>\t\t\t\t\t\t<\/div>\n\t\t\t\t<\/div>\n\t\t\t\t\t<\/div>\n\t\t<\/div>\n\t\t\t\t\t<\/div>\n\t\t<\/section>\n\t\t\t\t<\/div>","protected":false},"excerpt":{"rendered":"<p>Jos Jumala suo, Opistoseurat j\u00e4rjestet\u00e4\u00e4n Keuruulla Ison Kirjan alueella ensi kes\u00e4n\u00e4 16.-19.7.2026. linkki opistoseurasivuille\u00a0<\/p>","protected":false},"author":1,"featured_media":0,"parent":66,"menu_order":3,"comment_status":"closed","ping_status":"closed","template":"","meta":{"footnotes":""},"class_list":["post-7216","page","type-page","status-publish","hentry"],"_links":{"self":[{"href":"https:\/\/www.jamsanopisto.fi\/sv\/wp-json\/wp\/v2\/pages\/7216","targetHints":{"allow":["GET"]}}],"collection":[{"href":"https:\/\/www.jamsanopisto.fi\/sv\/wp-json\/wp\/v2\/pages"}],"about":[{"href":"https:\/\/www.jamsanopisto.fi\/sv\/wp-json\/wp\/v2\/types\/page"}],"author":[{"embeddable":true,"href":"https:\/\/www.jamsanopisto.fi\/sv\/wp-json\/wp\/v2\/users\/1"}],"replies":[{"embeddable":true,"href":"https:\/\/www.jamsanopisto.fi\/sv\/wp-json\/wp\/v2\/comments?post=7216"}],"version-history":[{"count":0,"href":"https:\/\/www.jamsanopisto.fi\/sv\/wp-json\/wp\/v2\/pages\/7216\/revisions"}],"up":[{"embeddable":true,"href":"https:\/\/www.jamsanopisto.fi\/sv\/wp-json\/wp\/v2\/pages\/66"}],"wp:attachment":[{"href":"https:\/\/www.jamsanopisto.fi\/sv\/wp-json\/wp\/v2\/media?parent=7216"}],"curies":[{"name":"wp","href":"https:\/\/api.w.org\/{rel}","templated":true}]}}