{"id":7170,"date":"2020-05-06T11:12:40","date_gmt":"2020-05-06T08:12:40","guid":{"rendered":"\/?page_id=7170"},"modified":"2023-04-24T15:17:26","modified_gmt":"2023-04-24T12:17:26","slug":"lahjoita-opistolle","status":"publish","type":"page","link":"https:\/\/www.jamsanopisto.fi\/sv\/jamsan-opisto\/lahjoita-opistolle\/","title":{"rendered":"Lahjoita opistolle"},"content":{"rendered":"<div data-elementor-type=\"wp-page\" data-elementor-id=\"7170\" class=\"elementor elementor-7170\" data-elementor-post-type=\"page\">\n\t\t\t\t\t\t<section class=\"elementor-section elementor-top-section elementor-element elementor-element-464d50e3 elementor-section-boxed elementor-section-height-default elementor-section-height-default\" data-id=\"464d50e3\" data-element_type=\"section\">\n\t\t\t\t\t\t<div class=\"elementor-container elementor-column-gap-default\">\n\t\t\t\t\t<div class=\"elementor-column elementor-col-100 elementor-top-column elementor-element elementor-element-423f4b6d\" data-id=\"423f4b6d\" data-element_type=\"column\">\n\t\t\t<div class=\"elementor-widget-wrap elementor-element-populated\">\n\t\t\t\t\t\t<div class=\"elementor-element elementor-element-6962a911 elementor-widget elementor-widget-text-editor\" data-id=\"6962a911\" data-element_type=\"widget\" data-widget_type=\"text-editor.default\">\n\t\t\t\t<div class=\"elementor-widget-container\">\n\t\t\t<style>\/*! elementor - v3.23.0 - 05-08-2024 *\/\n.elementor-widget-text-editor.elementor-drop-cap-view-stacked .elementor-drop-cap{background-color:#69727d;color:#fff}.elementor-widget-text-editor.elementor-drop-cap-view-framed .elementor-drop-cap{color:#69727d;border:3px solid;background-color:transparent}.elementor-widget-text-editor:not(.elementor-drop-cap-view-default) .elementor-drop-cap{margin-top:8px}.elementor-widget-text-editor:not(.elementor-drop-cap-view-default) .elementor-drop-cap-letter{width:1em;height:1em}.elementor-widget-text-editor .elementor-drop-cap{float:left;text-align:center;line-height:1;font-size:50px}.elementor-widget-text-editor .elementor-drop-cap-letter{display:inline-block}<\/style>\t\t\t\t<p>Opistolla on Poliisihallituksen my\u00f6nt\u00e4m\u00e4 rahanker\u00e4yslupa RA\/2021\/208 (voimassa 25.2.2021 alkaen toistaiseksi)<\/p>\n<p>&nbsp;<\/p>\n<p>Lahjoitusvaihtoehdot:<\/p>\n<ul style=\"list-style-type: circle;\">\n<li>Lahjoita opistolle soittamalla puhelimella numeroon&nbsp;<strong>06001 7790<\/strong> soittajahinnalla 10,01\u20ac\/puh + pvm\/mpm.<\/li>\n<li>Lahjoita <strong>opiston tilille<\/strong> haluamasi summa: J\u00e4ms\u00e4n Kr. Kansanopisto FI71 5091 0320 0979 82, OKOYFIHH<\/li>\n<li>Lahjoita <strong>Mobile Pay<\/strong>:lla numeroon <strong>35005<\/strong><\/li>\n<li>Lahjoita <a href=\"https:\/\/www.opistokauppa.fi\/tuote\/lahjoitus-2\/\">verkkokaupassa<\/a><\/li>\n\n<\/ul>\t\t\t\t\t\t<\/div>\n\t\t\t\t<\/div>\n\t\t\t\t\t<\/div>\n\t\t<\/div>\n\t\t\t\t\t<\/div>\n\t\t<\/section>\n\t\t\t\t<\/div>","protected":false},"excerpt":{"rendered":"<p>Opistolla on Poliisihallituksen my\u00f6nt\u00e4m\u00e4 rahanker\u00e4yslupa RA\/2021\/208 (voimassa 25.2.2021 alkaen toistaiseksi) &nbsp; Lahjoitusvaihtoehdot: Lahjoita opistolle soittamalla puhelimella numeroon&nbsp;06001 7790 soittajahinnalla 10,01\u20ac\/puh + pvm\/mpm. Lahjoita opiston tilille haluamasi summa: J\u00e4ms\u00e4n Kr. Kansanopisto FI71 5091 0320 0979 82, OKOYFIHH Lahjoita Mobile Pay:lla numeroon 35005 Lahjoita verkkokaupassa<\/p>","protected":false},"author":1,"featured_media":0,"parent":68,"menu_order":4,"comment_status":"closed","ping_status":"closed","template":"","meta":{"footnotes":""},"class_list":["post-7170","page","type-page","status-publish","hentry"],"_links":{"self":[{"href":"https:\/\/www.jamsanopisto.fi\/sv\/wp-json\/wp\/v2\/pages\/7170","targetHints":{"allow":["GET"]}}],"collection":[{"href":"https:\/\/www.jamsanopisto.fi\/sv\/wp-json\/wp\/v2\/pages"}],"about":[{"href":"https:\/\/www.jamsanopisto.fi\/sv\/wp-json\/wp\/v2\/types\/page"}],"author":[{"embeddable":true,"href":"https:\/\/www.jamsanopisto.fi\/sv\/wp-json\/wp\/v2\/users\/1"}],"replies":[{"embeddable":true,"href":"https:\/\/www.jamsanopisto.fi\/sv\/wp-json\/wp\/v2\/comments?post=7170"}],"version-history":[{"count":0,"href":"https:\/\/www.jamsanopisto.fi\/sv\/wp-json\/wp\/v2\/pages\/7170\/revisions"}],"up":[{"embeddable":true,"href":"https:\/\/www.jamsanopisto.fi\/sv\/wp-json\/wp\/v2\/pages\/68"}],"wp:attachment":[{"href":"https:\/\/www.jamsanopisto.fi\/sv\/wp-json\/wp\/v2\/media?parent=7170"}],"curies":[{"name":"wp","href":"https:\/\/api.w.org\/{rel}","templated":true}]}}