{"id":3939,"date":"2013-12-07T23:31:00","date_gmt":"2013-12-07T21:31:00","guid":{"rendered":"http:\/\/www.jamsanopisto.fi\/?page_id=3939"},"modified":"2024-03-18T09:36:56","modified_gmt":"2024-03-18T07:36:56","slug":"ilmoittaudu-kurssille","status":"publish","type":"page","link":"https:\/\/www.jamsanopisto.fi\/sv\/lyhytkurssit\/ilmoittaudu-kurssille\/","title":{"rendered":"Ilmoittaudu kurssille"},"content":{"rendered":"<p>L\u00e4mpim\u00e4sti tervetuloa kurssille oppimaan ja virkistym\u00e4\u00e4n!<\/p>\n<p>Ilmoittautuminen: <a href=\"https:\/\/www.lyhytkurssille.fi\/kurssi\/jamsa\/\">www.lyhytkurssille.fi<\/a><\/p>","protected":false},"excerpt":{"rendered":"<p>L\u00e4mpim\u00e4sti tervetuloa kurssille oppimaan ja virkistym\u00e4\u00e4n! Ilmoittautuminen: www.lyhytkurssille.fi<\/p>","protected":false},"author":1,"featured_media":0,"parent":8251,"menu_order":0,"comment_status":"closed","ping_status":"open","template":"","meta":{"footnotes":""},"class_list":["post-3939","page","type-page","status-publish","hentry"],"_links":{"self":[{"href":"https:\/\/www.jamsanopisto.fi\/sv\/wp-json\/wp\/v2\/pages\/3939","targetHints":{"allow":["GET"]}}],"collection":[{"href":"https:\/\/www.jamsanopisto.fi\/sv\/wp-json\/wp\/v2\/pages"}],"about":[{"href":"https:\/\/www.jamsanopisto.fi\/sv\/wp-json\/wp\/v2\/types\/page"}],"author":[{"embeddable":true,"href":"https:\/\/www.jamsanopisto.fi\/sv\/wp-json\/wp\/v2\/users\/1"}],"replies":[{"embeddable":true,"href":"https:\/\/www.jamsanopisto.fi\/sv\/wp-json\/wp\/v2\/comments?post=3939"}],"version-history":[{"count":0,"href":"https:\/\/www.jamsanopisto.fi\/sv\/wp-json\/wp\/v2\/pages\/3939\/revisions"}],"up":[{"embeddable":true,"href":"https:\/\/www.jamsanopisto.fi\/sv\/wp-json\/wp\/v2\/pages\/8251"}],"wp:attachment":[{"href":"https:\/\/www.jamsanopisto.fi\/sv\/wp-json\/wp\/v2\/media?parent=3939"}],"curies":[{"name":"wp","href":"https:\/\/api.w.org\/{rel}","templated":true}]}}