{"id":1108,"date":"2011-12-02T16:15:18","date_gmt":"2011-12-02T14:15:18","guid":{"rendered":"http:\/\/www.rkropisto.fi.n-serv.kotisivut.com\/?page_id=1108"},"modified":"2024-07-28T22:38:30","modified_gmt":"2024-07-28T19:38:30","slug":"sidosryhmat","status":"publish","type":"page","link":"https:\/\/www.jamsanopisto.fi\/sv\/jamsan-opisto\/sidosryhmat\/","title":{"rendered":"Sidosryhm\u00e4t"},"content":{"rendered":"<div data-elementor-type=\"wp-page\" data-elementor-id=\"1108\" class=\"elementor elementor-1108\" data-elementor-post-type=\"page\">\n\t\t\t\t\t\t<section class=\"elementor-section elementor-top-section elementor-element elementor-element-19c1057c elementor-section-boxed elementor-section-height-default elementor-section-height-default\" data-id=\"19c1057c\" data-element_type=\"section\">\n\t\t\t\t\t\t<div class=\"elementor-container elementor-column-gap-default\">\n\t\t\t\t\t<div class=\"elementor-column elementor-col-100 elementor-top-column elementor-element elementor-element-f92e2e\" data-id=\"f92e2e\" data-element_type=\"column\">\n\t\t\t<div class=\"elementor-widget-wrap elementor-element-populated\">\n\t\t\t\t\t\t<div class=\"elementor-element elementor-element-777bf86f elementor-widget elementor-widget-text-editor\" data-id=\"777bf86f\" data-element_type=\"widget\" data-widget_type=\"text-editor.default\">\n\t\t\t\t<div class=\"elementor-widget-container\">\n\t\t\t<style>\/*! elementor - v3.23.0 - 05-08-2024 *\/\n.elementor-widget-text-editor.elementor-drop-cap-view-stacked .elementor-drop-cap{background-color:#69727d;color:#fff}.elementor-widget-text-editor.elementor-drop-cap-view-framed .elementor-drop-cap{color:#69727d;border:3px solid;background-color:transparent}.elementor-widget-text-editor:not(.elementor-drop-cap-view-default) .elementor-drop-cap{margin-top:8px}.elementor-widget-text-editor:not(.elementor-drop-cap-view-default) .elementor-drop-cap-letter{width:1em;height:1em}.elementor-widget-text-editor .elementor-drop-cap{float:left;text-align:center;line-height:1;font-size:50px}.elementor-widget-text-editor .elementor-drop-cap-letter{display:inline-block}<\/style>\t\t\t\t<p>J\u00e4ms\u00e4n Kristillinen Kansanopisto toimii tiiviiss\u00e4 yhteisty\u00f6ss\u00e4 useiden kansanopistojen kanssa. Yhteisty\u00f6verkoston se muodostaa kahden saman <a href=\"http:\/\/www.rauhanyhdistys.fi\">taustayhteis\u00f6n <\/a>kristillisen opiston kanssa.<\/p><ul><li><a href=\"http:\/\/www.rkropisto.fi\/\">Reisj\u00e4rven kristillinen opisto<\/a><\/li><li><a href=\"http:\/\/www.rakro.fi\/\">Ranuan kristillisen kansanopisto<\/a><\/li><\/ul><p>\u00a0<\/p><p>J\u00e4ms\u00e4n Kr. Kansanopisto kuuluu Keski-Suomen kansanopistojen yhteistoimintarenkaaseen<b>:<\/b><\/p><ul><li><a href=\"http:\/\/www.jko.fi\">Jyv\u00e4skyl\u00e4n kristillinen opisto<\/a><\/li><li><a href=\"https:\/\/koskelansetlementti.net\/\">Koskelan setlementti<\/a><\/li><li><a href=\"http:\/\/www.alkio.fi\">Alkio-opisto<\/a>\u00a0<cite> <\/cite><\/li><li><a href=\"http:\/\/www.keokarstula.fi\">Karstulan evankelinen opisto<\/a>\u00a0<cite> <\/cite><\/li><li><a href=\"https:\/\/www.ikopisto.fi\/\">Iso Kirja -opisto<\/a><\/li><\/ul><p>\u00a0<\/p><p>J\u00e4ms\u00e4n Kr. Kansanopistolla on yhteisty\u00f6sopimus\u00a0my\u00f6s<\/p><ul><li><a href=\"https:\/\/www.jamsa.fi\/kasvatus-ja-koulutus\/toisen-asteen-koulutus\/lukio\/\">J\u00e4ms\u00e4n lukion<\/a>\u00a0 ja<\/li><li><a href=\"https:\/\/www.gradia.fi\/\">Gradia J\u00e4ms\u00e4n<\/a> kanssa.<\/li><\/ul>\t\t\t\t\t\t<\/div>\n\t\t\t\t<\/div>\n\t\t\t\t\t<\/div>\n\t\t<\/div>\n\t\t\t\t\t<\/div>\n\t\t<\/section>\n\t\t\t\t<\/div>","protected":false},"excerpt":{"rendered":"<p>J\u00e4ms\u00e4n Kristillinen Kansanopisto toimii tiiviiss\u00e4 yhteisty\u00f6ss\u00e4 useiden kansanopistojen kanssa. Yhteisty\u00f6verkoston se muodostaa kahden saman taustayhteis\u00f6n kristillisen opiston kanssa. Reisj\u00e4rven kristillinen opisto Ranuan kristillisen kansanopisto \u00a0 J\u00e4ms\u00e4n Kr. Kansanopisto kuuluu Keski-Suomen kansanopistojen yhteistoimintarenkaaseen: Jyv\u00e4skyl\u00e4n kristillinen opisto Koskelan setlementti Alkio-opisto\u00a0 Karstulan evankelinen opisto\u00a0 Iso Kirja -opisto \u00a0 J\u00e4ms\u00e4n Kr. Kansanopistolla on yhteisty\u00f6sopimus\u00a0my\u00f6s J\u00e4ms\u00e4n lukion\u00a0 ja Gradia J\u00e4ms\u00e4n [&hellip;]<\/p>\n","protected":false},"author":1,"featured_media":0,"parent":68,"menu_order":6,"comment_status":"closed","ping_status":"closed","template":"","meta":{"footnotes":""},"class_list":["post-1108","page","type-page","status-publish","hentry"],"_links":{"self":[{"href":"https:\/\/www.jamsanopisto.fi\/sv\/wp-json\/wp\/v2\/pages\/1108","targetHints":{"allow":["GET"]}}],"collection":[{"href":"https:\/\/www.jamsanopisto.fi\/sv\/wp-json\/wp\/v2\/pages"}],"about":[{"href":"https:\/\/www.jamsanopisto.fi\/sv\/wp-json\/wp\/v2\/types\/page"}],"author":[{"embeddable":true,"href":"https:\/\/www.jamsanopisto.fi\/sv\/wp-json\/wp\/v2\/users\/1"}],"replies":[{"embeddable":true,"href":"https:\/\/www.jamsanopisto.fi\/sv\/wp-json\/wp\/v2\/comments?post=1108"}],"version-history":[{"count":0,"href":"https:\/\/www.jamsanopisto.fi\/sv\/wp-json\/wp\/v2\/pages\/1108\/revisions"}],"up":[{"embeddable":true,"href":"https:\/\/www.jamsanopisto.fi\/sv\/wp-json\/wp\/v2\/pages\/68"}],"wp:attachment":[{"href":"https:\/\/www.jamsanopisto.fi\/sv\/wp-json\/wp\/v2\/media?parent=1108"}],"curies":[{"name":"wp","href":"https:\/\/api.w.org\/{rel}","templated":true}]}}