{"id":10589,"date":"2024-01-24T15:41:30","date_gmt":"2024-01-24T13:41:30","guid":{"rendered":"https:\/\/www.jamsanopisto.fi\/?page_id=10589"},"modified":"2025-12-19T19:20:06","modified_gmt":"2025-12-19T17:20:06","slug":"internationella-linjen-kvl-for-ungdomar-fran-sverige-och-norge","status":"publish","type":"page","link":"https:\/\/www.jamsanopisto.fi\/sv\/internationella-linjen-kvl-for-ungdomar-fran-sverige-och-norge\/","title":{"rendered":"Internationella linjen (KVL) f\u00f6r ungdomar fr\u00e5n Sverige och Norge"},"content":{"rendered":"<div data-elementor-type=\"wp-page\" data-elementor-id=\"10589\" class=\"elementor elementor-10589\" data-elementor-post-type=\"page\">\n\t\t\t\t\t\t<section class=\"elementor-section elementor-top-section elementor-element elementor-element-82819af elementor-section-boxed elementor-section-height-default elementor-section-height-default\" data-id=\"82819af\" data-element_type=\"section\">\n\t\t\t\t\t\t<div class=\"elementor-container elementor-column-gap-default\">\n\t\t\t\t\t<div class=\"elementor-column elementor-col-100 elementor-top-column elementor-element elementor-element-ce8f936\" data-id=\"ce8f936\" data-element_type=\"column\">\n\t\t\t<div class=\"elementor-widget-wrap elementor-element-populated\">\n\t\t\t\t\t\t<div class=\"elementor-element elementor-element-e586a29 elementor-widget elementor-widget-text-editor\" data-id=\"e586a29\" data-element_type=\"widget\" data-widget_type=\"text-editor.default\">\n\t\t\t\t<div class=\"elementor-widget-container\">\n\t\t\t<style>\/*! elementor - v3.23.0 - 05-08-2024 *\/\n.elementor-widget-text-editor.elementor-drop-cap-view-stacked .elementor-drop-cap{background-color:#69727d;color:#fff}.elementor-widget-text-editor.elementor-drop-cap-view-framed .elementor-drop-cap{color:#69727d;border:3px solid;background-color:transparent}.elementor-widget-text-editor:not(.elementor-drop-cap-view-default) .elementor-drop-cap{margin-top:8px}.elementor-widget-text-editor:not(.elementor-drop-cap-view-default) .elementor-drop-cap-letter{width:1em;height:1em}.elementor-widget-text-editor .elementor-drop-cap{float:left;text-align:center;line-height:1;font-size:50px}.elementor-widget-text-editor .elementor-drop-cap-letter{display:inline-block}<\/style>\t\t\t\t<ul><li>som vill l\u00e4ra sig att tala finska b\u00e4ttre och studera mer om finl\u00e4ndska kulturen.<\/li><li>som \u00e4r l\u00e4mpliga att studera och leva p\u00e5 internatskola med kristen v\u00e4rdegrund.<\/li><li>som kan delta i undervisningen vilken till st\u00f6rsta del \u00e4r p\u00e5 engelska.<br \/><br \/><\/li><\/ul><p>Undervisningen sker till viss del parallellt med Kielten ja kulttuurien Opistovuosi -linje (som \u00e4r inriktad mot obligatorisk utbildning).\u00a0 Lektionerna \u00e4r praktiska, teoretiska, skriftliga och muntliga. Ibland bakar vi karelska piroger, t\u00e4vlar i st\u00f6velkastningen, g\u00f6r m\u00e5lningar av bibliska \u00e4mnen, spelar och sjunger p\u00e5 finska.<\/p><p>Kulturellt l\u00e4rande har en stor del p\u00e5 Internationella linjen. Flera utl\u00e4ndska g\u00e4ster kommer f\u00f6r att ber\u00e4tta om sin egen kultur och dess olikheter med den finl\u00e4ndska kulturen. Alla v\u00e4rldens l\u00e4nder och kontinenter blir bekanta under \u00e5rets g\u00e5ng. Linjen anordnar olika fester fr\u00e5n olika kulturer, till exempel det traditionella svenska Lucia-t\u00e5get. Elever kan ocks\u00e5 \u00e5ka med p\u00e5 olika turer runt om Finland.<\/p><p>P\u00e5 Internationella linjen l\u00e4r vi oss traditionellt, trevligt och gl\u00e4djefullt av olika nationaliteters varierande egenheter. Kulturchocker blir mindre skr\u00e4mmande n\u00e4r varje dag uts\u00e4tts vi f\u00f6r varandras egenheter, som snart verkar vara ganska vanliga!<\/p><p><strong><em>Urvalskriterier f\u00f6r Internationella linjen<\/em>:<\/strong><\/p><ol><li>Allm\u00e4nna fr\u00e5gor om hur l\u00e4mpat du \u00e4r f\u00f6r att studera och leva p\u00e5 internatskola med kristen v\u00e4rdegrund (0-9 po\u00e4ng)<\/li><li>Det senaste skolbetyget (0-10 po\u00e4ng)<\/li><li>Linjespecifik motivation, intresse och inriktning (0\u20136 po\u00e4ng)<br \/><br \/><\/li><\/ol><p><strong><em>Ans\u00f6kning<\/em><\/strong><\/p><p>Om du bor i Sverige eller i Norge, sker ans\u00f6kningen via SFC. V\u00e4nligen maila till <a href=\"mailto:ansokan@fridsforening.se\">ansokan@fridsforening.se<\/a> och be om att f\u00e5 ans\u00f6kan skickad till dig. Ans\u00f6kan ska fyllas i och skickas tillbaka till <a href=\"mailto:ansokan@fridsforening.se\">ansokan@fridsforening.se<\/a>. Ans\u00f6kningstiden f\u00f6r svenska och norska ungdomar \u00e4r 17\/2 -17\/3 2026. Alla ans\u00f6kande kommer att bjudas in till en intervju (f\u00f6r\u00e4ldrarna kan komma med). Intervjuerna kommer att h\u00e5llas under det svenska sommarm\u00f6tet i Mockfj\u00e4rd den 16 maj. Inbjudan med mer exakt tid kommer att skickas via mail eller via mobilen.<\/p>\t\t\t\t\t\t<\/div>\n\t\t\t\t<\/div>\n\t\t\t\t\t<\/div>\n\t\t<\/div>\n\t\t\t\t\t<\/div>\n\t\t<\/section>\n\t\t\t\t<\/div>","protected":false},"excerpt":{"rendered":"<p>som vill l\u00e4ra sig att tala finska b\u00e4ttre och studera mer om finl\u00e4ndska kulturen. som \u00e4r l\u00e4mpliga att studera och leva p\u00e5 internatskola med kristen v\u00e4rdegrund. som kan delta i undervisningen vilken till st\u00f6rsta del \u00e4r p\u00e5 engelska. Undervisningen sker till viss del parallellt med Kielten ja kulttuurien Opistovuosi -linje (som \u00e4r inriktad mot obligatorisk [&hellip;]<\/p>\n","protected":false},"author":2,"featured_media":0,"parent":0,"menu_order":0,"comment_status":"closed","ping_status":"closed","template":"","meta":{"footnotes":""},"class_list":["post-10589","page","type-page","status-publish","hentry"],"_links":{"self":[{"href":"https:\/\/www.jamsanopisto.fi\/sv\/wp-json\/wp\/v2\/pages\/10589","targetHints":{"allow":["GET"]}}],"collection":[{"href":"https:\/\/www.jamsanopisto.fi\/sv\/wp-json\/wp\/v2\/pages"}],"about":[{"href":"https:\/\/www.jamsanopisto.fi\/sv\/wp-json\/wp\/v2\/types\/page"}],"author":[{"embeddable":true,"href":"https:\/\/www.jamsanopisto.fi\/sv\/wp-json\/wp\/v2\/users\/2"}],"replies":[{"embeddable":true,"href":"https:\/\/www.jamsanopisto.fi\/sv\/wp-json\/wp\/v2\/comments?post=10589"}],"version-history":[{"count":0,"href":"https:\/\/www.jamsanopisto.fi\/sv\/wp-json\/wp\/v2\/pages\/10589\/revisions"}],"wp:attachment":[{"href":"https:\/\/www.jamsanopisto.fi\/sv\/wp-json\/wp\/v2\/media?parent=10589"}],"curies":[{"name":"wp","href":"https:\/\/api.w.org\/{rel}","templated":true}]}}