{"id":9462,"date":"2022-10-06T13:51:59","date_gmt":"2022-10-06T10:51:59","guid":{"rendered":"https:\/\/www.jamsanopisto.fi\/?page_id=9462"},"modified":"2025-08-19T13:35:28","modified_gmt":"2025-08-19T10:35:28","slug":"tet-tai-top-jamsan-opistolla","status":"publish","type":"page","link":"https:\/\/www.jamsanopisto.fi\/en\/jamsan-opisto\/tet-tai-top-jamsan-opistolla\/","title":{"rendered":"TET tai TOP J\u00e4ms\u00e4n opistolla?"},"content":{"rendered":"<div data-elementor-type=\"wp-page\" data-elementor-id=\"9462\" class=\"elementor elementor-9462\" data-elementor-post-type=\"page\">\n\t\t\t\t\t\t<section class=\"elementor-section elementor-top-section elementor-element elementor-element-4163079 elementor-section-boxed elementor-section-height-default elementor-section-height-default\" data-id=\"4163079\" data-element_type=\"section\">\n\t\t\t\t\t\t<div class=\"elementor-container elementor-column-gap-default\">\n\t\t\t\t\t<div class=\"elementor-column elementor-col-100 elementor-top-column elementor-element elementor-element-47c2b35b\" data-id=\"47c2b35b\" data-element_type=\"column\">\n\t\t\t<div class=\"elementor-widget-wrap elementor-element-populated\">\n\t\t\t\t\t\t<div class=\"elementor-element elementor-element-2a51413d elementor-widget elementor-widget-text-editor\" data-id=\"2a51413d\" data-element_type=\"widget\" data-widget_type=\"text-editor.default\">\n\t\t\t\t<div class=\"elementor-widget-container\">\n\t\t\t<style>\/*! elementor - v3.23.0 - 05-08-2024 *\/\n.elementor-widget-text-editor.elementor-drop-cap-view-stacked .elementor-drop-cap{background-color:#69727d;color:#fff}.elementor-widget-text-editor.elementor-drop-cap-view-framed .elementor-drop-cap{color:#69727d;border:3px solid;background-color:transparent}.elementor-widget-text-editor:not(.elementor-drop-cap-view-default) .elementor-drop-cap{margin-top:8px}.elementor-widget-text-editor:not(.elementor-drop-cap-view-default) .elementor-drop-cap-letter{width:1em;height:1em}.elementor-widget-text-editor .elementor-drop-cap{float:left;text-align:center;line-height:1;font-size:50px}.elementor-widget-text-editor .elementor-drop-cap-letter{display:inline-block}<\/style>\t\t\t\t<p><!-- wp:paragraph --><\/p>\n<p>Jos sinua kiinnostaa tulla suorittamaan omiin opintoihisi (muiden kuin J\u00e4ms\u00e4n opiston opintojen) kuuluvaa TET- tai TOP-jaksoa opistolle, lue t\u00e4m\u00e4n sivun ohjeistus!<\/p>\n<p><!-- \/wp:paragraph --><!-- wp:paragraph --><\/p>\n<p>TET- tai TOP-jaksolle voidaan ottaa rajoitettu m\u00e4\u00e4r\u00e4 nuoria kerrallaan. Jos olet kiinnostunut tulemaan J\u00e4ms\u00e4n opistolle TET- tai TOP-jaksolle, mieti ensin se TY\u00d6TEHT\u00c4V\u00c4, johon haluat tulla opistolla tutustumaan. Samoin selvit\u00e4 se, oletko tulossa my\u00f6s y\u00f6pym\u00e4\u00e4n opistolle vai onko sinulla esim. J\u00e4ms\u00e4ss\u00e4 jokin muu paikka asua TET- tai TOP-jakson ajan. Mik\u00e4li olisit tulossa my\u00f6s asumaan opistolle, selvit\u00e4 valmiiksi, onko sinulla opiston opiskelijoissa joku tuttu, joka ottaisi sinut huoneeseensa patjamajoitukseen. Huomaa, ett\u00e4 opistolla majoittujien tulee sitoutua noudattamaan J\u00e4ms\u00e4n opiston j\u00e4rjestyss\u00e4\u00e4nt\u00f6j\u00e4. Opistolla suoritetulla TET-jaksolla ei ole vaikutusta opiskelijavalintaan.<\/p>\n<p><!-- \/wp:paragraph --><!-- wp:paragraph --><\/p>\n<p>Kun olet miettinyt valmiiksi ty\u00f6teht\u00e4v\u00e4n, johon haluat tutustua, sek\u00e4 selvitt\u00e4nyt valmiiksi majoitusvaihtoehdon jakson ajaksi, voit t\u00e4ytt\u00e4\u00e4 hakulomakkeen TET-jaksolle <strong><a href=\"https:\/\/forms.office.com\/e\/Y2937t0JzE\">t\u00e4\u00e4ll\u00e4<\/a><\/strong>. K\u00e4sittelyajat ilmoitetaan lomakkeella. Jokaiseen hakijaan otetaan yhteytt\u00e4, kun hakemus on k\u00e4sitelty. Tarvittaessa voit kysy\u00e4 lis\u00e4tietoja seuraavilta ty\u00f6ntekij\u00f6ilt\u00e4mme:<\/p>\n<p><strong>J\u00e4ms\u00e4n kampus<\/strong><\/p>\n<p><!-- \/wp:paragraph --><!-- wp:list --><\/p>\n<ul>\n<li>Jos olet kiinnostunut kiinteist\u00f6nhoidon ty\u00f6teht\u00e4vist\u00e4, voit olla yhteydess\u00e4 kiinteist\u00f6nhoitaja Markku Simoseen, puh. 050 339 9988.<\/li>\n<li>Jos olet kiinnostunut siivouksen ty\u00f6teht\u00e4vist\u00e4, voit olla yhteydess\u00e4 siistij\u00e4 Eija Simoseen, puh. 040 734 2016.<\/li>\n<li>Jos olet kiinnostunut keitti\u00f6n ty\u00f6teht\u00e4vist\u00e4, voit olla yhteydess\u00e4 ravitsemusty\u00f6n esimieheen Pirjo Taipaleeseen puh. 040 539 5635, pirjo.taipale@jamsanopisto.fi<\/li>\n<li>Jos olet kiinnostunut toimiston ty\u00f6teht\u00e4vist\u00e4, voit olla yhteydess\u00e4 talous- ja kiinteist\u00f6hallintop\u00e4\u00e4llikk\u00f6 Jari T\u00f6lliin, puh. 0400 774 156, jari.tolli@jamsanopisto.fi<\/li>\n<li>Jos olet kiinnostunut opetuksen ty\u00f6teht\u00e4vist\u00e4, voit olla yhteydess\u00e4 opinto-ohjaaja Olli Romppaseen, puh. 040 663 6962, olli.romppanen@jamsanopisto.fi<\/li>\n<\/ul>\n<div>\u00a0<\/div>\n<p><strong>Maitoisten kampus<\/strong><\/p>\n<ul>\n<li>Jos olet kiinnostunut keitti\u00f6n tai siivouksen ty\u00f6teht\u00e4vist\u00e4, voit olla yhteydess\u00e4 p\u00e4\u00e4em\u00e4nt\u00e4 Sarianna Suomiseen, puh. 040 500 9335, sarianna.suominen@srk.fi<\/li>\n<li>Jos olet kiinnostunut opetuksen ty\u00f6teht\u00e4vist\u00e4, voit olla yhteydess\u00e4 pedagoginen rehtori Eero Kukkoon, p. 040 671 5542, eero.kukko@jamsanopisto.fi<\/li>\n<\/ul>\n<p><!-- \/wp:list --><\/p>\t\t\t\t\t\t<\/div>\n\t\t\t\t<\/div>\n\t\t\t\t\t<\/div>\n\t\t<\/div>\n\t\t\t\t\t<\/div>\n\t\t<\/section>\n\t\t\t\t<\/div>","protected":false},"excerpt":{"rendered":"<p>Jos sinua kiinnostaa tulla suorittamaan omiin opintoihisi (muiden kuin J\u00e4ms\u00e4n opiston opintojen) kuuluvaa TET- tai TOP-jaksoa opistolle, lue t\u00e4m\u00e4n sivun ohjeistus! TET- tai TOP-jaksolle voidaan ottaa rajoitettu m\u00e4\u00e4r\u00e4 nuoria kerrallaan. Jos olet kiinnostunut tulemaan J\u00e4ms\u00e4n opistolle TET- tai TOP-jaksolle, mieti ensin se TY\u00d6TEHT\u00c4V\u00c4, johon haluat tulla opistolla tutustumaan. Samoin selvit\u00e4 se, oletko tulossa my\u00f6s y\u00f6pym\u00e4\u00e4n [&hellip;]<\/p>\n","protected":false},"author":2,"featured_media":0,"parent":68,"menu_order":6,"comment_status":"closed","ping_status":"closed","template":"","meta":{"footnotes":""},"class_list":["post-9462","page","type-page","status-publish","hentry"],"_links":{"self":[{"href":"https:\/\/www.jamsanopisto.fi\/en\/wp-json\/wp\/v2\/pages\/9462","targetHints":{"allow":["GET"]}}],"collection":[{"href":"https:\/\/www.jamsanopisto.fi\/en\/wp-json\/wp\/v2\/pages"}],"about":[{"href":"https:\/\/www.jamsanopisto.fi\/en\/wp-json\/wp\/v2\/types\/page"}],"author":[{"embeddable":true,"href":"https:\/\/www.jamsanopisto.fi\/en\/wp-json\/wp\/v2\/users\/2"}],"replies":[{"embeddable":true,"href":"https:\/\/www.jamsanopisto.fi\/en\/wp-json\/wp\/v2\/comments?post=9462"}],"version-history":[{"count":0,"href":"https:\/\/www.jamsanopisto.fi\/en\/wp-json\/wp\/v2\/pages\/9462\/revisions"}],"up":[{"embeddable":true,"href":"https:\/\/www.jamsanopisto.fi\/en\/wp-json\/wp\/v2\/pages\/68"}],"wp:attachment":[{"href":"https:\/\/www.jamsanopisto.fi\/en\/wp-json\/wp\/v2\/media?parent=9462"}],"curies":[{"name":"wp","href":"https:\/\/api.w.org\/{rel}","templated":true}]}}