{"id":8250,"date":"2014-01-01T10:48:28","date_gmt":"2014-01-01T08:48:28","guid":{"rendered":"http:\/\/rkropisto.oikosulku.net\/?page_id=15"},"modified":"2025-12-05T07:53:54","modified_gmt":"2025-12-05T05:53:54","slug":"strategia","status":"publish","type":"page","link":"https:\/\/www.jamsanopisto.fi\/en\/jamsan-opisto\/strategia\/","title":{"rendered":"Strategia"},"content":{"rendered":"\t\t<div data-elementor-type=\"wp-page\" data-elementor-id=\"8250\" class=\"elementor elementor-8250\" data-elementor-post-type=\"page\">\n\t\t\t\t\t\t<section class=\"elementor-section elementor-top-section elementor-element elementor-element-de8943d elementor-section-boxed elementor-section-height-default elementor-section-height-default\" data-id=\"de8943d\" data-element_type=\"section\">\n\t\t\t\t\t\t<div class=\"elementor-container elementor-column-gap-default\">\n\t\t\t\t\t<div class=\"elementor-column elementor-col-100 elementor-top-column elementor-element elementor-element-3f62e7e\" data-id=\"3f62e7e\" data-element_type=\"column\">\n\t\t\t<div class=\"elementor-widget-wrap elementor-element-populated\">\n\t\t\t\t\t\t<div class=\"elementor-element elementor-element-7604551 elementor-widget elementor-widget-image\" data-id=\"7604551\" data-element_type=\"widget\" data-widget_type=\"image.default\">\n\t\t\t\t<div class=\"elementor-widget-container\">\n\t\t\t<style>\/*! elementor - v3.23.0 - 05-08-2024 *\/\n.elementor-widget-image{text-align:center}.elementor-widget-image a{display:inline-block}.elementor-widget-image a img[src$=\".svg\"]{width:48px}.elementor-widget-image img{vertical-align:middle;display:inline-block}<\/style>\t\t\t\t\t\t\t\t\t\t<img decoding=\"async\" src=\"https:\/\/www.jamsanopisto.fi\/wp-content\/uploads\/2025\/12\/strategia.png\" title=\"strategia\" alt=\"strategia\" loading=\"lazy\" \/>\t\t\t\t\t\t\t\t\t\t\t\t\t<\/div>\n\t\t\t\t<\/div>\n\t\t\t\t\t<\/div>\n\t\t<\/div>\n\t\t\t\t\t<\/div>\n\t\t<\/section>\n\t\t\t\t<section class=\"elementor-section elementor-top-section elementor-element elementor-element-77e6b5c elementor-section-boxed elementor-section-height-default elementor-section-height-default\" data-id=\"77e6b5c\" data-element_type=\"section\">\n\t\t\t\t\t\t<div class=\"elementor-container elementor-column-gap-default\">\n\t\t\t\t\t<div class=\"elementor-column elementor-col-100 elementor-top-column elementor-element elementor-element-79f3187\" data-id=\"79f3187\" data-element_type=\"column\">\n\t\t\t<div class=\"elementor-widget-wrap elementor-element-populated\">\n\t\t\t\t\t\t<div class=\"elementor-element elementor-element-f1797f1 elementor-widget elementor-widget-heading\" data-id=\"f1797f1\" data-element_type=\"widget\" data-widget_type=\"heading.default\">\n\t\t\t\t<div class=\"elementor-widget-container\">\n\t\t\t<style>\/*! elementor - v3.23.0 - 05-08-2024 *\/\n.elementor-heading-title{padding:0;margin:0;line-height:1}.elementor-widget-heading .elementor-heading-title[class*=elementor-size-]>a{color:inherit;font-size:inherit;line-height:inherit}.elementor-widget-heading .elementor-heading-title.elementor-size-small{font-size:15px}.elementor-widget-heading .elementor-heading-title.elementor-size-medium{font-size:19px}.elementor-widget-heading .elementor-heading-title.elementor-size-large{font-size:29px}.elementor-widget-heading .elementor-heading-title.elementor-size-xl{font-size:39px}.elementor-widget-heading .elementor-heading-title.elementor-size-xxl{font-size:59px}<\/style><h2 class=\"elementor-heading-title elementor-size-default\">Opistojen yhteisen strategian 2025- jalkautuminen J\u00e4ms\u00e4n opistossa<\/h2>\t\t<\/div>\n\t\t\t\t<\/div>\n\t\t\t\t\t<\/div>\n\t\t<\/div>\n\t\t\t\t\t<\/div>\n\t\t<\/section>\n\t\t\t\t<section class=\"elementor-section elementor-top-section elementor-element elementor-element-9263b9c elementor-section-boxed elementor-section-height-default elementor-section-height-default\" data-id=\"9263b9c\" data-element_type=\"section\">\n\t\t\t\t\t\t<div class=\"elementor-container elementor-column-gap-default\">\n\t\t\t\t\t<div class=\"elementor-column elementor-col-100 elementor-top-column elementor-element elementor-element-5acc6cca\" data-id=\"5acc6cca\" data-element_type=\"column\">\n\t\t\t<div class=\"elementor-widget-wrap elementor-element-populated\">\n\t\t\t\t\t\t<div class=\"elementor-element elementor-element-5d331cbb elementor-widget elementor-widget-text-editor\" data-id=\"5d331cbb\" data-element_type=\"widget\" data-widget_type=\"text-editor.default\">\n\t\t\t\t<div class=\"elementor-widget-container\">\n\t\t\t<style>\/*! elementor - v3.23.0 - 05-08-2024 *\/\n.elementor-widget-text-editor.elementor-drop-cap-view-stacked .elementor-drop-cap{background-color:#69727d;color:#fff}.elementor-widget-text-editor.elementor-drop-cap-view-framed .elementor-drop-cap{color:#69727d;border:3px solid;background-color:transparent}.elementor-widget-text-editor:not(.elementor-drop-cap-view-default) .elementor-drop-cap{margin-top:8px}.elementor-widget-text-editor:not(.elementor-drop-cap-view-default) .elementor-drop-cap-letter{width:1em;height:1em}.elementor-widget-text-editor .elementor-drop-cap{float:left;text-align:center;line-height:1;font-size:50px}.elementor-widget-text-editor .elementor-drop-cap-letter{display:inline-block}<\/style>\t\t\t\t<p><strong>Missio<\/strong><\/p><p><em>Opistomme palvelevat taustayhteis\u00f6\u00e4 ja yhteiskuntaa toteuttamalla monipuolista vapaan sivistysty\u00f6n koulutusta ja j\u00e4rjest\u00e4m\u00e4ll\u00e4 tapahtumia. Taustayhteis\u00f6mme on kansainv\u00e4lisesti toimiva vanhoillislestadiolainen her\u00e4tysliike. Kaikki toimintamme perustuu sen arvoihin.<\/em><\/p><ol><li>Kasvatamme nuoria vastuulliseen ty\u00f6kulttuuriin.<\/li><li>Nuoret oppivat yhteiskuntaa rakentavia terveit\u00e4 perusarvoja, jotka saattavat olla osin ristiriidassa yhteiskunnassa vallitsevien arvojen kanssa.<\/li><li>Pyrimme lis\u00e4\u00e4m\u00e4\u00e4n kansainv\u00e4lisyytt\u00e4 et\u00e4yhteyksien avulla.<\/li><\/ol><p>\u00a0<\/p><p><strong>Visio<\/strong><\/p><p><em>Olemme rakentava, my\u00f6nteinen ja kristillinen vaihtoehto. Opistomme ovat elinvoimaisia ja yhteis\u00f6llisi\u00e4 sis\u00e4oppilaitosmuotoisia kansanopistoja, jotka tarjoavat laadukkaan opiskelu-, ty\u00f6skentely- ja yhteisty\u00f6kokemuksen. <\/em><\/p><ol><li>Yhteis\u00f6llisyys toteutuu parhaimmillaan vertaisoppimisena.<\/li><li>Huolehdimme opetussuunnitelman toteuttamisesta laadukkaasti opiston arjessa.<\/li><li>Pid\u00e4mme s\u00e4\u00e4nn\u00f6llisen jumalanpalvelusel\u00e4m\u00e4n keskeisen\u00e4 niin opistolaisten sis\u00e4viikonloppuina kuin kurssiviikonloppuina.<\/li><\/ol><p>\u00a0<\/p><p><strong>Strategiset painopisteet<\/strong><\/p><p><em>Opistovuosi-koulutuksen tarjoaminen<\/em><\/p><ol><li>Opistovuosi-koulutusten keskeinen tavoite on nuorten v\u00e4hemmist\u00f6identiteetin vahvistaminen.<\/li><li>Lis\u00e4\u00e4mme harkinnanvaraisuutta opiskelijavalinnassa.<\/li><li>Otamme opiskelijavalintakriteereit\u00e4 uudistettaessa entist\u00e4 paremmin huomioon rahoittajan eli OKM:n asettamat kohderyhm\u00e4t.<\/li><li>Pyrimme opiskelijavalintakriteereiss\u00e4 ja opiskelijavalintojen toteuttamisessa mahdollisimman suureen avoimuuteen ja l\u00e4pin\u00e4kyvyyteen.<\/li><li>Selvit\u00e4mme iltanuoriso-ohjaajan resurssitarpeen.<\/li><\/ol><p>\u00a0<\/p><p><em>Opistotyyppisen kokemuksen tarjoavan vaihtoehtoisen kokemuksen (esim. Opari) tarjoaminen nuorille<\/em><\/p><ol><li>Tarjoamme jatkossa Opari-toimintaa v\u00e4hint\u00e4\u00e4nkin kahdelle ryhm\u00e4lle vuosittain.<\/li><li>Kehit\u00e4mme ja pilotoimme kehitysvammaisten Opari-toimintaa eli Kopari-toimintaa.<\/li><\/ol><p>\u00a0<\/p><p><em>Opiston kehitt\u00e4minen taloudellisesti, ekologisesti ja sosiaalisesti kest\u00e4v\u00e4sti<\/em><\/p><ol><li>Pid\u00e4mme talouden tasapainossa.<\/li><li>Tuemme eri sukupolvien kohtaamista.<\/li><\/ol><p>\u00a0<\/p><p><em>Toimitilaratkaisujen aktiivinen selvitt\u00e4minen<\/em><\/p><ol><li>J\u00e4ms\u00e4n opistokampuksen ulkoalueiden kehitt\u00e4minen liikunta- ja muita aktiviteetteja varten.<\/li><li>Parannamme majoitustilojen tasavertaisuutta.<\/li><li>Selvit\u00e4mme ja tarvittaessa korjaamme tilat, joissa ep\u00e4ill\u00e4\u00e4n sis\u00e4ilmaongelmia.<\/li><\/ol><p>\u00a0<\/p><p><strong>Arvolupaukset<\/strong><\/p><p><em>Yhteiskunta: Osana kansanopistoliikett\u00e4 rakennamme yhteiskuntaa laadukkaalla vapaan sivistysty\u00f6n koulutuksella ja muulla palvelutoiminnalla. Olemme luotettavia ja aktiivisia kumppaneita paikallisissa, alueellisissa ja valtakunnallisissa verkostoissa.<\/em><\/p><ol><li>Olemme aktiivisesti avoimia taustayhteis\u00f6n ulkopuolelle ja kutsumme ihmisi\u00e4 tutustumaan toimintaamme.<\/li><li>Markkinoimme opintolinjojamme aktiivisesti my\u00f6s taustayhteis\u00f6n ulkopuolelle.<\/li><\/ol><p>\u00a0<\/p><p><em>Opiskelija: Tarjoamme sek\u00e4 perusoppijaksolla ett\u00e4 lyhytkursseilla merkityksellisen, tasokkaan ja my\u00f6nteisen opiskelukokemuksen. Opiskelija saa monipuolisesti el\u00e4m\u00e4n ev\u00e4it\u00e4.<\/em><\/p><ol><li>Edist\u00e4mme jokaisen opiskelijan ja kurssilaisen kohtaamista, kuulluksi tulemista ja osallisuutta.<\/li><li>Huolehdimme, ett\u00e4 opisto on opiskelijalle ja kurssilaiselle turvallinen paikka opiskella ja asua.<\/li><\/ol><p>\u00a0<\/p><p><em>Taustayhteis\u00f6: Olemme taustayhteis\u00f6n koulutuskeskuksia. Kaikki toimintamme on taustayhteis\u00f6n opetuksen ja arvojen mukaista ja niit\u00e4 edist\u00e4v\u00e4\u00e4.<\/em><\/p><ol><li>Pid\u00e4mme esill\u00e4 uskomisen iloa ja vapautta sek\u00e4 uskovaisten yhteytt\u00e4.<\/li><li>Hoidamme kasvatusteht\u00e4v\u00e4\u00e4 my\u00f6s kotien suuntaan esimerkiksi rasismin torjumisessa.<\/li><\/ol>\t\t\t\t\t\t<\/div>\n\t\t\t\t<\/div>\n\t\t\t\t\t<\/div>\n\t\t<\/div>\n\t\t\t\t\t<\/div>\n\t\t<\/section>\n\t\t\t\t<\/div>\n\t\t","protected":false},"excerpt":{"rendered":"<p>Opistojen yhteisen strategian 2025- jalkautuminen J\u00e4ms\u00e4n opistossa Missio Opistomme palvelevat taustayhteis\u00f6\u00e4 ja yhteiskuntaa toteuttamalla monipuolista vapaan sivistysty\u00f6n koulutusta ja j\u00e4rjest\u00e4m\u00e4ll\u00e4 tapahtumia. Taustayhteis\u00f6mme on kansainv\u00e4lisesti toimiva vanhoillislestadiolainen her\u00e4tysliike. Kaikki toimintamme perustuu sen arvoihin. Kasvatamme nuoria vastuulliseen ty\u00f6kulttuuriin. Nuoret oppivat yhteiskuntaa rakentavia terveit\u00e4 perusarvoja, jotka saattavat olla osin ristiriidassa yhteiskunnassa vallitsevien arvojen kanssa. Pyrimme lis\u00e4\u00e4m\u00e4\u00e4n kansainv\u00e4lisyytt\u00e4 et\u00e4yhteyksien [&hellip;]<\/p>\n","protected":false},"author":1,"featured_media":0,"parent":68,"menu_order":2,"comment_status":"closed","ping_status":"closed","template":"","meta":{"footnotes":""},"class_list":["post-8250","page","type-page","status-publish","hentry"],"_links":{"self":[{"href":"https:\/\/www.jamsanopisto.fi\/en\/wp-json\/wp\/v2\/pages\/8250","targetHints":{"allow":["GET"]}}],"collection":[{"href":"https:\/\/www.jamsanopisto.fi\/en\/wp-json\/wp\/v2\/pages"}],"about":[{"href":"https:\/\/www.jamsanopisto.fi\/en\/wp-json\/wp\/v2\/types\/page"}],"author":[{"embeddable":true,"href":"https:\/\/www.jamsanopisto.fi\/en\/wp-json\/wp\/v2\/users\/1"}],"replies":[{"embeddable":true,"href":"https:\/\/www.jamsanopisto.fi\/en\/wp-json\/wp\/v2\/comments?post=8250"}],"version-history":[{"count":0,"href":"https:\/\/www.jamsanopisto.fi\/en\/wp-json\/wp\/v2\/pages\/8250\/revisions"}],"up":[{"embeddable":true,"href":"https:\/\/www.jamsanopisto.fi\/en\/wp-json\/wp\/v2\/pages\/68"}],"wp:attachment":[{"href":"https:\/\/www.jamsanopisto.fi\/en\/wp-json\/wp\/v2\/media?parent=8250"}],"curies":[{"name":"wp","href":"https:\/\/api.w.org\/{rel}","templated":true}]}}