{"id":7319,"date":"2020-08-07T11:53:04","date_gmt":"2020-08-07T08:53:04","guid":{"rendered":"\/?page_id=7319"},"modified":"2025-07-30T18:35:50","modified_gmt":"2025-07-30T15:35:50","slug":"opistolainen-tervetuloa-lukuvuodeksi-2024-2025-opistoon","status":"publish","type":"page","link":"https:\/\/www.jamsanopisto.fi\/en\/opistovuosi-2\/opistolainen-tervetuloa-lukuvuodeksi-2024-2025-opistoon\/","title":{"rendered":"Opistolainen, tervetuloa lukuvuodeksi 2025-2026 opistoon!"},"content":{"rendered":"<p><style>\/*! elementor - v3.14.0 - 26-06-2023 *\/<br \/>\n.elementor-widget-image{text-align:center}.elementor-widget-image a{display:inline-block}.elementor-widget-image a img[src$=\".svg\"]{width:48px}.elementor-widget-image img{vertical-align:middle;display:inline-block}<\/style><\/p>\n<p><img fetchpriority=\"high\" decoding=\"async\" class=\" wp-image-10475\" src=\"https:\/\/www.jamsanopisto.fi\/wp-content\/uploads\/2023\/12\/DJI_0697-e1702739264900-310x310.jpg\" alt=\"\" width=\"439\" height=\"439\" srcset=\"https:\/\/www.jamsanopisto.fi\/wp-content\/uploads\/2023\/12\/DJI_0697-e1702739264900-310x310.jpg 310w, https:\/\/www.jamsanopisto.fi\/wp-content\/uploads\/2023\/12\/DJI_0697-e1702739264900-1024x1024.jpg 1024w, https:\/\/www.jamsanopisto.fi\/wp-content\/uploads\/2023\/12\/DJI_0697-e1702739264900-150x150.jpg 150w, https:\/\/www.jamsanopisto.fi\/wp-content\/uploads\/2023\/12\/DJI_0697-e1702739264900-768x768.jpg 768w, https:\/\/www.jamsanopisto.fi\/wp-content\/uploads\/2023\/12\/DJI_0697-e1702739264900-12x12.jpg 12w, https:\/\/www.jamsanopisto.fi\/wp-content\/uploads\/2023\/12\/DJI_0697-e1702739264900.jpg 1500w\" sizes=\"(max-width: 439px) 100vw, 439px\" \/><\/p>\n<p><style>\/*! elementor - v3.14.0 - 26-06-2023 *\/<br \/>\n.elementor-heading-title{padding:0;margin:0;line-height:1}.elementor-widget-heading .elementor-heading-title[class*=elementor-size-]>a{color:inherit;font-size:inherit;line-height:inherit}.elementor-widget-heading .elementor-heading-title.elementor-size-small{font-size:15px}.elementor-widget-heading .elementor-heading-title.elementor-size-medium{font-size:19px}.elementor-widget-heading .elementor-heading-title.elementor-size-large{font-size:29px}.elementor-widget-heading .elementor-heading-title.elementor-size-xl{font-size:39px}.elementor-widget-heading .elementor-heading-title.elementor-size-xxl{font-size:59px}<\/style><\/p>\n<h2>Lukuvuoden mittainen erilainen vuosi<\/h2>\n<p>Toivotamme Sinut l\u00e4mpim\u00e4sti tervetulleeksi opistoon. Olet aloittamassa l\u00e4hes yhdeks\u00e4n kuukauden mittaista seikkailua, joka on t\u00e4ynn\u00e4 l\u00f6yt\u00e4misen iloa, kasvua ja oppimista. Tavoitteenamme on edist\u00e4\u00e4 kehittymist\u00e4si ja hyvinvointiasi monin eri tavoin. Toivomme, ett\u00e4 opistovuoden aikana opit tuntemaan itse\u00e4si, opit ymm\u00e4rt\u00e4m\u00e4\u00e4n ja arvostamaan erilaisuutta sek\u00e4 saat vahvistusta uskonel\u00e4m\u00e4\u00e4si.<\/p>\n<p>Allaolevasta linkist\u00e4 p\u00e4\u00e4set lukemaan Tervetuloa Opistoon -vihkosen. Siin\u00e4 on t\u00e4rke\u00e4\u00e4 tietoa opistolaisille ja heid\u00e4n huoltajilleen.<\/p>\n<h2><a href=\"https:\/\/www.jamsanopisto.fi\/wp-content\/uploads\/2025\/07\/Tervetuloa-opistoon-2025-2026-Jamsan-kampus.pdf\">TERVETULOA OPISTOON 2025-2026<\/a><\/h2>\n<h2>Arvot ohjaavat opistoel\u00e4m\u00e4\u00e4 ja opistolaisen el\u00e4m\u00e4\u00e4<\/h2>\n<p>J\u00e4ms\u00e4n Kristillisen Kansanopiston koulutus perustuu vanhoillislestadiolaisen her\u00e4tysliikkeen kristillisiin arvoihin. Alla olevat arvot ohjaavat el\u00e4m\u00e4\u00e4mme opistossa. Uskomme, ett\u00e4 kun me kaikki pyrimme el\u00e4m\u00e4\u00e4n arvojemme mukaan, meill\u00e4 kaikilla on hyv\u00e4 opistovuosi. Siisp\u00e4 erilaisissa toiminnoissa, p\u00e4\u00e4t\u00f6ksenteossa, valinnoissa ja yhdess\u00e4olossa haluamme pit\u00e4\u00e4 t\u00e4rkeimpin\u00e4 ohjaajina seuraavia el\u00e4m\u00e4n arvoja:<\/p>\n<h3>Kristilliset arvot<\/h3>\n<p>usko Jumalaan \u2013 ihmisarvo \u2013 kristillinen el\u00e4m\u00e4 \u2013 rehellisyys \u2013 lain kunnioitus \u2013 koti ja perhe \u2013 ihmissuhteet \u2013 l\u00e4himm\u00e4isenrakkaus ja toisen kunnioittaminen<\/p>\n<h3>Vastuullisuus<\/h3>\n<p>kotiseutu \u2013 is\u00e4nmaallisuus \u2013 kansainv\u00e4lisyys \u2013 raittius ja terveet el\u00e4m\u00e4ntavat \u2013 omatoimisuus \u2013 avoimuus \u2013 ty\u00f6n arvostaminen \u2013 aktiivinen kansalaisuus \u2013 ihmisen erilaisuuden kunnioittaminen \u2013 elinymp\u00e4rist\u00f6n hoitaminen ja kest\u00e4v\u00e4 kehitys<\/p>\n<h3>Yhteis\u00f6llisyys<\/h3>\n<p>opiskelussa ja oppimisessa \u2013 sis\u00e4oppilaitoksen muussa toiminnassa \u2013 tiedonkulussa<\/p>\n<h3>Elinik\u00e4inen oppiminen<\/h3>\n<p>innovatiivisuus \u2013 sis\u00e4inen yritt\u00e4jyys \u2013 kokonaisvaltaisuus<\/p>\n\n\n<p><\/p>\n","protected":false},"excerpt":{"rendered":"<p>Lukuvuoden mittainen erilainen vuosi Toivotamme Sinut l\u00e4mpim\u00e4sti tervetulleeksi opistoon. Olet aloittamassa l\u00e4hes yhdeks\u00e4n kuukauden mittaista seikkailua, joka on t\u00e4ynn\u00e4 l\u00f6yt\u00e4misen iloa, kasvua ja oppimista. Tavoitteenamme on edist\u00e4\u00e4 kehittymist\u00e4si ja hyvinvointiasi monin eri tavoin. Toivomme, ett\u00e4 opistovuoden aikana opit tuntemaan itse\u00e4si, opit ymm\u00e4rt\u00e4m\u00e4\u00e4n ja arvostamaan erilaisuutta sek\u00e4 saat vahvistusta uskonel\u00e4m\u00e4\u00e4si. Allaolevasta linkist\u00e4 p\u00e4\u00e4set lukemaan Tervetuloa Opistoon [&hellip;]<\/p>\n","protected":false},"author":1,"featured_media":8764,"parent":8252,"menu_order":1,"comment_status":"closed","ping_status":"closed","template":"","meta":{"footnotes":""},"class_list":["post-7319","page","type-page","status-publish","has-post-thumbnail","hentry"],"_links":{"self":[{"href":"https:\/\/www.jamsanopisto.fi\/en\/wp-json\/wp\/v2\/pages\/7319","targetHints":{"allow":["GET"]}}],"collection":[{"href":"https:\/\/www.jamsanopisto.fi\/en\/wp-json\/wp\/v2\/pages"}],"about":[{"href":"https:\/\/www.jamsanopisto.fi\/en\/wp-json\/wp\/v2\/types\/page"}],"author":[{"embeddable":true,"href":"https:\/\/www.jamsanopisto.fi\/en\/wp-json\/wp\/v2\/users\/1"}],"replies":[{"embeddable":true,"href":"https:\/\/www.jamsanopisto.fi\/en\/wp-json\/wp\/v2\/comments?post=7319"}],"version-history":[{"count":0,"href":"https:\/\/www.jamsanopisto.fi\/en\/wp-json\/wp\/v2\/pages\/7319\/revisions"}],"up":[{"embeddable":true,"href":"https:\/\/www.jamsanopisto.fi\/en\/wp-json\/wp\/v2\/pages\/8252"}],"wp:featuredmedia":[{"embeddable":true,"href":"https:\/\/www.jamsanopisto.fi\/en\/wp-json\/wp\/v2\/media\/8764"}],"wp:attachment":[{"href":"https:\/\/www.jamsanopisto.fi\/en\/wp-json\/wp\/v2\/media?parent=7319"}],"curies":[{"name":"wp","href":"https:\/\/api.w.org\/{rel}","templated":true}]}}