{"id":7030,"date":"2020-01-16T15:16:31","date_gmt":"2020-01-16T13:16:31","guid":{"rendered":"\/?page_id=7030"},"modified":"2026-01-09T10:51:38","modified_gmt":"2026-01-09T08:51:38","slug":"huoneistovuokraus","status":"publish","type":"page","link":"https:\/\/www.jamsanopisto.fi\/en\/tapahtumat-ja-palvelut\/huoneistovuokraus\/","title":{"rendered":"Huoneistovuokraus"},"content":{"rendered":"\t\t<div data-elementor-type=\"wp-page\" data-elementor-id=\"7030\" class=\"elementor elementor-7030\" data-elementor-post-type=\"page\">\n\t\t\t\t\t\t<section class=\"elementor-section elementor-top-section elementor-element elementor-element-4bd9b764 elementor-section-boxed elementor-section-height-default elementor-section-height-default\" data-id=\"4bd9b764\" data-element_type=\"section\">\n\t\t\t\t\t\t<div class=\"elementor-container elementor-column-gap-default\">\n\t\t\t\t\t<div class=\"elementor-column elementor-col-100 elementor-top-column elementor-element elementor-element-6f488388\" data-id=\"6f488388\" data-element_type=\"column\">\n\t\t\t<div class=\"elementor-widget-wrap elementor-element-populated\">\n\t\t\t\t\t\t<div class=\"elementor-element elementor-element-cb7af1c elementor-widget elementor-widget-heading\" data-id=\"cb7af1c\" data-element_type=\"widget\" data-widget_type=\"heading.default\">\n\t\t\t\t<div class=\"elementor-widget-container\">\n\t\t\t<style>\/*! elementor - v3.23.0 - 05-08-2024 *\/\n.elementor-heading-title{padding:0;margin:0;line-height:1}.elementor-widget-heading .elementor-heading-title[class*=elementor-size-]>a{color:inherit;font-size:inherit;line-height:inherit}.elementor-widget-heading .elementor-heading-title.elementor-size-small{font-size:15px}.elementor-widget-heading .elementor-heading-title.elementor-size-medium{font-size:19px}.elementor-widget-heading .elementor-heading-title.elementor-size-large{font-size:29px}.elementor-widget-heading .elementor-heading-title.elementor-size-xl{font-size:39px}.elementor-widget-heading .elementor-heading-title.elementor-size-xxl{font-size:59px}<\/style><h2 class=\"elementor-heading-title elementor-size-default\">Loma J\u00e4ms\u00e4ss\u00e4  \u2013 varaa loma-asunto opistolta<\/h2>\t\t<\/div>\n\t\t\t\t<\/div>\n\t\t\t\t<div class=\"elementor-element elementor-element-5e0cd6d5 elementor-widget elementor-widget-text-editor\" data-id=\"5e0cd6d5\" data-element_type=\"widget\" data-widget_type=\"text-editor.default\">\n\t\t\t\t<div class=\"elementor-widget-container\">\n\t\t\t<style>\/*! elementor - v3.23.0 - 05-08-2024 *\/\n.elementor-widget-text-editor.elementor-drop-cap-view-stacked .elementor-drop-cap{background-color:#69727d;color:#fff}.elementor-widget-text-editor.elementor-drop-cap-view-framed .elementor-drop-cap{color:#69727d;border:3px solid;background-color:transparent}.elementor-widget-text-editor:not(.elementor-drop-cap-view-default) .elementor-drop-cap{margin-top:8px}.elementor-widget-text-editor:not(.elementor-drop-cap-view-default) .elementor-drop-cap-letter{width:1em;height:1em}.elementor-widget-text-editor .elementor-drop-cap{float:left;text-align:center;line-height:1;font-size:50px}.elementor-widget-text-editor .elementor-drop-cap-letter{display:inline-block}<\/style>\t\t\t\t<p>Opisto vuokraa kalustettuja rivitalohuoneistoja koulujen loma-aikoina.<\/p>\n<h3>\u00a0<\/h3>\n<h3>Ajankohdat<\/h3>\n<p>Lukuvuonna 2025-2026 huoneistot vuokrattavissa:\u00a0<\/p>\n<ul>\n<li>16.-19.2.2026<\/li>\n<li>23.2.-26.2.2026<\/li>\n<li>3.-6.4.2026, P\u00e4\u00e4si\u00e4inen\u00a0<\/li>\n<\/ul>\n<p style=\"margin: 0px; font-variant-numeric: normal; font-variant-east-asian: normal; font-variant-alternates: normal; font-size-adjust: none; font-kerning: auto; font-optical-sizing: auto; font-feature-settings: normal; font-variation-settings: normal; font-variant-position: normal; font-variant-emoji: normal; font-stretch: normal; font-size: 13px; line-height: normal; font-family: 'Helvetica Neue';\">\u00a0<\/p>\n<h3>Varattavat tilat<\/h3>\n<p><strong>Harmaassa rivitalossa oma huoneisto\/huone<\/strong><\/p>\n<ul>\n<li>Huoneistossa on 4 kahden hengen huonetta, jokaisessa huoneessa on oma wc\/suihku.<\/li>\n<li>Lis\u00e4ksi kaikille yhteinen oleskelutila\/keitti\u00f6.<\/li>\n<li>Hinta koko huoneisto 400 euroa\/4 vrk (hinta yksityistalouksille).<\/li>\n<li>Varattavissa my\u00f6s lyhyempi\u00e4\/pidempi\u00e4 aikoja sek\u00e4 yksitt\u00e4isi\u00e4 huoneita.<\/li>\n<\/ul>\n<p>\u00a0<\/p>\n<p><strong>Keltaisessa rivitalossa oma huoneisto\/huone<\/strong><\/p>\n<ul>\n<li>Huoneistossa on 4 huonetta. Huoneessa 2-4 vuodetta.<\/li>\n<li>Suihkut\/wc:t ovat\u00a0 yhteiset, samoin kuin oleskelutila\/keitti\u00f6.<\/li>\n<li>Hinta koko huoneisto 330-400 euroa\/4 vrk (hinta yksityistalouksille).<\/li>\n<li>Varattavissa my\u00f6s lyhyempi\u00e4\/pidempi\u00e4 aikoja sek\u00e4 yksitt\u00e4isi\u00e4 huoneita.<\/li>\n<\/ul>\n<p>\u00a0<\/p>\n<p><!-- \/wp:list-item --><\/p>\n<p><!-- \/wp:list --><\/p>\n<p><!-- wp:paragraph --><\/p>\n<p><!-- \/wp:list-item --><\/p>\n<p><!-- \/wp:list --><\/p>\n<p><!-- wp:paragraph --><\/p>\n<p><!-- \/wp:paragraph --><\/p>\t\t\t\t\t\t<\/div>\n\t\t\t\t<\/div>\n\t\t\t\t\t<\/div>\n\t\t<\/div>\n\t\t\t\t\t<\/div>\n\t\t<\/section>\n\t\t\t\t<section class=\"elementor-section elementor-top-section elementor-element elementor-element-5667cf5 elementor-section-boxed elementor-section-height-default elementor-section-height-default\" data-id=\"5667cf5\" data-element_type=\"section\">\n\t\t\t\t\t\t<div class=\"elementor-container elementor-column-gap-default\">\n\t\t\t\t\t<div class=\"elementor-column elementor-col-33 elementor-top-column elementor-element elementor-element-e648efc\" data-id=\"e648efc\" data-element_type=\"column\">\n\t\t\t<div class=\"elementor-widget-wrap elementor-element-populated\">\n\t\t\t\t\t\t<div class=\"elementor-element elementor-element-12264b8 elementor-widget elementor-widget-image\" data-id=\"12264b8\" data-element_type=\"widget\" data-widget_type=\"image.default\">\n\t\t\t\t<div class=\"elementor-widget-container\">\n\t\t\t<style>\/*! elementor - v3.23.0 - 05-08-2024 *\/\n.elementor-widget-image{text-align:center}.elementor-widget-image a{display:inline-block}.elementor-widget-image a img[src$=\".svg\"]{width:48px}.elementor-widget-image img{vertical-align:middle;display:inline-block}<\/style>\t\t\t\t\t\t\t<figure class=\"wp-caption\">\n\t\t\t\t\t\t\t\t\t\t<img fetchpriority=\"high\" decoding=\"async\" width=\"800\" height=\"600\" src=\"https:\/\/www.jamsanopisto.fi\/wp-content\/uploads\/2024\/12\/harmaa_rivitalo.jpg\" class=\"attachment-large size-large wp-image-11991\" alt=\"\" srcset=\"https:\/\/www.jamsanopisto.fi\/wp-content\/uploads\/2024\/12\/harmaa_rivitalo.jpg 800w, https:\/\/www.jamsanopisto.fi\/wp-content\/uploads\/2024\/12\/harmaa_rivitalo-310x233.jpg 310w, https:\/\/www.jamsanopisto.fi\/wp-content\/uploads\/2024\/12\/harmaa_rivitalo-768x576.jpg 768w, https:\/\/www.jamsanopisto.fi\/wp-content\/uploads\/2024\/12\/harmaa_rivitalo-16x12.jpg 16w\" sizes=\"(max-width: 800px) 100vw, 800px\" \/>\t\t\t\t\t\t\t\t\t\t\t<figcaption class=\"widget-image-caption wp-caption-text\">HARMAA RIVITALO Kuva: Iina Rentola<\/figcaption>\n\t\t\t\t\t\t\t\t\t\t<\/figure>\n\t\t\t\t\t\t\t<\/div>\n\t\t\t\t<\/div>\n\t\t\t\t\t<\/div>\n\t\t<\/div>\n\t\t\t\t<div class=\"elementor-column elementor-col-33 elementor-top-column elementor-element elementor-element-94e80e0\" data-id=\"94e80e0\" data-element_type=\"column\">\n\t\t\t<div class=\"elementor-widget-wrap elementor-element-populated\">\n\t\t\t\t\t\t<div class=\"elementor-element elementor-element-3a999c8 elementor-widget elementor-widget-image\" data-id=\"3a999c8\" data-element_type=\"widget\" data-widget_type=\"image.default\">\n\t\t\t\t<div class=\"elementor-widget-container\">\n\t\t\t\t\t\t\t\t\t\t<figure class=\"wp-caption\">\n\t\t\t\t\t\t\t\t\t\t<img decoding=\"async\" width=\"800\" height=\"600\" src=\"https:\/\/www.jamsanopisto.fi\/wp-content\/uploads\/2024\/12\/piippola.jpg\" class=\"attachment-large size-large wp-image-12089\" alt=\"\" srcset=\"https:\/\/www.jamsanopisto.fi\/wp-content\/uploads\/2024\/12\/piippola.jpg 800w, https:\/\/www.jamsanopisto.fi\/wp-content\/uploads\/2024\/12\/piippola-310x233.jpg 310w, https:\/\/www.jamsanopisto.fi\/wp-content\/uploads\/2024\/12\/piippola-768x576.jpg 768w, https:\/\/www.jamsanopisto.fi\/wp-content\/uploads\/2024\/12\/piippola-16x12.jpg 16w\" sizes=\"(max-width: 800px) 100vw, 800px\" \/>\t\t\t\t\t\t\t\t\t\t\t<figcaption class=\"widget-image-caption wp-caption-text\">Harmaan rivitalon keitti\u00f6+olohuone. Kuva: Tapio Kantola<\/figcaption>\n\t\t\t\t\t\t\t\t\t\t<\/figure>\n\t\t\t\t\t\t\t<\/div>\n\t\t\t\t<\/div>\n\t\t\t\t\t<\/div>\n\t\t<\/div>\n\t\t\t\t<div class=\"elementor-column elementor-col-33 elementor-top-column elementor-element elementor-element-b985a09\" data-id=\"b985a09\" data-element_type=\"column\">\n\t\t\t<div class=\"elementor-widget-wrap elementor-element-populated\">\n\t\t\t\t\t\t<div class=\"elementor-element elementor-element-a0507b9 elementor-widget elementor-widget-image\" data-id=\"a0507b9\" data-element_type=\"widget\" data-widget_type=\"image.default\">\n\t\t\t\t<div class=\"elementor-widget-container\">\n\t\t\t\t\t\t\t\t\t\t<figure class=\"wp-caption\">\n\t\t\t\t\t\t\t\t\t\t<img decoding=\"async\" width=\"800\" height=\"600\" src=\"https:\/\/www.jamsanopisto.fi\/wp-content\/uploads\/2024\/12\/mervola.jpg\" class=\"attachment-large size-large wp-image-12095\" alt=\"\" srcset=\"https:\/\/www.jamsanopisto.fi\/wp-content\/uploads\/2024\/12\/mervola.jpg 800w, https:\/\/www.jamsanopisto.fi\/wp-content\/uploads\/2024\/12\/mervola-310x233.jpg 310w, https:\/\/www.jamsanopisto.fi\/wp-content\/uploads\/2024\/12\/mervola-768x576.jpg 768w, https:\/\/www.jamsanopisto.fi\/wp-content\/uploads\/2024\/12\/mervola-16x12.jpg 16w\" sizes=\"(max-width: 800px) 100vw, 800px\" \/>\t\t\t\t\t\t\t\t\t\t\t<figcaption class=\"widget-image-caption wp-caption-text\">Harmaan rivitalon makuuhuone. Kuva: Tapio Kantola<\/figcaption>\n\t\t\t\t\t\t\t\t\t\t<\/figure>\n\t\t\t\t\t\t\t<\/div>\n\t\t\t\t<\/div>\n\t\t\t\t\t<\/div>\n\t\t<\/div>\n\t\t\t\t\t<\/div>\n\t\t<\/section>\n\t\t\t\t<section class=\"elementor-section elementor-top-section elementor-element elementor-element-af7ff1d elementor-section-boxed elementor-section-height-default elementor-section-height-default\" data-id=\"af7ff1d\" data-element_type=\"section\">\n\t\t\t\t\t\t<div class=\"elementor-container elementor-column-gap-default\">\n\t\t\t\t\t<div class=\"elementor-column elementor-col-33 elementor-top-column elementor-element elementor-element-972c0e5\" data-id=\"972c0e5\" data-element_type=\"column\">\n\t\t\t<div class=\"elementor-widget-wrap elementor-element-populated\">\n\t\t\t\t\t\t<div class=\"elementor-element elementor-element-6890a1d elementor-widget elementor-widget-image\" data-id=\"6890a1d\" data-element_type=\"widget\" data-widget_type=\"image.default\">\n\t\t\t\t<div class=\"elementor-widget-container\">\n\t\t\t\t\t\t\t\t\t\t<figure class=\"wp-caption\">\n\t\t\t\t\t\t\t\t\t\t<img loading=\"lazy\" decoding=\"async\" width=\"800\" height=\"600\" src=\"https:\/\/www.jamsanopisto.fi\/wp-content\/uploads\/2024\/12\/keltainen_rivitalo.jpg\" class=\"attachment-large size-large wp-image-11987\" alt=\"\" srcset=\"https:\/\/www.jamsanopisto.fi\/wp-content\/uploads\/2024\/12\/keltainen_rivitalo.jpg 800w, https:\/\/www.jamsanopisto.fi\/wp-content\/uploads\/2024\/12\/keltainen_rivitalo-310x233.jpg 310w, https:\/\/www.jamsanopisto.fi\/wp-content\/uploads\/2024\/12\/keltainen_rivitalo-768x576.jpg 768w, https:\/\/www.jamsanopisto.fi\/wp-content\/uploads\/2024\/12\/keltainen_rivitalo-16x12.jpg 16w\" sizes=\"(max-width: 800px) 100vw, 800px\" \/>\t\t\t\t\t\t\t\t\t\t\t<figcaption class=\"widget-image-caption wp-caption-text\">KELTAINEN RIVITALO Kuva: Iina Rentola<\/figcaption>\n\t\t\t\t\t\t\t\t\t\t<\/figure>\n\t\t\t\t\t\t\t<\/div>\n\t\t\t\t<\/div>\n\t\t\t\t\t<\/div>\n\t\t<\/div>\n\t\t\t\t<div class=\"elementor-column elementor-col-33 elementor-top-column elementor-element elementor-element-16dfd05\" data-id=\"16dfd05\" data-element_type=\"column\">\n\t\t\t<div class=\"elementor-widget-wrap elementor-element-populated\">\n\t\t\t\t\t\t<div class=\"elementor-element elementor-element-df5d517 elementor-widget elementor-widget-image\" data-id=\"df5d517\" data-element_type=\"widget\" data-widget_type=\"image.default\">\n\t\t\t\t<div class=\"elementor-widget-container\">\n\t\t\t\t\t\t\t\t\t\t<figure class=\"wp-caption\">\n\t\t\t\t\t\t\t\t\t\t<img loading=\"lazy\" decoding=\"async\" width=\"800\" height=\"600\" src=\"https:\/\/www.jamsanopisto.fi\/wp-content\/uploads\/2024\/12\/mikrola.jpg\" class=\"attachment-large size-large wp-image-12088\" alt=\"\" srcset=\"https:\/\/www.jamsanopisto.fi\/wp-content\/uploads\/2024\/12\/mikrola.jpg 800w, https:\/\/www.jamsanopisto.fi\/wp-content\/uploads\/2024\/12\/mikrola-310x233.jpg 310w, https:\/\/www.jamsanopisto.fi\/wp-content\/uploads\/2024\/12\/mikrola-768x576.jpg 768w, https:\/\/www.jamsanopisto.fi\/wp-content\/uploads\/2024\/12\/mikrola-16x12.jpg 16w\" sizes=\"(max-width: 800px) 100vw, 800px\" \/>\t\t\t\t\t\t\t\t\t\t\t<figcaption class=\"widget-image-caption wp-caption-text\">Keltaisen rivitalon olohuone+keitti\u00f6. Kuva: Tapio Kantola<\/figcaption>\n\t\t\t\t\t\t\t\t\t\t<\/figure>\n\t\t\t\t\t\t\t<\/div>\n\t\t\t\t<\/div>\n\t\t\t\t\t<\/div>\n\t\t<\/div>\n\t\t\t\t<div class=\"elementor-column elementor-col-33 elementor-top-column elementor-element elementor-element-0c5b3ae\" data-id=\"0c5b3ae\" data-element_type=\"column\">\n\t\t\t<div class=\"elementor-widget-wrap elementor-element-populated\">\n\t\t\t\t\t\t<div class=\"elementor-element elementor-element-e5ef58b elementor-widget elementor-widget-image\" data-id=\"e5ef58b\" data-element_type=\"widget\" data-widget_type=\"image.default\">\n\t\t\t\t<div class=\"elementor-widget-container\">\n\t\t\t\t\t\t\t\t\t\t<figure class=\"wp-caption\">\n\t\t\t\t\t\t\t\t\t\t<img loading=\"lazy\" decoding=\"async\" width=\"800\" height=\"600\" src=\"https:\/\/www.jamsanopisto.fi\/wp-content\/uploads\/2024\/12\/bittila.jpg\" class=\"attachment-large size-large wp-image-12094\" alt=\"\" srcset=\"https:\/\/www.jamsanopisto.fi\/wp-content\/uploads\/2024\/12\/bittila.jpg 800w, https:\/\/www.jamsanopisto.fi\/wp-content\/uploads\/2024\/12\/bittila-310x233.jpg 310w, https:\/\/www.jamsanopisto.fi\/wp-content\/uploads\/2024\/12\/bittila-768x576.jpg 768w, https:\/\/www.jamsanopisto.fi\/wp-content\/uploads\/2024\/12\/bittila-16x12.jpg 16w\" sizes=\"(max-width: 800px) 100vw, 800px\" \/>\t\t\t\t\t\t\t\t\t\t\t<figcaption class=\"widget-image-caption wp-caption-text\">Keltaisen rivitalon makuuhuone. Kuva: Tapio Kantola<\/figcaption>\n\t\t\t\t\t\t\t\t\t\t<\/figure>\n\t\t\t\t\t\t\t<\/div>\n\t\t\t\t<\/div>\n\t\t\t\t\t<\/div>\n\t\t<\/div>\n\t\t\t\t\t<\/div>\n\t\t<\/section>\n\t\t\t\t<section class=\"elementor-section elementor-top-section elementor-element elementor-element-7979909 elementor-section-boxed elementor-section-height-default elementor-section-height-default\" data-id=\"7979909\" data-element_type=\"section\">\n\t\t\t\t\t\t<div class=\"elementor-container elementor-column-gap-default\">\n\t\t\t\t\t<div class=\"elementor-column elementor-col-100 elementor-top-column elementor-element elementor-element-3cad336\" data-id=\"3cad336\" data-element_type=\"column\">\n\t\t\t<div class=\"elementor-widget-wrap elementor-element-populated\">\n\t\t\t\t\t\t<div class=\"elementor-element elementor-element-66895d5 elementor-widget-divider--view-line elementor-widget elementor-widget-divider\" data-id=\"66895d5\" data-element_type=\"widget\" data-widget_type=\"divider.default\">\n\t\t\t\t<div class=\"elementor-widget-container\">\n\t\t\t<style>\/*! elementor - v3.23.0 - 05-08-2024 *\/\n.elementor-widget-divider{--divider-border-style:none;--divider-border-width:1px;--divider-color:#0c0d0e;--divider-icon-size:20px;--divider-element-spacing:10px;--divider-pattern-height:24px;--divider-pattern-size:20px;--divider-pattern-url:none;--divider-pattern-repeat:repeat-x}.elementor-widget-divider .elementor-divider{display:flex}.elementor-widget-divider .elementor-divider__text{font-size:15px;line-height:1;max-width:95%}.elementor-widget-divider .elementor-divider__element{margin:0 var(--divider-element-spacing);flex-shrink:0}.elementor-widget-divider .elementor-icon{font-size:var(--divider-icon-size)}.elementor-widget-divider .elementor-divider-separator{display:flex;margin:0;direction:ltr}.elementor-widget-divider--view-line_icon .elementor-divider-separator,.elementor-widget-divider--view-line_text .elementor-divider-separator{align-items:center}.elementor-widget-divider--view-line_icon .elementor-divider-separator:after,.elementor-widget-divider--view-line_icon .elementor-divider-separator:before,.elementor-widget-divider--view-line_text .elementor-divider-separator:after,.elementor-widget-divider--view-line_text .elementor-divider-separator:before{display:block;content:\"\";border-block-end:0;flex-grow:1;border-block-start:var(--divider-border-width) var(--divider-border-style) var(--divider-color)}.elementor-widget-divider--element-align-left .elementor-divider .elementor-divider-separator>.elementor-divider__svg:first-of-type{flex-grow:0;flex-shrink:100}.elementor-widget-divider--element-align-left .elementor-divider-separator:before{content:none}.elementor-widget-divider--element-align-left .elementor-divider__element{margin-left:0}.elementor-widget-divider--element-align-right .elementor-divider .elementor-divider-separator>.elementor-divider__svg:last-of-type{flex-grow:0;flex-shrink:100}.elementor-widget-divider--element-align-right .elementor-divider-separator:after{content:none}.elementor-widget-divider--element-align-right .elementor-divider__element{margin-right:0}.elementor-widget-divider--element-align-start .elementor-divider .elementor-divider-separator>.elementor-divider__svg:first-of-type{flex-grow:0;flex-shrink:100}.elementor-widget-divider--element-align-start .elementor-divider-separator:before{content:none}.elementor-widget-divider--element-align-start .elementor-divider__element{margin-inline-start:0}.elementor-widget-divider--element-align-end .elementor-divider .elementor-divider-separator>.elementor-divider__svg:last-of-type{flex-grow:0;flex-shrink:100}.elementor-widget-divider--element-align-end .elementor-divider-separator:after{content:none}.elementor-widget-divider--element-align-end .elementor-divider__element{margin-inline-end:0}.elementor-widget-divider:not(.elementor-widget-divider--view-line_text):not(.elementor-widget-divider--view-line_icon) .elementor-divider-separator{border-block-start:var(--divider-border-width) var(--divider-border-style) var(--divider-color)}.elementor-widget-divider--separator-type-pattern{--divider-border-style:none}.elementor-widget-divider--separator-type-pattern.elementor-widget-divider--view-line .elementor-divider-separator,.elementor-widget-divider--separator-type-pattern:not(.elementor-widget-divider--view-line) .elementor-divider-separator:after,.elementor-widget-divider--separator-type-pattern:not(.elementor-widget-divider--view-line) .elementor-divider-separator:before,.elementor-widget-divider--separator-type-pattern:not([class*=elementor-widget-divider--view]) .elementor-divider-separator{width:100%;min-height:var(--divider-pattern-height);-webkit-mask-size:var(--divider-pattern-size) 100%;mask-size:var(--divider-pattern-size) 100%;-webkit-mask-repeat:var(--divider-pattern-repeat);mask-repeat:var(--divider-pattern-repeat);background-color:var(--divider-color);-webkit-mask-image:var(--divider-pattern-url);mask-image:var(--divider-pattern-url)}.elementor-widget-divider--no-spacing{--divider-pattern-size:auto}.elementor-widget-divider--bg-round{--divider-pattern-repeat:round}.rtl .elementor-widget-divider .elementor-divider__text{direction:rtl}.e-con-inner>.elementor-widget-divider,.e-con>.elementor-widget-divider{width:var(--container-widget-width,100%);--flex-grow:var(--container-widget-flex-grow)}<\/style>\t\t<div class=\"elementor-divider\">\n\t\t\t<span class=\"elementor-divider-separator\">\n\t\t\t\t\t\t<\/span>\n\t\t<\/div>\n\t\t\t\t<\/div>\n\t\t\t\t<\/div>\n\t\t\t\t\t<\/div>\n\t\t<\/div>\n\t\t\t\t\t<\/div>\n\t\t<\/section>\n\t\t\t\t<section class=\"elementor-section elementor-top-section elementor-element elementor-element-53b7787 elementor-section-boxed elementor-section-height-default elementor-section-height-default\" data-id=\"53b7787\" data-element_type=\"section\">\n\t\t\t\t\t\t<div class=\"elementor-container elementor-column-gap-default\">\n\t\t\t\t\t<div class=\"elementor-column elementor-col-50 elementor-top-column elementor-element elementor-element-8a89700\" data-id=\"8a89700\" data-element_type=\"column\">\n\t\t\t<div class=\"elementor-widget-wrap elementor-element-populated\">\n\t\t\t\t\t\t<div class=\"elementor-element elementor-element-c7a82f0 elementor-widget elementor-widget-image\" data-id=\"c7a82f0\" data-element_type=\"widget\" data-widget_type=\"image.default\">\n\t\t\t\t<div class=\"elementor-widget-container\">\n\t\t\t\t\t\t\t\t\t\t<figure class=\"wp-caption\">\n\t\t\t\t\t\t\t\t\t\t<img loading=\"lazy\" decoding=\"async\" width=\"800\" height=\"533\" src=\"https:\/\/www.jamsanopisto.fi\/wp-content\/uploads\/2022\/12\/DSC09507-1024x682.jpg\" class=\"attachment-large size-large wp-image-9678\" alt=\"\" srcset=\"https:\/\/www.jamsanopisto.fi\/wp-content\/uploads\/2022\/12\/DSC09507-1024x682.jpg 1024w, https:\/\/www.jamsanopisto.fi\/wp-content\/uploads\/2022\/12\/DSC09507-310x207.jpg 310w, https:\/\/www.jamsanopisto.fi\/wp-content\/uploads\/2022\/12\/DSC09507-768x512.jpg 768w, https:\/\/www.jamsanopisto.fi\/wp-content\/uploads\/2022\/12\/DSC09507-1536x1024.jpg 1536w, https:\/\/www.jamsanopisto.fi\/wp-content\/uploads\/2022\/12\/DSC09507-18x12.jpg 18w, https:\/\/www.jamsanopisto.fi\/wp-content\/uploads\/2022\/12\/DSC09507.jpg 2000w\" sizes=\"(max-width: 800px) 100vw, 800px\" \/>\t\t\t\t\t\t\t\t\t\t\t<figcaption class=\"widget-image-caption wp-caption-text\">Kuva: Annariina Haapa-aho<\/figcaption>\n\t\t\t\t\t\t\t\t\t\t<\/figure>\n\t\t\t\t\t\t\t<\/div>\n\t\t\t\t<\/div>\n\t\t\t\t\t<\/div>\n\t\t<\/div>\n\t\t\t\t<div class=\"elementor-column elementor-col-50 elementor-top-column elementor-element elementor-element-a176e61\" data-id=\"a176e61\" data-element_type=\"column\">\n\t\t\t<div class=\"elementor-widget-wrap elementor-element-populated\">\n\t\t\t\t\t\t<div class=\"elementor-element elementor-element-11dd4f5 elementor-widget elementor-widget-heading\" data-id=\"11dd4f5\" data-element_type=\"widget\" data-widget_type=\"heading.default\">\n\t\t\t\t<div class=\"elementor-widget-container\">\n\t\t\t<h2 class=\"elementor-heading-title elementor-size-default\">Opiston ymp\u00e4rist\u00f6ss\u00e4 on mainiot ulkoilumahdollisuudet<\/h2>\t\t<\/div>\n\t\t\t\t<\/div>\n\t\t\t\t<div class=\"elementor-element elementor-element-020c929 elementor-widget elementor-widget-text-editor\" data-id=\"020c929\" data-element_type=\"widget\" data-widget_type=\"text-editor.default\">\n\t\t\t\t<div class=\"elementor-widget-container\">\n\t\t\t\t\t\t\t<ul class=\"ul1\">\n<li class=\"li1\">Joen rannassa menee lenkkipolku\/talvella hiihtolatu kaupunkiin ja Himokseen.<\/li><li class=\"li1\">Himoksen laskettelukeskus sijaitsee&nbsp; 6 km p\u00e4\u00e4ss\u00e4<\/li>\n<li class=\"li1\">J\u00e4ms\u00e4n keskustassa on Ulkoliikuntakeskus, jossa l\u00f6ytyy tekemist\u00e4 koko perheelle.<\/li>\n<li class=\"li1\">Uimahalli Koskikara on J\u00e4ms\u00e4nkoskella, 7 km p\u00e4\u00e4ss\u00e4.<\/li>\n<li class=\"li1\">J\u00e4ms\u00e4n seudun aktiviteetit l\u00f6ytyv\u00e4t: <a href=\"https:\/\/www.himosjamsa.fi\/tekemista\/\"><span class=\"s2\">https:\/\/www.himosjamsa.fi\/tekemista\/<\/span><\/a><\/li>\n<\/ul>\t\t\t\t\t\t<\/div>\n\t\t\t\t<\/div>\n\t\t\t\t\t<\/div>\n\t\t<\/div>\n\t\t\t\t\t<\/div>\n\t\t<\/section>\n\t\t\t\t<section class=\"elementor-section elementor-top-section elementor-element elementor-element-52ebde1 elementor-section-boxed elementor-section-height-default elementor-section-height-default\" data-id=\"52ebde1\" data-element_type=\"section\">\n\t\t\t\t\t\t<div class=\"elementor-container elementor-column-gap-default\">\n\t\t\t\t\t<div class=\"elementor-column elementor-col-100 elementor-top-column elementor-element elementor-element-892394f\" data-id=\"892394f\" data-element_type=\"column\">\n\t\t\t<div class=\"elementor-widget-wrap elementor-element-populated\">\n\t\t\t\t\t\t<div class=\"elementor-element elementor-element-043841a elementor-widget-divider--view-line elementor-widget elementor-widget-divider\" data-id=\"043841a\" data-element_type=\"widget\" data-widget_type=\"divider.default\">\n\t\t\t\t<div class=\"elementor-widget-container\">\n\t\t\t\t\t<div class=\"elementor-divider\">\n\t\t\t<span class=\"elementor-divider-separator\">\n\t\t\t\t\t\t<\/span>\n\t\t<\/div>\n\t\t\t\t<\/div>\n\t\t\t\t<\/div>\n\t\t\t\t<div class=\"elementor-element elementor-element-6a4ac12 elementor-widget elementor-widget-text-editor\" data-id=\"6a4ac12\" data-element_type=\"widget\" data-widget_type=\"text-editor.default\">\n\t\t\t\t<div class=\"elementor-widget-container\">\n\t\t\t\t\t\t\t<h3>Varaukset<\/h3>\n<p>Toimisto\u00a0<strong>020 7644 500<\/strong> (arkisin klo 12.00 \u2013 14.00) tai toimisto@jamsanopisto.fi<\/p>\t\t\t\t\t\t<\/div>\n\t\t\t\t<\/div>\n\t\t\t\t\t<\/div>\n\t\t<\/div>\n\t\t\t\t\t<\/div>\n\t\t<\/section>\n\t\t\t\t<section class=\"elementor-section elementor-top-section elementor-element elementor-element-6a762ae elementor-section-boxed elementor-section-height-default elementor-section-height-default\" data-id=\"6a762ae\" data-element_type=\"section\">\n\t\t\t\t\t\t<div class=\"elementor-container elementor-column-gap-default\">\n\t\t\t\t\t<div class=\"elementor-column elementor-col-100 elementor-top-column elementor-element elementor-element-11f9b7f\" data-id=\"11f9b7f\" data-element_type=\"column\">\n\t\t\t<div class=\"elementor-widget-wrap\">\n\t\t\t\t\t\t\t<\/div>\n\t\t<\/div>\n\t\t\t\t\t<\/div>\n\t\t<\/section>\n\t\t\t\t<\/div>\n\t\t","protected":false},"excerpt":{"rendered":"<p>Loma J\u00e4ms\u00e4ss\u00e4 \u2013 varaa loma-asunto opistolta Opisto vuokraa kalustettuja rivitalohuoneistoja koulujen loma-aikoina. \u00a0 Ajankohdat Lukuvuonna 2025-2026 huoneistot vuokrattavissa:\u00a0 16.-19.2.2026 23.2.-26.2.2026 3.-6.4.2026, P\u00e4\u00e4si\u00e4inen\u00a0 \u00a0 Varattavat tilat Harmaassa rivitalossa oma huoneisto\/huone Huoneistossa on 4 kahden hengen huonetta, jokaisessa huoneessa on oma wc\/suihku. Lis\u00e4ksi kaikille yhteinen oleskelutila\/keitti\u00f6. Hinta koko huoneisto 400 euroa\/4 vrk (hinta yksityistalouksille). Varattavissa my\u00f6s lyhyempi\u00e4\/pidempi\u00e4 [&hellip;]<\/p>\n","protected":false},"author":1,"featured_media":0,"parent":66,"menu_order":2,"comment_status":"closed","ping_status":"closed","template":"","meta":{"footnotes":""},"class_list":["post-7030","page","type-page","status-publish","hentry"],"_links":{"self":[{"href":"https:\/\/www.jamsanopisto.fi\/en\/wp-json\/wp\/v2\/pages\/7030","targetHints":{"allow":["GET"]}}],"collection":[{"href":"https:\/\/www.jamsanopisto.fi\/en\/wp-json\/wp\/v2\/pages"}],"about":[{"href":"https:\/\/www.jamsanopisto.fi\/en\/wp-json\/wp\/v2\/types\/page"}],"author":[{"embeddable":true,"href":"https:\/\/www.jamsanopisto.fi\/en\/wp-json\/wp\/v2\/users\/1"}],"replies":[{"embeddable":true,"href":"https:\/\/www.jamsanopisto.fi\/en\/wp-json\/wp\/v2\/comments?post=7030"}],"version-history":[{"count":0,"href":"https:\/\/www.jamsanopisto.fi\/en\/wp-json\/wp\/v2\/pages\/7030\/revisions"}],"up":[{"embeddable":true,"href":"https:\/\/www.jamsanopisto.fi\/en\/wp-json\/wp\/v2\/pages\/66"}],"wp:attachment":[{"href":"https:\/\/www.jamsanopisto.fi\/en\/wp-json\/wp\/v2\/media?parent=7030"}],"curies":[{"name":"wp","href":"https:\/\/api.w.org\/{rel}","templated":true}]}}