{"id":520,"date":"2014-01-01T14:53:59","date_gmt":"2014-01-01T12:53:59","guid":{"rendered":"http:\/\/www.rkropisto.fi\/?page_id=520"},"modified":"2025-10-23T13:06:07","modified_gmt":"2025-10-23T10:06:07","slug":"yhteystiedot","status":"publish","type":"page","link":"https:\/\/www.jamsanopisto.fi\/en\/jamsan-opisto\/yhteystiedot\/","title":{"rendered":"Yhteystiedot"},"content":{"rendered":"<div data-elementor-type=\"wp-page\" data-elementor-id=\"520\" class=\"elementor elementor-520\" data-elementor-post-type=\"page\">\n\t\t\t\t\t\t<section class=\"elementor-section elementor-top-section elementor-element elementor-element-20c60970 elementor-section-boxed elementor-section-height-default elementor-section-height-default\" data-id=\"20c60970\" data-element_type=\"section\">\n\t\t\t\t\t\t<div class=\"elementor-container elementor-column-gap-default\">\n\t\t\t\t\t<div class=\"elementor-column elementor-col-100 elementor-top-column elementor-element elementor-element-9cda261\" data-id=\"9cda261\" data-element_type=\"column\">\n\t\t\t<div class=\"elementor-widget-wrap elementor-element-populated\">\n\t\t\t\t\t\t<div class=\"elementor-element elementor-element-606f7b6b elementor-widget__width-initial elementor-widget elementor-widget-text-editor\" data-id=\"606f7b6b\" data-element_type=\"widget\" data-widget_type=\"text-editor.default\">\n\t\t\t\t<div class=\"elementor-widget-container\">\n\t\t\t<style>\/*! elementor - v3.23.0 - 05-08-2024 *\/\n.elementor-widget-text-editor.elementor-drop-cap-view-stacked .elementor-drop-cap{background-color:#69727d;color:#fff}.elementor-widget-text-editor.elementor-drop-cap-view-framed .elementor-drop-cap{color:#69727d;border:3px solid;background-color:transparent}.elementor-widget-text-editor:not(.elementor-drop-cap-view-default) .elementor-drop-cap{margin-top:8px}.elementor-widget-text-editor:not(.elementor-drop-cap-view-default) .elementor-drop-cap-letter{width:1em;height:1em}.elementor-widget-text-editor .elementor-drop-cap{float:left;text-align:center;line-height:1;font-size:50px}.elementor-widget-text-editor .elementor-drop-cap-letter{display:inline-block}<\/style>\t\t\t\t<p><iframe style=\"border: 0;\" src=\"https:\/\/www.google.com\/maps\/embed?pb=!1m14!1m8!1m3!1d1881.741097469355!2d25.2159107!3d61.8594686!3m2!1i1024!2i768!4f13.1!3m3!1m2!1s0x468f82eed0ee1533%3A0x76216988ad7832ea!2sRuotsulantie+42!5e0!3m2!1sfi!2s!4v1397586603601\" width=\"400\" height=\"300\" frameborder=\"0\" align=\"right\"><\/iframe><\/p>\t\t\t\t\t\t<\/div>\n\t\t\t\t<\/div>\n\t\t\t\t<div class=\"elementor-element elementor-element-7997b2e elementor-widget__width-initial elementor-widget elementor-widget-text-editor\" data-id=\"7997b2e\" data-element_type=\"widget\" data-widget_type=\"text-editor.default\">\n\t\t\t\t<div class=\"elementor-widget-container\">\n\t\t\t\t\t\t\t<p><\/p>\n<p>Ruotsulantie 42, 42100 J\u00e4ms\u00e4<br>Toimisto <strong>020 7644 500<\/strong> (arkisin klo 12.00 &#8211; 14.00)<br>toimisto@jamsanopisto.fi<\/p>\n<p>Rehtori 040 153 8011<\/p>\n<p>P\u00e4ivyst\u00e4v\u00e4 opettaja \/ iltanuoriso-ohjaaja 050 576 3788<\/p>\n<p>Kurssip\u00e4ivyst\u00e4j\u00e4&nbsp; 0400 282100<\/p>\n<p>Kiinteist\u00f6nhoitaja 050 3399 988<\/p>\n<p>Ravitsemusty\u00f6n esimies 040 539 5635<br>Keitti\u00f6 040 671 5535<\/p>\n<p>Siistij\u00e4t 040 151 0411<\/p>\n<p><a href=\"https:\/\/www.jamsanopisto.fi\/en\/jamsan-opisto\/henkilosto\/\">Koko henkil\u00f6kunta l\u00f6ytyy t\u00e4\u00e4lt\u00e4<\/a><\/p>\n<p>Oiva-raportti tuo elintarvikealan yritysten valvontatulokset kuluttajien tietoon sit\u00e4 mukaa, kun elintarvikevalvontaviranomaiset tekev\u00e4t tarkastuksia. Oivahymy-sivustolta l\u00f6ytyv\u00e4t&nbsp;<a href=\"https:\/\/www.oivahymy.fi\/yrityshaku?hakusana=J%C3%A4ms%C3%A4n%20kristillinen%20opisto\" target=\"_blank\">J\u00e4ms\u00e4n opistokampuksen Oiva-raportit<\/a>&nbsp;ja&nbsp;<a href=\"https:\/\/www.oivahymy.fi\/yrityshaku?hakusana=Maitoisten%20leirikeskus\" target=\"_blank\">Maitoisten opistokampuksen (leirikeskuksen) Oiva-raportit<\/a>.<\/p>\t\t\t\t\t\t<\/div>\n\t\t\t\t<\/div>\n\t\t\t\t<div class=\"elementor-element elementor-element-831e842 elementor-widget__width-initial elementor-widget elementor-widget-text-editor\" data-id=\"831e842\" data-element_type=\"widget\" data-widget_type=\"text-editor.default\">\n\t\t\t\t<div class=\"elementor-widget-container\">\n\t\t\t\t\t\t\t<p>\u00a0<\/p><p><span style=\"color: #000000;\"><strong>Tilinumero<\/strong>\u00a0 FI52 5091 0310 0022 73\u00a0<\/span><\/p><p><strong>VERKKOLASKUT:<\/strong><\/p><p>J\u00e4ms\u00e4n kristillinen opisto ry<br \/>Y-tunnus 0175624-8<br \/>Verkkolaskuosoite 003701756248<br \/>Jos verkkolaskujen v\u00e4litt\u00e4j\u00e4nne on operaattori esim. Itella, Basware yms. v\u00e4litt\u00e4j\u00e4tunnus on 003721291126<br \/>Jos verkkolaskujen v\u00e4litt\u00e4j\u00e4nne on pankki esim. Nordea, Osuuspankki yms. v\u00e4litt\u00e4j\u00e4tunnus on DABAFIHH<\/p><p><strong>PAPERISET LASKUT<\/strong>:<\/p><p>J\u00e4ms\u00e4n kristillinen opisto ry<br \/>01756248<br \/>PL100<br \/>80020 Kollektor Scan<\/p><p>Huomioithan, ett\u00e4 t\u00e4h\u00e4n laskutusosoitteeseen ei saa l\u00e4hett\u00e4\u00e4 muita kuin laskuja. Kirjeenvaihdon, tiedotteiden ja markkinointimateriaalien postiosoite on toimipaikan postiosoite.<\/p><p><strong>S\u00c4HK\u00d6POSTILASKUT:<\/strong><\/p><p>invoice-01756248@kollektor.fi<\/p><p>T\u00e4rkeit\u00e4 huomioita s\u00e4hk\u00f6postilaskujen l\u00e4hett\u00e4miseen skannauspalveluun<\/p><ul><li>Laskut l\u00e4hetet\u00e4\u00e4n s\u00e4hk\u00f6postin liitetiedostoina PDF-muodossa<\/li><li>Yksi lasku per tiedosto, joka sis\u00e4lt\u00e4\u00e4 laskun kaikki sivut ja muut liitteet<\/li><li>Yksi s\u00e4hk\u00f6posti voi olla maksimissaan 10Mb<\/li><li>PDF-tiedostojen tulee olla aitoja PDF-dokumentteja versio 1.3 tai uudempi<\/li><li>PDF-tiedostot eiv\u00e4t saa olla lukittuja tai salasanalla suojattuja<\/li><li>Dokumentin ulkomitta voi olla maksimissaan 210x297mm eli A4<\/li><li>Tiedoston nimi ei saa sis\u00e4lt\u00e4\u00e4 kuin tavallisia kirjainmerkkej\u00e4, a-z, A-Z, 0-9<\/li><\/ul>\t\t\t\t\t\t<\/div>\n\t\t\t\t<\/div>\n\t\t\t\t\t<\/div>\n\t\t<\/div>\n\t\t\t\t\t<\/div>\n\t\t<\/section>\n\t\t\t\t<\/div>","protected":false},"excerpt":{"rendered":"<p>Ruotsulantie 42, 42100 J\u00e4ms\u00e4Toimisto 020 7644 500 (arkisin klo 12.00 &#8211; 14.00)toimisto@jamsanopisto.fi Rehtori 040 153 8011 P\u00e4ivyst\u00e4v\u00e4 opettaja \/ iltanuoriso-ohjaaja 050 576 3788 Kurssip\u00e4ivyst\u00e4j\u00e4&nbsp; 0400 282100 Kiinteist\u00f6nhoitaja 050 3399 988 Ravitsemusty\u00f6n esimies 040 539 5635Keitti\u00f6 040 671 5535 Siistij\u00e4t 040 151 0411 Koko henkil\u00f6kunta l\u00f6ytyy t\u00e4\u00e4lt\u00e4 Oiva-raportti tuo elintarvikealan yritysten valvontatulokset kuluttajien tietoon sit\u00e4 mukaa, [&hellip;]<\/p>\n","protected":false},"author":1,"featured_media":0,"parent":68,"menu_order":16,"comment_status":"closed","ping_status":"closed","template":"","meta":{"footnotes":""},"class_list":["post-520","page","type-page","status-publish","hentry"],"_links":{"self":[{"href":"https:\/\/www.jamsanopisto.fi\/en\/wp-json\/wp\/v2\/pages\/520","targetHints":{"allow":["GET"]}}],"collection":[{"href":"https:\/\/www.jamsanopisto.fi\/en\/wp-json\/wp\/v2\/pages"}],"about":[{"href":"https:\/\/www.jamsanopisto.fi\/en\/wp-json\/wp\/v2\/types\/page"}],"author":[{"embeddable":true,"href":"https:\/\/www.jamsanopisto.fi\/en\/wp-json\/wp\/v2\/users\/1"}],"replies":[{"embeddable":true,"href":"https:\/\/www.jamsanopisto.fi\/en\/wp-json\/wp\/v2\/comments?post=520"}],"version-history":[{"count":0,"href":"https:\/\/www.jamsanopisto.fi\/en\/wp-json\/wp\/v2\/pages\/520\/revisions"}],"up":[{"embeddable":true,"href":"https:\/\/www.jamsanopisto.fi\/en\/wp-json\/wp\/v2\/pages\/68"}],"wp:attachment":[{"href":"https:\/\/www.jamsanopisto.fi\/en\/wp-json\/wp\/v2\/media?parent=520"}],"curies":[{"name":"wp","href":"https:\/\/api.w.org\/{rel}","templated":true}]}}