{"id":1466,"date":"2014-01-01T10:18:32","date_gmt":"2014-01-01T08:18:32","guid":{"rendered":"http:\/\/www.rkropisto.fi.n-serv.kotisivut.com\/?page_id=1466"},"modified":"2025-06-10T16:35:49","modified_gmt":"2025-06-10T13:35:49","slug":"hallinto","status":"publish","type":"page","link":"https:\/\/www.jamsanopisto.fi\/en\/jamsan-opisto\/hallinto\/","title":{"rendered":"Hallinto"},"content":{"rendered":"<div data-elementor-type=\"wp-page\" data-elementor-id=\"1466\" class=\"elementor elementor-1466\" data-elementor-post-type=\"page\">\n\t\t\t\t\t\t<section class=\"elementor-section elementor-top-section elementor-element elementor-element-1ac8dcf7 elementor-section-boxed elementor-section-height-default elementor-section-height-default\" data-id=\"1ac8dcf7\" data-element_type=\"section\">\n\t\t\t\t\t\t<div class=\"elementor-container elementor-column-gap-default\">\n\t\t\t\t\t<div class=\"elementor-column elementor-col-100 elementor-top-column elementor-element elementor-element-3e6d08e3\" data-id=\"3e6d08e3\" data-element_type=\"column\">\n\t\t\t<div class=\"elementor-widget-wrap elementor-element-populated\">\n\t\t\t\t\t\t<div class=\"elementor-element elementor-element-534ff3f8 elementor-widget elementor-widget-text-editor\" data-id=\"534ff3f8\" data-element_type=\"widget\" data-widget_type=\"text-editor.default\">\n\t\t\t\t<div class=\"elementor-widget-container\">\n\t\t\t<style>\/*! elementor - v3.23.0 - 05-08-2024 *\/\n.elementor-widget-text-editor.elementor-drop-cap-view-stacked .elementor-drop-cap{background-color:#69727d;color:#fff}.elementor-widget-text-editor.elementor-drop-cap-view-framed .elementor-drop-cap{color:#69727d;border:3px solid;background-color:transparent}.elementor-widget-text-editor:not(.elementor-drop-cap-view-default) .elementor-drop-cap{margin-top:8px}.elementor-widget-text-editor:not(.elementor-drop-cap-view-default) .elementor-drop-cap-letter{width:1em;height:1em}.elementor-widget-text-editor .elementor-drop-cap{float:left;text-align:center;line-height:1;font-size:50px}.elementor-widget-text-editor .elementor-drop-cap-letter{display:inline-block}<\/style>\t\t\t\t<h3><b>Kansanopistoyhdistys<\/b><\/h3>\n<p>J\u00e4ms\u00e4n kristillinen opisto ry pit\u00e4\u00e4 toimivuoden aikana lakis\u00e4\u00e4teisen kev\u00e4tkokouksen ja tarvittavan m\u00e4\u00e4r\u00e4n muita kokouksia. Vuosikokous hyv\u00e4ksyy mm. vuosikertomuksen, tilinp\u00e4\u00e4t\u00f6ksen, toimintasuunnitelman ja talousarvion sek\u00e4 valitsee tilintarkastajat ja varatilintarkastajat. Kansanopistoyhdistyksess\u00e4 on noin 4000 j\u00e4sent\u00e4.<\/p>\n<p><b>Johtokunta<\/b><b><\/b><\/p>\n<p>Yhdistyksen johtokuntaan kuuluu 15 varsinaista j\u00e4sent\u00e4. Johtokunnan kokouksissa toimii esittelij\u00e4n\u00e4 rehtori ja sihteerin\u00e4 hallinto- ja opintosihteeri. Pedagogiset rehtorit, talous- ja kiinteist\u00f6hallintop\u00e4\u00e4llikk\u00f6, ravitsemusty\u00f6n esimies, lyhytkurssi- ja viestint\u00e4suunnittelija ja henkil\u00f6kunnan edustaja osallistuvat johtokunnan ty\u00f6skentelyyn. Johtokunta kokoontuu v\u00e4hint\u00e4\u00e4n 4 kertaa vuodessa, tarvittaessa useammin.<\/p>\n<p><b>Johtokunnan j\u00e4senet<\/b><\/p>\n<p>Korhonen Ilmari, pj.<br>Kontkanen Matti, vpj.<br>Gyld\u00e9n Rauni<br>Kaarivaara Juha&nbsp;&nbsp;<br>Linna Saara-Leena<br>Matikainen Matti&nbsp;&nbsp;<br>M\u00e4\u00e4tt\u00e4 Hanna<br>Nyblom Samuli<br>Rimpil\u00e4inen Pauli<br>Saulio Sari<br>Savela Olli<br>Suomala Janne<br>Viljamaa Harri&nbsp;<br>Viro Mailis<br>Vuonokari Antti<\/p>\n<p><b>Hallinnon johtoryhm\u00e4<\/b><\/p>\n<p>Rehtorin apuna johtokunnan kokousten valmisteluteht\u00e4viss\u00e4 on hallinnon johtoryhm\u00e4, johon kuuluvat rehtori puheenjohtajana, johtokunnan puheenjohtaja ja varapuheenjohtaja sek\u00e4 pedagogiset rehtorit ja talous- ja kiinteist\u00f6hallintop\u00e4\u00e4llikk\u00f6. Johtoryhm\u00e4 kutsuu tarvittaessa sihteerin, mik\u00e4li kokouksesta pidet\u00e4\u00e4n erillist\u00e4 muistiota. Johtoryhm\u00e4 on p\u00e4\u00e4t\u00f6svaltainen, kun saapuvilla on joko puheenjohtaja tai varapuheenjohtaja sek\u00e4 yhteens\u00e4 v\u00e4hint\u00e4\u00e4n kolme johtoryhm\u00e4n j\u00e4sent\u00e4.<\/p>\n<p><b>Tilin- ja toiminnantarkastajat<\/b><\/p>\n<p>Tilintarkastaja: Virve Puolitaival (varalla Mikko Lumila)<br>Toiminnantarkastaja: Kirsti Piilonen (varalla Eija Humalajoki)<\/p>\t\t\t\t\t\t<\/div>\n\t\t\t\t<\/div>\n\t\t\t\t\t<\/div>\n\t\t<\/div>\n\t\t\t\t\t<\/div>\n\t\t<\/section>\n\t\t\t\t<\/div>","protected":false},"excerpt":{"rendered":"<p>Kansanopistoyhdistys J\u00e4ms\u00e4n kristillinen opisto ry pit\u00e4\u00e4 toimivuoden aikana lakis\u00e4\u00e4teisen kev\u00e4tkokouksen ja tarvittavan m\u00e4\u00e4r\u00e4n muita kokouksia. Vuosikokous hyv\u00e4ksyy mm. vuosikertomuksen, tilinp\u00e4\u00e4t\u00f6ksen, toimintasuunnitelman ja talousarvion sek\u00e4 valitsee tilintarkastajat ja varatilintarkastajat. Kansanopistoyhdistyksess\u00e4 on noin 4000 j\u00e4sent\u00e4. Johtokunta Yhdistyksen johtokuntaan kuuluu 15 varsinaista j\u00e4sent\u00e4. Johtokunnan kokouksissa toimii esittelij\u00e4n\u00e4 rehtori ja sihteerin\u00e4 hallinto- ja opintosihteeri. Pedagogiset rehtorit, talous- ja kiinteist\u00f6hallintop\u00e4\u00e4llikk\u00f6, [&hellip;]<\/p>\n","protected":false},"author":1,"featured_media":0,"parent":68,"menu_order":3,"comment_status":"closed","ping_status":"closed","template":"","meta":{"footnotes":""},"class_list":["post-1466","page","type-page","status-publish","hentry"],"_links":{"self":[{"href":"https:\/\/www.jamsanopisto.fi\/en\/wp-json\/wp\/v2\/pages\/1466","targetHints":{"allow":["GET"]}}],"collection":[{"href":"https:\/\/www.jamsanopisto.fi\/en\/wp-json\/wp\/v2\/pages"}],"about":[{"href":"https:\/\/www.jamsanopisto.fi\/en\/wp-json\/wp\/v2\/types\/page"}],"author":[{"embeddable":true,"href":"https:\/\/www.jamsanopisto.fi\/en\/wp-json\/wp\/v2\/users\/1"}],"replies":[{"embeddable":true,"href":"https:\/\/www.jamsanopisto.fi\/en\/wp-json\/wp\/v2\/comments?post=1466"}],"version-history":[{"count":0,"href":"https:\/\/www.jamsanopisto.fi\/en\/wp-json\/wp\/v2\/pages\/1466\/revisions"}],"up":[{"embeddable":true,"href":"https:\/\/www.jamsanopisto.fi\/en\/wp-json\/wp\/v2\/pages\/68"}],"wp:attachment":[{"href":"https:\/\/www.jamsanopisto.fi\/en\/wp-json\/wp\/v2\/media?parent=1466"}],"curies":[{"name":"wp","href":"https:\/\/api.w.org\/{rel}","templated":true}]}}