{"id":10861,"date":"2024-05-16T15:17:34","date_gmt":"2024-05-16T12:17:34","guid":{"rendered":"https:\/\/www.jamsanopisto.fi\/?page_id=10861"},"modified":"2025-03-21T12:22:58","modified_gmt":"2025-03-21T10:22:58","slug":"tilauskurssi","status":"publish","type":"page","link":"https:\/\/www.jamsanopisto.fi\/en\/tilauskurssi\/","title":{"rendered":"Tilauskurssi"},"content":{"rendered":"<div data-elementor-type=\"wp-page\" data-elementor-id=\"10861\" class=\"elementor elementor-10861\" data-elementor-post-type=\"page\">\n\t\t\t\t\t\t<section class=\"elementor-section elementor-top-section elementor-element elementor-element-74b3763c elementor-section-boxed elementor-section-height-default elementor-section-height-default\" data-id=\"74b3763c\" data-element_type=\"section\">\n\t\t\t\t\t\t<div class=\"elementor-container elementor-column-gap-default\">\n\t\t\t\t\t<div class=\"elementor-column elementor-col-100 elementor-top-column elementor-element elementor-element-472e59d5\" data-id=\"472e59d5\" data-element_type=\"column\">\n\t\t\t<div class=\"elementor-widget-wrap elementor-element-populated\">\n\t\t\t\t\t\t<div class=\"elementor-element elementor-element-57bd8edb elementor-widget elementor-widget-text-editor\" data-id=\"57bd8edb\" data-element_type=\"widget\" data-widget_type=\"text-editor.default\">\n\t\t\t\t<div class=\"elementor-widget-container\">\n\t\t\t<style>\/*! elementor - v3.23.0 - 05-08-2024 *\/\n.elementor-widget-text-editor.elementor-drop-cap-view-stacked .elementor-drop-cap{background-color:#69727d;color:#fff}.elementor-widget-text-editor.elementor-drop-cap-view-framed .elementor-drop-cap{color:#69727d;border:3px solid;background-color:transparent}.elementor-widget-text-editor:not(.elementor-drop-cap-view-default) .elementor-drop-cap{margin-top:8px}.elementor-widget-text-editor:not(.elementor-drop-cap-view-default) .elementor-drop-cap-letter{width:1em;height:1em}.elementor-widget-text-editor .elementor-drop-cap{float:left;text-align:center;line-height:1;font-size:50px}.elementor-widget-text-editor .elementor-drop-cap-letter{display:inline-block}<\/style>\t\t\t\t<p><!-- wp:image {\"id\":10909,\"sizeSlug\":\"full\",\"linkDestination\":\"none\"} --><\/p>\n<figure class=\"wp-block-image size-full\"><img fetchpriority=\"high\" decoding=\"async\" width=\"1366\" height=\"607\" class=\"wp-image-10909\" src=\"https:\/\/www.jamsanopisto.fi\/wp-content\/uploads\/2024\/05\/opisto_koivukuja_web_2.jpg\" alt=\"\" srcset=\"https:\/\/www.jamsanopisto.fi\/wp-content\/uploads\/2024\/05\/opisto_koivukuja_web_2.jpg 1366w, https:\/\/www.jamsanopisto.fi\/wp-content\/uploads\/2024\/05\/opisto_koivukuja_web_2-310x138.jpg 310w, https:\/\/www.jamsanopisto.fi\/wp-content\/uploads\/2024\/05\/opisto_koivukuja_web_2-1024x455.jpg 1024w, https:\/\/www.jamsanopisto.fi\/wp-content\/uploads\/2024\/05\/opisto_koivukuja_web_2-768x341.jpg 768w, https:\/\/www.jamsanopisto.fi\/wp-content\/uploads\/2024\/05\/opisto_koivukuja_web_2-18x8.jpg 18w\" sizes=\"(max-width: 1366px) 100vw, 1366px\" \/><\/figure>\n<p><!-- \/wp:image --><!-- wp:columns --><\/p>\n<div class=\"wp-block-columns\"><p><!-- wp:column --><\/p>\n<div class=\"wp-block-column\"><p><!-- wp:heading {\"textAlign\":\"left\"} --><\/p>\n<h2 class=\"wp-block-heading has-text-align-left\">Yst\u00e4vien tai suvun tapaaminen opistolla<\/h2>\n<p><!-- \/wp:heading --><!-- wp:heading {\"textAlign\":\"left\",\"level\":5} --><\/p>\n<h5 class=\"wp-block-heading has-text-align-left\">J\u00e4ms\u00e4n opisto tarjoaa loistavat puitteet onnistuneen tapaamisen j\u00e4rjest\u00e4miseksi. Tulkaa yhdess\u00e4 nauttimaan t\u00e4ysihoidosta ja Keski-Suomen upeasta luonnosta sek\u00e4 sen monista aktiviteeteista.&nbsp;Opisto sijaitsee keskeisell\u00e4 paikalla hyvien kulkuyhteyksien \u00e4\u00e4rell\u00e4, johon on helppo tulla kauempaakin.<\/h5>\n<p><!-- \/wp:heading --><\/p><\/div>\n<p><!-- \/wp:column --><\/p><\/div>\n<p><!-- \/wp:columns --><!-- wp:columns --><\/p>\n<div class=\"wp-block-columns\"><p><!-- wp:column --><\/p>\n<div class=\"wp-block-column\"><p><!-- wp:heading --><\/p>\n<h2 class=\"wp-block-heading\">Majoitus t\u00e4ysihoidolla<\/h2>\n<p><!-- \/wp:heading --><!-- wp:paragraph --><\/p>\n<p>Hinta 143 e\/hl\u00f6\/ noin 2 vrk. Koollekutsuja\/vet\u00e4j\u00e4 saa tapahtuman ilmaiseksi. Hinta sis\u00e4lt\u00e4\u00e4:<\/p>\n<p><!-- \/wp:paragraph --><!-- wp:list --><\/p>\n<ul class=\"wp-block-list\"><!-- wp:list-item --><p><\/p>\n<li>Majoitus on 2-4 hengen huoneissa joko rivitalossa tai opistorakennuksessa.<\/li>\n<p><!-- \/wp:list-item --><!-- wp:list-item --><\/p>\n<li>T\u00e4ysihoitoon sis\u00e4ltyv\u00e4t runsas aamiainen, lounas, p\u00e4iv\u00e4kahvi, p\u00e4iv\u00e4llinen ja iltapala.<\/li>\n<p><!-- \/wp:list-item --><!-- wp:list-item --><\/p>\n<li>Lis\u00e4tietoa hinnoittelusta esim. perheiden ja opiskelijoiden osalta saa kurssit@jamsanopisto.fi.<\/li>\n<p><!-- \/wp:list-item --><\/p><\/ul>\n<p><!-- \/wp:list --><\/p><\/div>\n<p><!-- \/wp:column --><!-- wp:column --><\/p>\n<div class=\"wp-block-column\"><p><!-- wp:image {\"id\":10916,\"sizeSlug\":\"full\",\"linkDestination\":\"none\"} --><\/p>\n<figure class=\"wp-block-image size-full\"><img decoding=\"async\" width=\"511\" height=\"288\" class=\"wp-image-10916\" src=\"https:\/\/www.jamsanopisto.fi\/wp-content\/uploads\/2024\/05\/ilmakuva_opisto_aamu5.png\" alt=\"\" srcset=\"https:\/\/www.jamsanopisto.fi\/wp-content\/uploads\/2024\/05\/ilmakuva_opisto_aamu5.png 511w, https:\/\/www.jamsanopisto.fi\/wp-content\/uploads\/2024\/05\/ilmakuva_opisto_aamu5-310x175.png 310w, https:\/\/www.jamsanopisto.fi\/wp-content\/uploads\/2024\/05\/ilmakuva_opisto_aamu5-18x10.png 18w\" sizes=\"(max-width: 511px) 100vw, 511px\" \/><\/figure>\n<p><!-- \/wp:image --><\/p><\/div>\n<p><!-- \/wp:column --><\/p><\/div>\n<p><!-- \/wp:columns --><!-- wp:heading --><\/p>\n<h2 class=\"wp-block-heading\">Yhteiseen tekemiseen paljon vaihtoehtoja<\/h2>\n<p><!-- \/wp:heading --><!-- wp:paragraph --><\/p>\n<p>Kaikenik\u00e4isille l\u00f6ytyy mukavaa tekemist\u00e4 sek\u00e4 opistolla ett\u00e4 l\u00e4hialueella. Kristilliset arvot ovat esill\u00e4 kaikilla kursseillamme ja ohjelmaan on varattu aikaa my\u00f6s yhteisille aamu- ja iltahartauksille.<\/p>\n<p><!-- \/wp:paragraph --><!-- wp:columns --><\/p>\n<div class=\"wp-block-columns\"><p><!-- wp:column --><\/p>\n<div class=\"wp-block-column\"><p><!-- wp:heading {\"level\":3} --><\/p>\n<h3 class=\"wp-block-heading\"><strong>Opiston alueen ulkoaktiviteet<\/strong>it<\/h3>\n<p><!-- \/wp:heading --><!-- wp:list --><\/p>\n<ul class=\"wp-block-list\"><!-- wp:list-item --><p><\/p>\n<li>Nuotiopaikka + laavu jokirannassa<\/li>\n<p><!-- \/wp:list-item --><!-- wp:list-item --><\/p>\n<li>Grillikatos jokirannassa<\/li>\n<p><!-- \/wp:list-item --><!-- wp:list-item --><\/p>\n<li>Pelit ulkona mm. pallopelikentt\u00e4, frisbeegolf -rata<\/li>\n<p><!-- \/wp:list-item --><!-- wp:list-item --><\/p>\n<li><a href=\"https:\/\/www.himosjamsa.fi\/kohteet\/palamaen-kotiseutumuseo\/\">P\u00e4l\u00e4m\u00e4en kotiseutumuseo<\/a> opiston pihapiiriss\u00e4&nbsp;<\/li>\n<p><!-- \/wp:list-item --><!-- wp:list-item --><\/p>\n<li>K\u00e4velyreitit jokirannan tuntumassa<\/li>\n<p><!-- \/wp:list-item --><\/p><\/ul>\n<p><!-- \/wp:list --><\/p><\/div>\n<p><!-- \/wp:column --><!-- wp:column --><\/p>\n<div class=\"wp-block-column\"><p><!-- wp:image {\"id\":10880,\"sizeSlug\":\"full\",\"linkDestination\":\"none\"} --><\/p>\n<figure class=\"wp-block-image size-full\"><img decoding=\"async\" width=\"495\" height=\"338\" class=\"wp-image-10880\" src=\"https:\/\/www.jamsanopisto.fi\/wp-content\/uploads\/2024\/05\/opisto_ylhaalta3.png\" alt=\"\" srcset=\"https:\/\/www.jamsanopisto.fi\/wp-content\/uploads\/2024\/05\/opisto_ylhaalta3.png 495w, https:\/\/www.jamsanopisto.fi\/wp-content\/uploads\/2024\/05\/opisto_ylhaalta3-310x212.png 310w, https:\/\/www.jamsanopisto.fi\/wp-content\/uploads\/2024\/05\/opisto_ylhaalta3-18x12.png 18w\" sizes=\"(max-width: 495px) 100vw, 495px\" \/><\/figure>\n<p><!-- \/wp:image --><\/p><\/div>\n<p><!-- \/wp:column --><\/p><\/div>\n<p><!-- \/wp:columns --><!-- wp:columns --><\/p>\n<div class=\"wp-block-columns\"><p><!-- wp:column --><\/p>\n<div class=\"wp-block-column\"><p><!-- wp:image {\"id\":10889,\"sizeSlug\":\"full\",\"linkDestination\":\"none\"} --><\/p>\n<figure class=\"wp-block-image size-full\"><img loading=\"lazy\" decoding=\"async\" width=\"1024\" height=\"768\" class=\"wp-image-10889\" src=\"https:\/\/www.jamsanopisto.fi\/wp-content\/uploads\/2024\/05\/polkujuoksu3.jpg\" alt=\"\" srcset=\"https:\/\/www.jamsanopisto.fi\/wp-content\/uploads\/2024\/05\/polkujuoksu3.jpg 1024w, https:\/\/www.jamsanopisto.fi\/wp-content\/uploads\/2024\/05\/polkujuoksu3-310x233.jpg 310w, https:\/\/www.jamsanopisto.fi\/wp-content\/uploads\/2024\/05\/polkujuoksu3-768x576.jpg 768w, https:\/\/www.jamsanopisto.fi\/wp-content\/uploads\/2024\/05\/polkujuoksu3-16x12.jpg 16w\" sizes=\"(max-width: 1024px) 100vw, 1024px\" \/><\/figure>\n<p><!-- \/wp:image --><\/p><\/div>\n<p><!-- \/wp:column --><!-- wp:column --><\/p>\n<div class=\"wp-block-column\"><p><!-- wp:heading {\"level\":3} --><\/p>\n<h3 class=\"wp-block-heading\">L\u00e4hialueen aktiviteetit<\/h3>\n<p><!-- \/wp:heading --><!-- wp:list --><\/p>\n<ul class=\"wp-block-list\"><!-- wp:list-item --><p><\/p>\n<li>n. 5 km <a href=\"http:\/\/www.himos.fi\">Himos <\/a>( luontopolut, maastopy\u00f6r\u00e4ilyreitit, v\u00e4linevuokrausta, Padelkentt\u00e4 yms.)<\/li>\n<p><!-- \/wp:list-item --><!-- wp:list-item --><\/p>\n<li>n. 1 km Uimaranta, puistoalue, koripallokentt\u00e4, beachvolleykentt\u00e4, jalkapallokentt\u00e4 (Lukkoilantie 13, J\u00e4ms\u00e4)<\/li>\n<p><!-- \/wp:list-item --><!-- wp:list-item --><\/p>\n<li>n. 1 km<a href=\"https:\/\/www.himosjamsa.fi\/kohteet\/pumptrack\/\"> Pump track -rata<\/a><\/li>\n<p><!-- \/wp:list-item --><!-- wp:list-item --><\/p>\n<li>n. 12 km <a href=\"https:\/\/www.himosjamsa.fi\/saunakyla\">Saunakyl\u00e4<\/a><\/li>\n<p><!-- \/wp:list-item --><!-- wp:list-item --><\/p>\n<li>n. 2 km Lamminsuon Frisbeegolfpuisto<\/li>\n<p><!-- \/wp:list-item --><!-- wp:list-item --><\/p>\n<li>n. 7 km <a href=\"https:\/\/lelumuseohelminauha.fi\/\">Lelumuseo Helminauha<\/a>&nbsp;<\/li>\n<p><!-- \/wp:list-item --><\/p><\/ul>\n<p><!-- \/wp:list --><\/p><\/div>\n<p><!-- \/wp:column --><\/p><\/div>\n<p><!-- \/wp:columns --><!-- wp:heading {\"backgroundColor\":\"luminous-vivid-amber\"} --><\/p>\n<h2 class=\"wp-block-heading has-luminous-vivid-amber-background-color has-background\">Varaukset ja lis\u00e4tiedot:<br>kurssit@jamsanopisto.fi tai p. 040 197 5155<\/h2>\n<p><!-- \/wp:heading --><!-- wp:columns --><\/p>\n<div class=\"wp-block-columns\"><p><!-- wp:column --><\/p>\n<div class=\"wp-block-column\"><p><!-- wp:paragraph --><\/p>\n<p>*****<\/p>\n<p><!-- \/wp:paragraph --><!-- wp:quote --><\/p>\n<blockquote class=\"wp-block-quote\"><p><!-- wp:paragraph --><\/p>\n<p><em>\u201dRuokailu ja majoitus toimivat hienosti\u201d<\/em><\/p>\n<p><!-- \/wp:paragraph --><\/p><\/blockquote>\n<p><!-- \/wp:quote --><!-- wp:paragraph --><\/p>\n<p>*****<\/p>\n<p><!-- \/wp:paragraph --><!-- wp:quote --><\/p>\n<blockquote class=\"wp-block-quote\"><p><!-- wp:paragraph --><\/p>\n<p><!-- \/wp:paragraph --><cite><em>\u201dMukava oli tavata sukulaisia ja keskustella suvun historiasta. Mukava oli my\u00f6s pelata lentopalloa.\u201d<\/em><\/cite><\/p><\/blockquote>\n<p><!-- \/wp:quote --><\/p><\/div>\n<p><!-- \/wp:column --><!-- wp:column --><\/p>\n<div class=\"wp-block-column\"><p><!-- wp:paragraph --><\/p>\n<p>*****<\/p>\n<p><!-- \/wp:paragraph --><!-- wp:quote --><\/p>\n<blockquote class=\"wp-block-quote\"><p><!-- wp:paragraph --><\/p>\n<p><!-- \/wp:paragraph --><cite><em>\u201dOpistolla hyv\u00e4t puitteet ja oli mukava tavata suurta joukkoa sukulaisia, urheilla ja pit\u00e4\u00e4 hauskaa.\u201d<\/em><\/cite><\/p><\/blockquote>\n<p><!-- \/wp:quote --><!-- wp:paragraph --><\/p>\n<p>*****<\/p>\n<p><!-- \/wp:paragraph --><!-- wp:quote --><\/p>\n<blockquote class=\"wp-block-quote\"><p><!-- wp:paragraph --><\/p>\n<p><!-- \/wp:paragraph --><cite><em>\u201dEritt\u00e4in hyv\u00e4t puitteet j\u00e4rjest\u00e4\u00e4 ison suvun kurssi.\u201d<\/em><\/cite><\/p><\/blockquote>\n<p><!-- \/wp:quote --><!-- wp:paragraph --><\/p>\n<p>*****<\/p>\n<p><!-- \/wp:paragraph --><!-- wp:quote --><\/p>\n<blockquote class=\"wp-block-quote\"><p><!-- wp:paragraph --><\/p>\n<p><!-- \/wp:paragraph --><cite>&#8221;Valmis ruokap\u00f6yt\u00e4, niin luksusta&#8221;!<\/cite><\/p><\/blockquote>\n<p><!-- \/wp:quote --><\/p><\/div>\n<p><!-- \/wp:column --><!-- wp:column --><\/p>\n<div class=\"wp-block-column\"><p><!-- wp:paragraph --><\/p>\n<p>*****<\/p>\n<p><!-- \/wp:paragraph --><!-- wp:quote --><\/p>\n<blockquote class=\"wp-block-quote\"><p><!-- wp:paragraph --><\/p>\n<p><!-- \/wp:paragraph --><cite><em>\u201dKivat ja viihtyis\u00e4t tilat\u201d<\/em><\/cite><\/p><\/blockquote>\n<p><!-- \/wp:quote --><!-- wp:paragraph --><\/p>\n<p>*****<\/p>\n<p><!-- \/wp:paragraph --><!-- wp:quote --><\/p>\n<blockquote class=\"wp-block-quote\"><p><!-- wp:paragraph --><\/p>\n<p><!-- \/wp:paragraph --><cite><em>\u201d<em>Helppo oli menn\u00e4 kurssille, kaikki oli valmiiksi j\u00e4rjestetty, majoitus yms.\u201d<\/em><\/em><\/cite><\/p><\/blockquote>\n<p><!-- \/wp:quote --><!-- wp:paragraph --><\/p>\n<p>******<\/p>\n<p><!-- \/wp:paragraph --><!-- wp:quote --><\/p>\n<blockquote class=\"wp-block-quote\"><p><!-- wp:paragraph --><\/p>\n<p><em>&#8221;Ruoka oli erinomaista. Kurssilla olin ensimm\u00e4sit\u00e4 kertaa ja kokemus oli todella positiivinen.\u201d<\/em><\/p>\n<p><!-- \/wp:paragraph --><\/p><\/blockquote>\n<p><!-- \/wp:quote --><\/p><\/div>\n<p><!-- \/wp:column --><\/p><\/div>\n<p><!-- \/wp:columns --><!-- wp:gallery {\"linkTo\":\"none\"} --><\/p>\n<figure class=\"wp-block-gallery has-nested-images columns-default is-cropped\"><!-- wp:image {\"id\":10917,\"sizeSlug\":\"full\",\"linkDestination\":\"none\"} --><p><\/p>\n<figure class=\"wp-block-image size-full\"><img loading=\"lazy\" decoding=\"async\" width=\"2000\" height=\"1333\" class=\"wp-image-10917\" src=\"https:\/\/www.jamsanopisto.fi\/wp-content\/uploads\/2024\/05\/DSC06958-1.jpg\" alt=\"\" srcset=\"https:\/\/www.jamsanopisto.fi\/wp-content\/uploads\/2024\/05\/DSC06958-1.jpg 2000w, https:\/\/www.jamsanopisto.fi\/wp-content\/uploads\/2024\/05\/DSC06958-1-310x207.jpg 310w, https:\/\/www.jamsanopisto.fi\/wp-content\/uploads\/2024\/05\/DSC06958-1-1024x682.jpg 1024w, https:\/\/www.jamsanopisto.fi\/wp-content\/uploads\/2024\/05\/DSC06958-1-768x512.jpg 768w, https:\/\/www.jamsanopisto.fi\/wp-content\/uploads\/2024\/05\/DSC06958-1-1536x1024.jpg 1536w, https:\/\/www.jamsanopisto.fi\/wp-content\/uploads\/2024\/05\/DSC06958-1-18x12.jpg 18w\" sizes=\"(max-width: 2000px) 100vw, 2000px\" \/><\/figure>\n<p><!-- \/wp:image --><!-- wp:image {\"id\":10907,\"sizeSlug\":\"full\",\"linkDestination\":\"none\"} --><\/p>\n<figure class=\"wp-block-image size-full\"><img loading=\"lazy\" decoding=\"async\" width=\"2000\" height=\"1125\" class=\"wp-image-10907\" src=\"https:\/\/www.jamsanopisto.fi\/wp-content\/uploads\/2024\/05\/DSC06723.jpg\" alt=\"\" srcset=\"https:\/\/www.jamsanopisto.fi\/wp-content\/uploads\/2024\/05\/DSC06723.jpg 2000w, https:\/\/www.jamsanopisto.fi\/wp-content\/uploads\/2024\/05\/DSC06723-310x174.jpg 310w, https:\/\/www.jamsanopisto.fi\/wp-content\/uploads\/2024\/05\/DSC06723-1024x576.jpg 1024w, https:\/\/www.jamsanopisto.fi\/wp-content\/uploads\/2024\/05\/DSC06723-768x432.jpg 768w, https:\/\/www.jamsanopisto.fi\/wp-content\/uploads\/2024\/05\/DSC06723-1536x864.jpg 1536w, https:\/\/www.jamsanopisto.fi\/wp-content\/uploads\/2024\/05\/DSC06723-18x10.jpg 18w\" sizes=\"(max-width: 2000px) 100vw, 2000px\" \/><\/figure>\n<p><!-- \/wp:image --><!-- wp:image {\"id\":10869,\"sizeSlug\":\"full\",\"linkDestination\":\"none\"} --><\/p>\n<figure class=\"wp-block-image size-full\"><img loading=\"lazy\" decoding=\"async\" width=\"960\" height=\"741\" class=\"wp-image-10869\" src=\"https:\/\/www.jamsanopisto.fi\/wp-content\/uploads\/2024\/05\/opisto_ystavat_2.jpg\" alt=\"\" srcset=\"https:\/\/www.jamsanopisto.fi\/wp-content\/uploads\/2024\/05\/opisto_ystavat_2.jpg 960w, https:\/\/www.jamsanopisto.fi\/wp-content\/uploads\/2024\/05\/opisto_ystavat_2-310x239.jpg 310w, https:\/\/www.jamsanopisto.fi\/wp-content\/uploads\/2024\/05\/opisto_ystavat_2-768x593.jpg 768w, https:\/\/www.jamsanopisto.fi\/wp-content\/uploads\/2024\/05\/opisto_ystavat_2-16x12.jpg 16w\" sizes=\"(max-width: 960px) 100vw, 960px\" \/><\/figure>\n<p><!-- \/wp:image --><\/p><\/figure>\n<p><!-- \/wp:gallery --><!-- wp:gallery {\"linkTo\":\"none\"} --><\/p>\n<figure class=\"wp-block-gallery has-nested-images columns-default is-cropped\"><!-- wp:image {\"id\":10902,\"sizeSlug\":\"full\",\"linkDestination\":\"none\"} --><p><\/p>\n<figure class=\"wp-block-image size-full\"><img loading=\"lazy\" decoding=\"async\" width=\"1024\" height=\"768\" class=\"wp-image-10902\" src=\"https:\/\/www.jamsanopisto.fi\/wp-content\/uploads\/2024\/05\/ranta.jpg\" alt=\"\" srcset=\"https:\/\/www.jamsanopisto.fi\/wp-content\/uploads\/2024\/05\/ranta.jpg 1024w, https:\/\/www.jamsanopisto.fi\/wp-content\/uploads\/2024\/05\/ranta-310x233.jpg 310w, https:\/\/www.jamsanopisto.fi\/wp-content\/uploads\/2024\/05\/ranta-768x576.jpg 768w, https:\/\/www.jamsanopisto.fi\/wp-content\/uploads\/2024\/05\/ranta-16x12.jpg 16w\" sizes=\"(max-width: 1024px) 100vw, 1024px\" \/><\/figure>\n<p><!-- \/wp:image --><!-- wp:image {\"id\":10871,\"sizeSlug\":\"full\",\"linkDestination\":\"none\"} --><\/p>\n<figure class=\"wp-block-image size-full\"><img loading=\"lazy\" decoding=\"async\" width=\"960\" height=\"740\" class=\"wp-image-10871\" src=\"https:\/\/www.jamsanopisto.fi\/wp-content\/uploads\/2024\/05\/palamaki.jpg\" alt=\"\" srcset=\"https:\/\/www.jamsanopisto.fi\/wp-content\/uploads\/2024\/05\/palamaki.jpg 960w, https:\/\/www.jamsanopisto.fi\/wp-content\/uploads\/2024\/05\/palamaki-310x239.jpg 310w, https:\/\/www.jamsanopisto.fi\/wp-content\/uploads\/2024\/05\/palamaki-768x592.jpg 768w, https:\/\/www.jamsanopisto.fi\/wp-content\/uploads\/2024\/05\/palamaki-16x12.jpg 16w\" sizes=\"(max-width: 960px) 100vw, 960px\" \/><\/figure>\n<p><!-- \/wp:image --><\/p><\/figure>\n<p><!-- \/wp:gallery --><\/p>\t\t\t\t\t\t<\/div>\n\t\t\t\t<\/div>\n\t\t\t\t\t<\/div>\n\t\t<\/div>\n\t\t\t\t\t<\/div>\n\t\t<\/section>\n\t\t\t\t<\/div>","protected":false},"excerpt":{"rendered":"<p>Yst\u00e4vien tai suvun tapaaminen opistolla J\u00e4ms\u00e4n opisto tarjoaa loistavat puitteet onnistuneen tapaamisen j\u00e4rjest\u00e4miseksi. Tulkaa yhdess\u00e4 nauttimaan t\u00e4ysihoidosta ja Keski-Suomen upeasta luonnosta sek\u00e4 sen monista aktiviteeteista.&nbsp;Opisto sijaitsee keskeisell\u00e4 paikalla hyvien kulkuyhteyksien \u00e4\u00e4rell\u00e4, johon on helppo tulla kauempaakin. Majoitus t\u00e4ysihoidolla Hinta 143 e\/hl\u00f6\/ noin 2 vrk. Koollekutsuja\/vet\u00e4j\u00e4 saa tapahtuman ilmaiseksi. Hinta sis\u00e4lt\u00e4\u00e4: Yhteiseen tekemiseen paljon vaihtoehtoja Kaikenik\u00e4isille [&hellip;]<\/p>\n","protected":false},"author":14,"featured_media":0,"parent":0,"menu_order":0,"comment_status":"closed","ping_status":"closed","template":"","meta":{"footnotes":""},"class_list":["post-10861","page","type-page","status-publish","hentry"],"_links":{"self":[{"href":"https:\/\/www.jamsanopisto.fi\/en\/wp-json\/wp\/v2\/pages\/10861","targetHints":{"allow":["GET"]}}],"collection":[{"href":"https:\/\/www.jamsanopisto.fi\/en\/wp-json\/wp\/v2\/pages"}],"about":[{"href":"https:\/\/www.jamsanopisto.fi\/en\/wp-json\/wp\/v2\/types\/page"}],"author":[{"embeddable":true,"href":"https:\/\/www.jamsanopisto.fi\/en\/wp-json\/wp\/v2\/users\/14"}],"replies":[{"embeddable":true,"href":"https:\/\/www.jamsanopisto.fi\/en\/wp-json\/wp\/v2\/comments?post=10861"}],"version-history":[{"count":0,"href":"https:\/\/www.jamsanopisto.fi\/en\/wp-json\/wp\/v2\/pages\/10861\/revisions"}],"wp:attachment":[{"href":"https:\/\/www.jamsanopisto.fi\/en\/wp-json\/wp\/v2\/media?parent=10861"}],"curies":[{"name":"wp","href":"https:\/\/api.w.org\/{rel}","templated":true}]}}