{"id":10306,"date":"2023-08-01T13:36:32","date_gmt":"2023-08-01T10:36:32","guid":{"rendered":"https:\/\/www.jamsanopisto.fi\/?page_id=10306"},"modified":"2024-09-03T22:09:47","modified_gmt":"2024-09-03T19:09:47","slug":"elementor-10306","status":"publish","type":"page","link":"https:\/\/www.jamsanopisto.fi\/en\/opistovuosi-2\/elementor-10306\/","title":{"rendered":"Kasvatuksellisen ja pedagogisen toiminnan strategiset periaatteet"},"content":{"rendered":"<div data-elementor-type=\"wp-page\" data-elementor-id=\"10306\" class=\"elementor elementor-10306\" data-elementor-post-type=\"page\">\n\t\t\t\t\t\t<section class=\"elementor-section elementor-top-section elementor-element elementor-element-6b3c575 elementor-section-boxed elementor-section-height-default elementor-section-height-default\" data-id=\"6b3c575\" data-element_type=\"section\">\n\t\t\t\t\t\t<div class=\"elementor-container elementor-column-gap-default\">\n\t\t\t\t\t<div class=\"elementor-column elementor-col-100 elementor-top-column elementor-element elementor-element-ad0546b\" data-id=\"ad0546b\" data-element_type=\"column\">\n\t\t\t<div class=\"elementor-widget-wrap elementor-element-populated\">\n\t\t\t\t\t\t<div class=\"elementor-element elementor-element-f27f5f1 elementor-widget__width-initial elementor-widget elementor-widget-text-editor\" data-id=\"f27f5f1\" data-element_type=\"widget\" data-widget_type=\"text-editor.default\">\n\t\t\t\t<div class=\"elementor-widget-container\">\n\t\t\t<style>\/*! elementor - v3.23.0 - 05-08-2024 *\/\n.elementor-widget-text-editor.elementor-drop-cap-view-stacked .elementor-drop-cap{background-color:#69727d;color:#fff}.elementor-widget-text-editor.elementor-drop-cap-view-framed .elementor-drop-cap{color:#69727d;border:3px solid;background-color:transparent}.elementor-widget-text-editor:not(.elementor-drop-cap-view-default) .elementor-drop-cap{margin-top:8px}.elementor-widget-text-editor:not(.elementor-drop-cap-view-default) .elementor-drop-cap-letter{width:1em;height:1em}.elementor-widget-text-editor .elementor-drop-cap{float:left;text-align:center;line-height:1;font-size:50px}.elementor-widget-text-editor .elementor-drop-cap-letter{display:inline-block}<\/style>\t\t\t\t<p>\u00a0<\/p><ol style=\"margin-top: 0cm;\" start=\"1\" type=\"1\"><li style=\"text-align: justify; line-height: 107%; mso-list: l0 level1 lfo1;\"><p><span style=\"font-family: 'Arial',sans-serif; mso-fareast-font-family: Calibri; mso-font-kerning: 1.0pt;\"><strong>Kunnioitus <\/strong>Kristillisen\u00e4 kansanopistona kunnioitamme jokaista Jumalan luomana ja Kristuksen lunastamana ihmisen\u00e4 ja siksi henkil\u00f6kuntana kohtelemme opiskelijoita kunnioittaen ja tuemme heid\u00e4n uskonel\u00e4m\u00e4\u00e4ns\u00e4 puhumalla Kristuksen lunastusty\u00f6st\u00e4 ja tarjoamalla evankeliumia, syntien anteeksiantamusta, sek\u00e4 opettamalla Raamatun mukaisesti. Samalla rohkaisemme opiskelijoita toimimaan kaikessa toisia kunnioittaen, hoitamaan omaa uskonel\u00e4m\u00e4\u00e4ns\u00e4 ja tukemaan toistensa uskonel\u00e4m\u00e4\u00e4, niin ett\u00e4 hyv\u00e4 omatunto saisi ohjata heit\u00e4 oikeanlaiseen k\u00e4ytt\u00e4ytymiseen ja toimimiseen niin opistossa kuin muuallakin el\u00e4m\u00e4ss\u00e4.<\/span><\/p><\/li><\/ol><p>\u00a0<\/p><ol style=\"margin-top: 0cm;\" start=\"1\" type=\"1\"><li style=\"text-align: justify; line-height: 107%; mso-list: l0 level1 lfo1;\"><p><span style=\"font-family: 'Arial',sans-serif; mso-fareast-font-family: Calibri; mso-font-kerning: 1.0pt;\"><strong>Yhteis\u00f6llisyys <\/strong>Kansanopistona rakennamme vahvaa yhteis\u00f6llisyytt\u00e4, johon niin opiskelijat, huoltajat kuin henkil\u00f6kuntakin voi tuntea kuuluvansa ja osallistuvansa<\/span><span style=\"font-size: 11.0pt; line-height: 107%; font-family: 'Calibri',sans-serif; mso-fareast-font-family: Calibri; mso-bidi-font-family: Arial; mso-font-kerning: 1.0pt;\">. <\/span><span style=\"font-family: 'Arial',sans-serif; mso-fareast-font-family: Calibri; mso-font-kerning: 1.0pt;\">Edist\u00e4mme hyv\u00e4\u00e4 yhteisty\u00f6t\u00e4 ja avointa, rehellist\u00e4, rakentavaa, l\u00e4pin\u00e4kyv\u00e4\u00e4 ja paikkansa pit\u00e4viin argumentteihin nojaavaa vuorovaikutusta opiskelijoiden, huoltajien ja henkil\u00f6kunnan v\u00e4lill\u00e4 sek\u00e4 v\u00e4lt\u00e4mme kaikenlaista vastakkainasettelua. <\/span><\/p><\/li><\/ol><p style=\"margin-bottom: 8.0pt; text-align: justify; line-height: 107%;\"><span style=\"font-family: 'Arial',sans-serif; mso-fareast-font-family: Calibri; mso-font-kerning: 1.0pt;\">\u00a0<\/span><\/p><ol style=\"margin-top: 0cm;\" start=\"3\" type=\"1\"><li style=\"text-align: justify; line-height: 107%; mso-list: l0 level1 lfo1;\"><span style=\"font-family: 'Arial',sans-serif; mso-fareast-font-family: Calibri; mso-font-kerning: 1.0pt;\"><strong>Vastuullisuus <\/strong>P\u00e4\u00e4osin oppivelvollisuuskoulutusta tarjoavana oppilaitoksena ymm\u00e4rr\u00e4mme huoltajien ensisijaisen vastuun nuorensa koulunk\u00e4ynnin seuraamisesta ja pyrimme osaltamme luomaan positiivisen, osallistavan ja kest\u00e4v\u00e4ll\u00e4 tavalla toimivan oppimisymp\u00e4rist\u00f6n, jonka opiskelijat kokevat mielekk\u00e4\u00e4ksi ja jossa heille annetaan vastuuteht\u00e4vi\u00e4 ja jossa heit\u00e4 kannustetaan itsens\u00e4 ilmaisuun ja luovuuteen sek\u00e4 rohkaistaan antamaan positiivista palautetta ja kannustusta opiskelijoiden saavutuksista.<\/span> <span style=\"font-family: 'Arial',sans-serif; mso-fareast-font-family: Calibri; mso-font-kerning: 1.0pt;\">Korostamme pedagogiikassa ja kasvatuksessa opiskelijoiden vahvuuksien tunnistamista ja kehitt\u00e4mist\u00e4 sek\u00e4 pyrimme<\/span> <span style=\"font-family: 'Arial',sans-serif; mso-fareast-font-family: Calibri; mso-font-kerning: 1.0pt;\">mahdollistamaan unelmia ja vahvistamaan toivoa.<\/span><\/li><\/ol><p style=\"margin-bottom: 8.0pt; text-align: justify; line-height: 107%;\"><span style=\"font-family: 'Arial',sans-serif; mso-fareast-font-family: Calibri; mso-font-kerning: 1.0pt;\">\u00a0<\/span><\/p><ol style=\"margin-top: 0cm;\" start=\"4\" type=\"1\"><li style=\"text-align: justify; line-height: 107%; mso-list: l0 level1 lfo1;\"><span style=\"font-family: 'Arial',sans-serif; mso-fareast-font-family: Calibri; mso-font-kerning: 1.0pt;\"><strong>Lainmukaisuus <\/strong>Opetus- ja kulttuuriministeri\u00f6n my\u00f6nt\u00e4m\u00e4n yll\u00e4pit\u00e4misluvan perusteella toimivana ja valtionosuutta saavana vapaan sivistysty\u00f6n oppilaitoksena toimimme lain mukaisesti ja muutoinkin samojen periaatteiden mukaisesti kuin muutkin oppilaitokset. Kasvatamme my\u00f6s opiskelijoita lakien ja niiden perusteella annettujen s\u00e4\u00e4nt\u00f6jen ja ohjeiden sek\u00e4 tehtyjen sopimusten kunnioittamiseen niin, ett\u00e4 he ymm\u00e4rt\u00e4v\u00e4t yhteisten pelis\u00e4\u00e4nt\u00f6jen rajoineen olevan tarpeellisia yhteisel\u00e4m\u00e4n onnistumiseksi ja voivat kokea niiden olevan<\/span> <span style=\"font-family: 'Arial',sans-serif; mso-fareast-font-family: Calibri; mso-font-kerning: 1.0pt;\">tuki ja turva ja rakkautta, ja haluavat siksi luottaa niihin ja toimia niiden mukaan.<\/span><\/li><\/ol><p style=\"margin-bottom: 8.0pt; text-align: justify; line-height: 107%;\"><span style=\"font-family: 'Arial',sans-serif; mso-fareast-font-family: Calibri; mso-font-kerning: 1.0pt;\">\u00a0<\/span><\/p><ol style=\"margin-top: 0cm;\" start=\"5\" type=\"1\"><li style=\"text-align: justify; line-height: 107%; mso-list: l0 level1 lfo1;\"><span style=\"font-family: 'Arial',sans-serif; mso-fareast-font-family: Calibri; mso-font-kerning: 1.0pt;\"><strong>Ohjaaminen ja kannustaminen <\/strong>P\u00e4\u00e4osin alaik\u00e4isten opiskelijoiden sis\u00e4oppilaitoksena sitoudumme yhdess\u00e4 huoltajien kanssa opiskelijoiden k\u00e4ytt\u00e4ytymisen ohjaamiseen ja harjoittelemme yhdess\u00e4 opiskelijoiden kanssa toimintaohjeiden mukaista k\u00e4ytt\u00e4ytymist\u00e4. Kannustamme positiivisella palautteella ja yhteisill\u00e4 palkkioilla ja puutumme ei-toivottuun k\u00e4ytt\u00e4ytymiseen sovituilla selkeill\u00e4 tavoilla yhdess\u00e4 huoltajien kanssa.<\/span><\/li><\/ol><p style=\"margin-left: 36.0pt; mso-add-space: auto; line-height: 107%;\"><span style=\"font-family: 'Arial',sans-serif; mso-fareast-font-family: Calibri; mso-font-kerning: 1.0pt;\">\u00a0<\/span><\/p><ol style=\"margin-top: 0cm;\" start=\"6\" type=\"1\"><li style=\"text-align: justify; line-height: 107%; mso-list: l0 level1 lfo1;\"><span style=\"font-family: 'Arial',sans-serif; mso-fareast-font-family: Calibri; mso-font-kerning: 1.0pt;\"><strong>Luottamus <\/strong>Opistolla luomme luottamuksen ilmapiirin opiskelijoiden, huoltajien ja henkil\u00f6kunnan v\u00e4lille. Jokainen opiskelija on l\u00e4ht\u00f6kohtaisesti luottamuksen arvoinen ja kun opiskelija saa kokea arvostusta ja hyv\u00e4ksynt\u00e4\u00e4, haluaa h\u00e4n my\u00f6s itse olla saamansa luottamuksen arvoinen ja kantaa vastuunsa.<\/span><\/li><\/ol><p style=\"margin-left: 36.0pt; mso-add-space: auto; text-align: justify; line-height: 107%;\"><span style=\"font-family: 'Arial',sans-serif; mso-fareast-font-family: Calibri; mso-font-kerning: 1.0pt;\">\u00a0<\/span><\/p><ol style=\"margin-top: 0cm;\" start=\"7\" type=\"1\"><li style=\"text-align: justify; line-height: 107%; mso-list: l0 level1 lfo1;\"><span style=\"font-family: 'Arial',sans-serif; mso-fareast-font-family: Calibri; mso-font-kerning: 1.0pt;\"><strong>Armollisuus ja yhteiset pelis\u00e4\u00e4nn\u00f6t <\/strong>Opiston toiminnassa armollisuus n\u00e4kyy siin\u00e4, ett\u00e4 k\u00e4sittelemme opiskelijan ei-toivottua k\u00e4yt\u00f6st\u00e4 rakentavasti, annamme v\u00e4\u00e4r\u00e4t teot anteeksi ja annamme uuden mahdollisuuden. Armollisuus ei tarkoita seuraamuksista luopumista vaan sit\u00e4, ett\u00e4 k\u00e4sittelemme seuraamuksiakin rakentavasti ja tuemme opiskelijan kasvua oman vastuunsa kantamiseen ja yhteisten pelis\u00e4\u00e4nt\u00f6jen mukaan toimimisen ymm\u00e4rt\u00e4miseen.<\/span><\/li><\/ol><p style=\"margin-bottom: 8.0pt; text-align: justify; line-height: 107%;\"><span style=\"font-family: 'Arial',sans-serif; mso-fareast-font-family: Calibri; mso-font-kerning: 1.0pt;\">\u00a0<\/span><\/p><ol style=\"margin-top: 0cm;\" start=\"8\" type=\"1\"><li style=\"text-align: justify; line-height: 107%; mso-list: l0 level1 lfo1;\"><span style=\"font-family: 'Arial',sans-serif; mso-fareast-font-family: Calibri; mso-font-kerning: 1.0pt;\"><strong>Hyvinvointi ja itsetunto <\/strong>Opistossa jokainen opiston ty\u00f6ntekij\u00e4 tukee opiskelijoiden fyysist\u00e4, henkist\u00e4, hengellist\u00e4 ja sosiaalista hyvinvointia, tavoitteena nuoren terve itsetunto ja vahva min\u00e4pystyvyys. Kysymme, miten saisimme opiskelijan voimaan hyvin ja miten h\u00e4nell\u00e4 olisi hyv\u00e4 olla, ja teemme ty\u00f6t\u00e4 h\u00e4nen hyvinvointinsa eteen sek\u00e4 yhteis\u00f6llisen ja yksil\u00f6llisen opiskeluhuollon kautta, ett\u00e4 my\u00f6s muilla mahdollisilla tavoilla.<\/span><\/li><\/ol><p style=\"margin-left: 36.0pt; mso-add-space: auto; line-height: 107%;\"><span style=\"font-family: 'Arial',sans-serif; mso-fareast-font-family: Calibri; mso-font-kerning: 1.0pt;\">\u00a0<\/span><\/p><ol style=\"margin-top: 0cm;\" start=\"9\" type=\"1\"><li style=\"text-align: justify; line-height: 107%; mso-list: l0 level1 lfo1;\"><span style=\"font-family: 'Arial',sans-serif; mso-fareast-font-family: Calibri; mso-font-kerning: 1.0pt;\"><strong>Turvallisuus<\/strong> Opistona olemme opiskelijoillemme turvallinen, luotettava ja vakaa paikka opetella el\u00e4m\u00e4\u00e4, ottaa vastuuta ja kasvaa itsen\u00e4iseksi. Opistossa opiskelijan ei tarvitse kokea uhkailua tai pelkoa toisen opiskelijan, henkil\u00f6kunnan tai jonkun ulkopuolisen taholta, vaan opistossa voi turvallisessa ilmapiiriss\u00e4 oppia, miten toimia vaikeissa tilanteissa, miten ep\u00e4onnistua, miten ep\u00e4onnistumisiin suhtaudutaan ja miten niist\u00e4 voi oppia. <\/span><\/li><\/ol><p style=\"margin-left: 36.0pt; mso-add-space: auto; text-align: justify; line-height: 107%;\"><span style=\"font-family: 'Arial',sans-serif; mso-fareast-font-family: Calibri; mso-font-kerning: 1.0pt;\">\u00a0<\/span><\/p><ol style=\"margin-top: 0cm;\" start=\"10\" type=\"1\"><li style=\"text-align: justify; line-height: 107%; mso-list: l0 level1 lfo1;\"><span style=\"font-family: 'Arial',sans-serif; mso-fareast-font-family: Calibri; mso-font-kerning: 1.0pt;\"><strong>Tasa-arvoisuus ja yhdenvertaisuus <\/strong>Opiston kasvatusty\u00f6ss\u00e4 tasa-arvon ja yhdenvertaisuuden toteuttamisen painopisteit\u00e4 ovat yksil\u00f6n ihmisarvon kunnioittaminen, uskonnonvapauden yll\u00e4pit\u00e4minen ja etnisen alkuper\u00e4n kunnioittaminen. Jokainen opiskelija on tasa-arvoisessa ja yhdenvertaisessa asemassa opistossa sek\u00e4 toisiin opiskelijoihin ett\u00e4 henkil\u00f6kuntaan n\u00e4hden.\u00a0<\/span><\/li><\/ol>\t\t\t\t\t\t<\/div>\n\t\t\t\t<\/div>\n\t\t\t\t\t<\/div>\n\t\t<\/div>\n\t\t\t\t\t<\/div>\n\t\t<\/section>\n\t\t\t\t<\/div>","protected":false},"excerpt":{"rendered":"<p>\u00a0 Kunnioitus Kristillisen\u00e4 kansanopistona kunnioitamme jokaista Jumalan luomana ja Kristuksen lunastamana ihmisen\u00e4 ja siksi henkil\u00f6kuntana kohtelemme opiskelijoita kunnioittaen ja tuemme heid\u00e4n uskonel\u00e4m\u00e4\u00e4ns\u00e4 puhumalla Kristuksen lunastusty\u00f6st\u00e4 ja tarjoamalla evankeliumia, syntien anteeksiantamusta, sek\u00e4 opettamalla Raamatun mukaisesti. Samalla rohkaisemme opiskelijoita toimimaan kaikessa toisia kunnioittaen, hoitamaan omaa uskonel\u00e4m\u00e4\u00e4ns\u00e4 ja tukemaan toistensa uskonel\u00e4m\u00e4\u00e4, niin ett\u00e4 hyv\u00e4 omatunto saisi ohjata heit\u00e4 [&hellip;]<\/p>\n","protected":false},"author":2,"featured_media":0,"parent":8252,"menu_order":0,"comment_status":"closed","ping_status":"closed","template":"","meta":{"footnotes":""},"class_list":["post-10306","page","type-page","status-publish","hentry"],"_links":{"self":[{"href":"https:\/\/www.jamsanopisto.fi\/en\/wp-json\/wp\/v2\/pages\/10306","targetHints":{"allow":["GET"]}}],"collection":[{"href":"https:\/\/www.jamsanopisto.fi\/en\/wp-json\/wp\/v2\/pages"}],"about":[{"href":"https:\/\/www.jamsanopisto.fi\/en\/wp-json\/wp\/v2\/types\/page"}],"author":[{"embeddable":true,"href":"https:\/\/www.jamsanopisto.fi\/en\/wp-json\/wp\/v2\/users\/2"}],"replies":[{"embeddable":true,"href":"https:\/\/www.jamsanopisto.fi\/en\/wp-json\/wp\/v2\/comments?post=10306"}],"version-history":[{"count":0,"href":"https:\/\/www.jamsanopisto.fi\/en\/wp-json\/wp\/v2\/pages\/10306\/revisions"}],"up":[{"embeddable":true,"href":"https:\/\/www.jamsanopisto.fi\/en\/wp-json\/wp\/v2\/pages\/8252"}],"wp:attachment":[{"href":"https:\/\/www.jamsanopisto.fi\/en\/wp-json\/wp\/v2\/media?parent=10306"}],"curies":[{"name":"wp","href":"https:\/\/api.w.org\/{rel}","templated":true}]}}