{"id":1011,"date":"2014-01-01T13:09:44","date_gmt":"2014-01-01T11:09:44","guid":{"rendered":"http:\/\/beta.rkropisto.fi\/?page_id=1011"},"modified":"2026-03-06T12:13:34","modified_gmt":"2026-03-06T10:13:34","slug":"henkilosto","status":"publish","type":"page","link":"https:\/\/www.jamsanopisto.fi\/en\/jamsan-opisto\/henkilosto\/","title":{"rendered":"Henkil\u00f6st\u00f6"},"content":{"rendered":"<div data-elementor-type=\"wp-page\" data-elementor-id=\"1011\" class=\"elementor elementor-1011\" data-elementor-post-type=\"page\">\n\t\t\t\t\t\t<section class=\"elementor-section elementor-top-section elementor-element elementor-element-426cc2f9 elementor-section-boxed elementor-section-height-default elementor-section-height-default\" data-id=\"426cc2f9\" data-element_type=\"section\">\n\t\t\t\t\t\t<div class=\"elementor-container elementor-column-gap-default\">\n\t\t\t\t\t<div class=\"elementor-column elementor-col-100 elementor-top-column elementor-element elementor-element-1c15923b\" data-id=\"1c15923b\" data-element_type=\"column\">\n\t\t\t<div class=\"elementor-widget-wrap elementor-element-populated\">\n\t\t\t\t\t\t<div class=\"elementor-element elementor-element-376b27bb elementor-widget elementor-widget-text-editor\" data-id=\"376b27bb\" data-element_type=\"widget\" data-widget_type=\"text-editor.default\">\n\t\t\t\t<div class=\"elementor-widget-container\">\n\t\t\t<style>\/*! elementor - v3.23.0 - 05-08-2024 *\/\n.elementor-widget-text-editor.elementor-drop-cap-view-stacked .elementor-drop-cap{background-color:#69727d;color:#fff}.elementor-widget-text-editor.elementor-drop-cap-view-framed .elementor-drop-cap{color:#69727d;border:3px solid;background-color:transparent}.elementor-widget-text-editor:not(.elementor-drop-cap-view-default) .elementor-drop-cap{margin-top:8px}.elementor-widget-text-editor:not(.elementor-drop-cap-view-default) .elementor-drop-cap-letter{width:1em;height:1em}.elementor-widget-text-editor .elementor-drop-cap{float:left;text-align:center;line-height:1;font-size:50px}.elementor-widget-text-editor .elementor-drop-cap-letter{display:inline-block}<\/style>\t\t\t\t<p>Henkil\u00f6kunnan s\u00e4hk\u00f6postiosoitteet ovat muotoa etunimi.sukunimi@jamsanopisto.fi<\/p>\n<p><strong>Rehtori<\/strong><br>Jukka Palola<br>040 153 8011<\/p>\n<p><b>Perusoppijakso, J\u00e4ms\u00e4n opistokampus<br><\/b>Ilkka Majuri, pedagoginen rehtori<br>0400 808 244<\/p>\n<p><span style=\"font-weight: bold;\">Perusoppijakso, Maitoisten opistokampus<br><\/span>Eero Kukko, MuM, TM, pedagoginen rehtori<br>040 671 5542<\/p>\n<p><span style=\"font-weight: bolder;\">Talous ja kiinteist\u00f6t<\/span><br>Jari T\u00f6lli, talous- ja kiinteist\u00f6hallintop\u00e4\u00e4llikk\u00f6<br>0400 774 156<\/p>\n<p><span style=\"font-weight: bold;\"><span style=\"font-weight: bolder;\">Courses<\/span><\/span><br>Tuula Toivonen, lyhytkurssi- ja viestint\u00e4suunnittelija<br>040 197 5155<\/p>\n<p><strong>Keitti\u00f6, J\u00e4ms\u00e4n opistokampus<\/strong><br>Pirjo Taipale, ravitsemusty\u00f6n esimies<br>040 539 5635<\/p>\n<p><span style=\"font-weight: bolder;\">Keitti\u00f6 ja kiinteist\u00f6t, Maitoisten opistokampus<\/span><br><a href=\"https:\/\/srk.fi\/fi\/yhteystiedot\/leirikeskukset\/maitoinen\/\">https:\/\/srk.fi\/fi\/yhteystiedot\/leirikeskukset\/maitoinen\/<\/a><\/p>\n<p><strong>Opetushenkil\u00f6st\u00f6, J\u00e4ms\u00e4n opistokampus<br><\/strong>Heikkil\u00e4 Pietari, TtM, Sh (AMK), yritt\u00e4jyyden valmentaja<br>Heikkinen Minka, kieltenopettaja<br>Ik\u00e4valko Eeva-Kaisa, FM, viestinn\u00e4nopettaja<br>Jurmu Juha, muotoilija (AMK), teknisen ty\u00f6n opettaja<br>Korpi Sirkku, KM, MuM, musiikinopettaja<br>Kukko Kirsi, kanttori, nuoriso- ja yhteis\u00f6ohjaaja, sosionomi (AMK), opistokuraattori, musiikinopettaja<br>Laitinen Sanni, FM, \u00e4idinkielen ja viestinn\u00e4n opettaja<br>Luiro Hannes, FT, matematiikan ja luonnontieteiden opettaja<br>L\u00f6pp\u00f6nen Heidi, KM, FM, kieltenopettaja<br>P\u00e4rssinen P\u00e4ivikki, kotitalousteknikko, kotitalouden opettaja<br>Rovasalo Sanna, FM, kieltenopettaja, toimivapaalla<br>Romppanen Olli, KM, TaM, YTM, opinto-ohjaaja<br>Nenonen Inni, iltanuoriso-ohjaaja<br>Toljamo Paula, iltanuoriso-ohjaaja, toimivapaalla<\/p>\n<p><span style=\"font-weight: bolder;\">Opetushenkil\u00f6st\u00f6, Maitoisten opistokampus<br><\/span>Haukipuro Anni, KM, digitaalisen suunnittelun ja luovuuden opettaja<br>Jyrinki Benjam, KM, luonto- ja er\u00e4taitojen opettaja<br>Saulamaa Merja, KM, yritt\u00e4jyystaitojen ja palveluiden opettaja<br>Sivula Mari, KM, opinto-ohjaaja, kasvatus- ja ohjausalan opettaja<br>Jussila Harri, iltanuoriso-ohjaaja<\/p>\n<p><b>Toimihenkil\u00f6t<\/b><br>Arvola Taina, kurssi- ja toimistosihteeri<br>Hekkala Matti, kokki<br>Huttunen Hely, kokki<br>Kantola Tapio, IT-tukihenkil\u00f6<br>Kyll\u00f6nen Arja, kokki<br>Lahtinen Kirsi, siistij\u00e4<br>Lepist\u00f6 P\u00e4ivi, kokki<br>Ohralahti Varpu, kokki<br>Palola Virpi, hallinto- ja opintosihteeri<br>Simonen Eija, siistij\u00e4<br>Simonen Markku, kiinteist\u00f6nhoitaja<br>Typp\u00f6 Liisa, kokki, toimivapaalla<\/p>\n<p><strong>Opiskelijahuolto, J\u00e4ms\u00e4n opistokampus<\/strong><\/p>\n<p>Kuraattori Noora Minkkinen, p. 050 3125396, noora.minkkinen@hyvaks.fi<br>Terveydenhoitaja Suvi Vierula, p. 040 562 9085, suvi.vierula@hyvaks.fi<\/p>\n<p>Lis\u00e4ksi opiston sosionomina opiston sis\u00e4ll\u00e4 toimii Kirsi Kukko, p. 040 653 8501, kirsi.kukko@jamsanopisto.fi<\/p>\n<p><span style=\"font-weight: bolder;\">Opiskelijahuolto, Maitoisten opistokampus<\/span><\/p>\n<p>Kuraattori Petraliina Kaitainen<br>Psykologi Milla Wessman<br>Terveydenhoitaja Riikka Majuri<\/p>\t\t\t\t\t\t<\/div>\n\t\t\t\t<\/div>\n\t\t\t\t\t<\/div>\n\t\t<\/div>\n\t\t\t\t\t<\/div>\n\t\t<\/section>\n\t\t\t\t<\/div>","protected":false},"excerpt":{"rendered":"<p>Henkil\u00f6kunnan s\u00e4hk\u00f6postiosoitteet ovat muotoa etunimi.sukunimi@jamsanopisto.fi RehtoriJukka Palola040 153 8011 Perusoppijakso, J\u00e4ms\u00e4n opistokampusIlkka Majuri, pedagoginen rehtori0400 808 244 Perusoppijakso, Maitoisten opistokampusEero Kukko, MuM, TM, pedagoginen rehtori040 671 5542 Talous ja kiinteist\u00f6tJari T\u00f6lli, talous- ja kiinteist\u00f6hallintop\u00e4\u00e4llikk\u00f60400 774 156 LyhytkurssitTuula Toivonen, lyhytkurssi- ja viestint\u00e4suunnittelija040 197 5155 Keitti\u00f6, J\u00e4ms\u00e4n opistokampusPirjo Taipale, ravitsemusty\u00f6n esimies040 539 5635 Keitti\u00f6 ja kiinteist\u00f6t, Maitoisten [&hellip;]<\/p>\n","protected":false},"author":1,"featured_media":0,"parent":68,"menu_order":4,"comment_status":"closed","ping_status":"closed","template":"","meta":{"footnotes":""},"class_list":["post-1011","page","type-page","status-publish","hentry"],"_links":{"self":[{"href":"https:\/\/www.jamsanopisto.fi\/en\/wp-json\/wp\/v2\/pages\/1011","targetHints":{"allow":["GET"]}}],"collection":[{"href":"https:\/\/www.jamsanopisto.fi\/en\/wp-json\/wp\/v2\/pages"}],"about":[{"href":"https:\/\/www.jamsanopisto.fi\/en\/wp-json\/wp\/v2\/types\/page"}],"author":[{"embeddable":true,"href":"https:\/\/www.jamsanopisto.fi\/en\/wp-json\/wp\/v2\/users\/1"}],"replies":[{"embeddable":true,"href":"https:\/\/www.jamsanopisto.fi\/en\/wp-json\/wp\/v2\/comments?post=1011"}],"version-history":[{"count":0,"href":"https:\/\/www.jamsanopisto.fi\/en\/wp-json\/wp\/v2\/pages\/1011\/revisions"}],"up":[{"embeddable":true,"href":"https:\/\/www.jamsanopisto.fi\/en\/wp-json\/wp\/v2\/pages\/68"}],"wp:attachment":[{"href":"https:\/\/www.jamsanopisto.fi\/en\/wp-json\/wp\/v2\/media?parent=1011"}],"curies":[{"name":"wp","href":"https:\/\/api.w.org\/{rel}","templated":true}]}}